{"id":99316,"date":"2026-03-17T10:44:36","date_gmt":"2026-03-17T03:44:36","guid":{"rendered":"https:\/\/moroen.com\/de\/product\/trophy-room-x-air-jordan-air-1-retro-low-og-sp-rookie-cardhome"},"modified":"2026-03-17T10:44:36","modified_gmt":"2026-03-17T03:44:36","slug":"trophy-room-x-air-jordan-air-1-retro-low-og-sp-rookie-cardhome","status":"publish","type":"product","link":"https:\/\/moroen.com\/de\/produkt\/trophy-room-x-air-jordan-air-1-retro-low-og-sp-rookie-cardhome\/","title":{"rendered":"Trophy Room x Air Jordan Air 1 Retro Low OG SP &#8218;Rookie Card &#8211; Home&#8216;"},"content":{"rendered":"<p>Wir pr\u00e4sentieren den Trophy Room x Air Jordan Air 1 Retro Low OG SP \u201eRookie Card \u2013 Home\u201c, eine begehrte Kollaboration, die das legend\u00e4re Sammelkartenspiel feiert. Dieser exklusive Sneaker in den Farben der Chicago Bulls besticht durch ein hochwertiges Leder-Obermaterial, das ikonische Wings-Logo und ein einzigartiges \u201eRookie Card\u201c-Design auf der Einlegesohle. Inspiriert von der Nostalgie von Michael Jordans Rookie-Saison, vereint diese limitierte Edition Basketball-Tradition mit modernem Stil.<\/p>\n<ul>\n<li><strong>Farbgebung:<\/strong> Sail\/Sail-Varsity Red-Black<\/li>\n<li><strong>Style-Code:<\/strong> HV6157-100<\/li>\n<li><strong>Obermaterial:<\/strong> Leder<\/li>\n<li><strong>Mittelsohle:<\/strong> Air<\/li>\n<li><strong>Farbe:<\/strong> Rot<\/li>\n<li><strong>Designer:<\/strong> Peter Moore<\/li>\n<li><strong>Erscheinungsjahr:<\/strong> 2024<\/li>\n<\/ul>\n","protected":false},"excerpt":{"rendered":"<p>Wir pr\u00e4sentieren den Trophy Room x Air Jordan Air 1 Retro Low OG SP \u201eRookie Card \u2013 Home\u201c, eine begehrte Kollaboration, die das legend\u00e4re Sammelkartenspiel feiert. Dieser exklusive Sneaker in den Farben der Chicago Bulls besticht durch ein hochwertiges Leder-Obermaterial, das ikonische Wings-Logo und ein einzigartiges \u201eRookie Card\u201c-Design auf der Einlegesohle. Inspiriert von der Nostalgie [&hellip;]<\/p>\n","protected":false},"featured_media":99317,"comment_status":"open","ping_status":"closed","template":"","meta":[],"product_brand":[],"product_cat":[10825,14865,10816,10780],"product_tag":[12555,10819,12545,12559,12560,12547],"class_list":{"0":"post-99316","1":"product","2":"type-product","3":"status-publish","4":"has-post-thumbnail","6":"product_cat-jordan","7":"product_cat-jordan-jordan-1-retro-low-og-sp-trophy-room-x-air","8":"product_cat-lifestyle-shoes-basketball-inspired","9":"product_cat-gender-men","10":"product_tag-geschenk-fa-r-ihn","11":"product_tag-jordan","12":"product_tag-lifestyle-freizeitschuhe","13":"product_tag-lifestyle-schuhe-basketball-inspiriert","14":"product_tag-retro-freizeitschuhe","15":"product_tag-trendangebote","16":"wcpa_has_options","18":"first","19":"instock","20":"taxable","21":"shipping-taxable","22":"purchasable","23":"product-type-simple"},"wcpa_form_fields":{"rules":{"pric_overide_base_price":false,"pric_overide_base_price_if_gt_zero":false,"pric_overide_base_price_fully":false,"pric_cal_option_once":false,"pric_use_as_fee":false,"bind_quantity":false,"quantity_bind_formula":false},"fields":[{"type":"color-group","required":true,"elementId":"wcpa-color-group-66c4a75505e74","label":"Gr\u00f6\u00dfe - EU Gr\u00f6\u00dfe","inline":true,"priceOptions":"different_for_all","pricingType":"fixed","className":"hassizechart product-shoes-size-eu product-shoes-size","name":"color-group-66c4a75505e89","disp_type":"square","selection_type":"tick-border","disp_size":"44","show_label_inside":true,"adjust_width":true,"cart_display_type":"text","other_text":"Other","cl_rule":"show","col":6,"values":[{"label":"35.5","value":"EU 35.5","price":"","pimage":"","pimage_id":"","pthumb":"","color":""},{"label":"36","value":"EU 36","price":"","pimage":"","pimage_id":"","pthumb":"","color":"","selected":true},{"label":"36.5","value":"EU 36.5","price":"","pimage":"","pimage_id":"","pthumb":"","color":""},{"label":"37.5","value":"EU 37.5","price":"","pimage":"","pimage_id":"","pthumb":"","color":""},{"label":"38","value":"EU 38","price":"","pimage":"","pimage_id":"","pthumb":"","color":""},{"label":"38.5","value":"EU 38.5","price":"","pimage":"","pimage_id":"","pthumb":"","color":""},{"label":"39","value":"EU 39","price":"","pimage":"","pimage_id":"","pthumb":"","color":""},{"label":"40","value":"EU 40","price":"","pimage":"","pimage_id":"","pthumb":"","color":""},{"label":"40.5","value":"EU 40.5","price":"","pimage":"","pimage_id":"","pthumb":"","color":""},{"label":"41","value":"EU 41","price":"","pimage":"","pimage_id":"","pthumb":"","color":""},{"label":"42","value":"EU 42","price":"","pimage":"","pimage_id":"","pthumb":"","color":""},{"label":"42.5","value":"EU 42.5","price":"","pimage":"","pimage_id":"","pthumb":"","color":""},{"label":"43","value":"EU 43","price":"","pimage":"","pimage_id":"","pthumb":"","color":""},{"label":"44","value":"EU 44","price":"","pimage":"","pimage_id":"","pthumb":"","color":""},{"label":"44.5","value":"EU 44.5","price":"","pimage":"","pimage_id":"","pthumb":"","color":""},{"label":"45","value":"EU 45","price":"","pimage":"","pimage_id":"","pthumb":"","color":""},{"label":"45.5","value":"EU 45.5","price":"","pimage":"","pimage_id":"","pthumb":"","color":""},{"label":"46","value":"EU 46","price":"","pimage":"","pimage_id":"","pthumb":"","color":""},{"label":"47","value":"EU 47","price":"","pimage":"","pimage_id":"","pthumb":"","color":""},{"label":"47.5","value":"EU 47.5","price":"","pimage":"","pimage_id":"","pthumb":"","color":""},{"label":"48","value":"EU 48","price":"","pimage":"","pimage_id":"","pthumb":"","color":""}],"relations":[{"operator":false,"rules":[]}],"form_id":18106,"form_rules":{"pric_cal_option_once":false,"exclude_from_discount":false,"pric_use_as_fee":false,"fee_label":"Fee","render_after_acb":false,"disp_hide_options_price":false}}]},"_links":{"self":[{"href":"https:\/\/moroen.com\/de\/wp-json\/wp\/v2\/product\/99316","targetHints":{"allow":["GET"]}}],"collection":[{"href":"https:\/\/moroen.com\/de\/wp-json\/wp\/v2\/product"}],"about":[{"href":"https:\/\/moroen.com\/de\/wp-json\/wp\/v2\/types\/product"}],"replies":[{"embeddable":true,"href":"https:\/\/moroen.com\/de\/wp-json\/wp\/v2\/comments?post=99316"}],"wp:featuredmedia":[{"embeddable":true,"href":"https:\/\/moroen.com\/de\/wp-json\/wp\/v2\/media\/99317"}],"wp:attachment":[{"href":"https:\/\/moroen.com\/de\/wp-json\/wp\/v2\/media?parent=99316"}],"wp:term":[{"taxonomy":"product_brand","embeddable":true,"href":"https:\/\/moroen.com\/de\/wp-json\/wp\/v2\/product_brand?post=99316"},{"taxonomy":"product_cat","embeddable":true,"href":"https:\/\/moroen.com\/de\/wp-json\/wp\/v2\/product_cat?post=99316"},{"taxonomy":"product_tag","embeddable":true,"href":"https:\/\/moroen.com\/de\/wp-json\/wp\/v2\/product_tag?post=99316"}],"curies":[{"name":"wp","href":"https:\/\/api.w.org\/{rel}","templated":true}]}}