{"id":99594,"date":"2026-03-17T10:44:45","date_gmt":"2026-03-17T03:44:45","guid":{"rendered":"https:\/\/moroen.com\/de\/product\/bode-x-nike-astro-grabber-sp-black-coconut-milk"},"modified":"2026-03-17T10:44:45","modified_gmt":"2026-03-17T03:44:45","slug":"bode-x-nike-astro-grabber-sp-black-coconut-milk","status":"publish","type":"product","link":"https:\/\/moroen.com\/de\/produkt\/bode-x-nike-astro-grabber-sp-black-coconut-milk\/","title":{"rendered":"Bode x Nike Astro Grabber SP &#8218;Black Coconut Milk&#8216;"},"content":{"rendered":"<p>Wir pr\u00e4sentieren den Bode x Nike Astro Grabber SP \u201eBlack Coconut Milk\u201c. Dieser Sneaker vereint Bodes unverkennbaren Retro-Stil mit Nikes innovativem Design. Das Obermaterial besteht aus geschmeidigem schwarzem Leder mit Akzenten in Kokosmilch-Optik, w\u00e4hrend die markante Sohle f\u00fcr Komfort und Style sorgt. Der Astro Grabber SP ist perfekt f\u00fcr alle, die mit ihren Schuhen ein Statement setzen wollen. Dieser vielseitige Sneaker l\u00e4sst sich sowohl elegant als auch l\u00e4ssig kombinieren und ist somit eine tolle Erg\u00e4nzung f\u00fcr jede Garderobe.<\/p>\n<p>Farbgebung: Schwarz\/Kokosmilch<\/p>\n<p>Artikelnummer: FJ9821-001<\/p>\n<p>Obermaterial: Leder<\/p>\n<p>Zoom Air<\/p>\n<p>Farbe: Schwarz\/Kokosmilch<\/p>\n","protected":false},"excerpt":{"rendered":"<p>Wir pr\u00e4sentieren den Bode x Nike Astro Grabber SP \u201eBlack Coconut Milk\u201c. Dieser Sneaker vereint Bodes unverkennbaren Retro-Stil mit Nikes innovativem Design. Das Obermaterial besteht aus geschmeidigem schwarzem Leder mit Akzenten in Kokosmilch-Optik, w\u00e4hrend die markante Sohle f\u00fcr Komfort und Style sorgt. Der Astro Grabber SP ist perfekt f\u00fcr alle, die mit ihren Schuhen ein [&hellip;]<\/p>\n","protected":false},"featured_media":99595,"comment_status":"open","ping_status":"closed","template":"","meta":[],"product_brand":[],"product_cat":[14896,10964,10780,10773],"product_tag":[12555,12545,12598,10762,12651],"class_list":{"0":"post-99594","1":"product","2":"type-product","3":"status-publish","4":"has-post-thumbnail","6":"product_cat-nike-astro-grabber","7":"product_cat-lifestyle-shoes-skateboarding-inspired","8":"product_cat-gender-men","9":"product_cat-nike","10":"product_tag-geschenk-fa-r-ihn","11":"product_tag-lifestyle-freizeitschuhe","12":"product_tag-lifestyle-schuhe-skateboarding-inspiriert","13":"product_tag-nike","14":"product_tag-skateboard-schuhe","15":"wcpa_has_options","17":"first","18":"instock","19":"taxable","20":"shipping-taxable","21":"purchasable","22":"product-type-simple"},"wcpa_form_fields":{"rules":{"pric_overide_base_price":false,"pric_overide_base_price_if_gt_zero":false,"pric_overide_base_price_fully":false,"pric_cal_option_once":false,"pric_use_as_fee":false,"bind_quantity":false,"quantity_bind_formula":false},"fields":[{"type":"color-group","required":true,"elementId":"wcpa-color-group-66c4a75505e74","label":"Gr\u00f6\u00dfe - EU Gr\u00f6\u00dfe","inline":true,"priceOptions":"different_for_all","pricingType":"fixed","className":"hassizechart product-shoes-size-eu product-shoes-size","name":"color-group-66c4a75505e89","disp_type":"square","selection_type":"tick-border","disp_size":"44","show_label_inside":true,"adjust_width":true,"cart_display_type":"text","other_text":"Other","cl_rule":"show","col":6,"values":[{"label":"35.5","value":"EU 35.5","price":"","pimage":"","pimage_id":"","pthumb":"","color":""},{"label":"36","value":"EU 36","price":"","pimage":"","pimage_id":"","pthumb":"","color":"","selected":true},{"label":"36.5","value":"EU 36.5","price":"","pimage":"","pimage_id":"","pthumb":"","color":""},{"label":"37.5","value":"EU 37.5","price":"","pimage":"","pimage_id":"","pthumb":"","color":""},{"label":"38","value":"EU 38","price":"","pimage":"","pimage_id":"","pthumb":"","color":""},{"label":"38.5","value":"EU 38.5","price":"","pimage":"","pimage_id":"","pthumb":"","color":""},{"label":"39","value":"EU 39","price":"","pimage":"","pimage_id":"","pthumb":"","color":""},{"label":"40","value":"EU 40","price":"","pimage":"","pimage_id":"","pthumb":"","color":""},{"label":"40.5","value":"EU 40.5","price":"","pimage":"","pimage_id":"","pthumb":"","color":""},{"label":"41","value":"EU 41","price":"","pimage":"","pimage_id":"","pthumb":"","color":""},{"label":"42","value":"EU 42","price":"","pimage":"","pimage_id":"","pthumb":"","color":""},{"label":"42.5","value":"EU 42.5","price":"","pimage":"","pimage_id":"","pthumb":"","color":""},{"label":"43","value":"EU 43","price":"","pimage":"","pimage_id":"","pthumb":"","color":""},{"label":"44","value":"EU 44","price":"","pimage":"","pimage_id":"","pthumb":"","color":""},{"label":"44.5","value":"EU 44.5","price":"","pimage":"","pimage_id":"","pthumb":"","color":""},{"label":"45","value":"EU 45","price":"","pimage":"","pimage_id":"","pthumb":"","color":""},{"label":"45.5","value":"EU 45.5","price":"","pimage":"","pimage_id":"","pthumb":"","color":""},{"label":"46","value":"EU 46","price":"","pimage":"","pimage_id":"","pthumb":"","color":""},{"label":"47","value":"EU 47","price":"","pimage":"","pimage_id":"","pthumb":"","color":""},{"label":"47.5","value":"EU 47.5","price":"","pimage":"","pimage_id":"","pthumb":"","color":""},{"label":"48","value":"EU 48","price":"","pimage":"","pimage_id":"","pthumb":"","color":""}],"relations":[{"operator":false,"rules":[]}],"form_id":18106,"form_rules":{"pric_cal_option_once":false,"exclude_from_discount":false,"pric_use_as_fee":false,"fee_label":"Fee","render_after_acb":false,"disp_hide_options_price":false}}]},"_links":{"self":[{"href":"https:\/\/moroen.com\/de\/wp-json\/wp\/v2\/product\/99594","targetHints":{"allow":["GET"]}}],"collection":[{"href":"https:\/\/moroen.com\/de\/wp-json\/wp\/v2\/product"}],"about":[{"href":"https:\/\/moroen.com\/de\/wp-json\/wp\/v2\/types\/product"}],"replies":[{"embeddable":true,"href":"https:\/\/moroen.com\/de\/wp-json\/wp\/v2\/comments?post=99594"}],"wp:featuredmedia":[{"embeddable":true,"href":"https:\/\/moroen.com\/de\/wp-json\/wp\/v2\/media\/99595"}],"wp:attachment":[{"href":"https:\/\/moroen.com\/de\/wp-json\/wp\/v2\/media?parent=99594"}],"wp:term":[{"taxonomy":"product_brand","embeddable":true,"href":"https:\/\/moroen.com\/de\/wp-json\/wp\/v2\/product_brand?post=99594"},{"taxonomy":"product_cat","embeddable":true,"href":"https:\/\/moroen.com\/de\/wp-json\/wp\/v2\/product_cat?post=99594"},{"taxonomy":"product_tag","embeddable":true,"href":"https:\/\/moroen.com\/de\/wp-json\/wp\/v2\/product_tag?post=99594"}],"curies":[{"name":"wp","href":"https:\/\/api.w.org\/{rel}","templated":true}]}}