{"id":99901,"date":"2026-03-17T10:44:54","date_gmt":"2026-03-17T03:44:54","guid":{"rendered":"https:\/\/moroen.com\/de\/product\/custom-shoes-nike-travis-scott-x-dunk-low-retro-blue-paisley-patchwork"},"modified":"2026-03-17T10:44:54","modified_gmt":"2026-03-17T03:44:54","slug":"custom-shoes-nike-travis-scott-x-dunk-low-retro-blue-paisley-patchwork","status":"publish","type":"product","link":"https:\/\/moroen.com\/de\/produkt\/custom-shoes-nike-travis-scott-x-dunk-low-retro-blue-paisley-patchwork\/","title":{"rendered":"[Custom Shoes] Nike Travis Scott x Dunk Low Retro &#8218;Blue Paisley Patchwork&#8216;"},"content":{"rendered":"<p>Mit den Nike Travis Scott x Dunk Low Retro \u201eBlue Paisley Patchwork\u201c verleihst du deinem Sneaker-Style das gewisse Etwas. Diese Sneaker vereinen Travis Scotts einzigartigen Stil mit der legend\u00e4ren Nike-Handwerkskunst und bestechen durch aufwendige blaue Paisley-Muster und ein Patchwork-Design, das einen markanten und gleichzeitig eleganten Look kreiert. Die bequeme und stylische Low-Top-Silhouette passt zu jedem Outfit. Gefertigt aus hochwertigen Materialien, bieten diese Custom-Sneaker Langlebigkeit und Komfort. Hebe dich von der Masse ab mit einem Paar, das Innovation und zukunftsweisendes Design perfekt verk\u00f6rpert.<\/p>\n<ul>\n<li><strong>Style Code:<\/strong> DV0833-100 (TeamT-\u8170\u679c\u82b1\u84dd\u7d2b\u767dS-BOX)<\/li>\n<li><strong>Color:<\/strong> Blue<\/li>\n<\/ul>\n","protected":false},"excerpt":{"rendered":"<p>Mit den Nike Travis Scott x Dunk Low Retro \u201eBlue Paisley Patchwork\u201c verleihst du deinem Sneaker-Style das gewisse Etwas. Diese Sneaker vereinen Travis Scotts einzigartigen Stil mit der legend\u00e4ren Nike-Handwerkskunst und bestechen durch aufwendige blaue Paisley-Muster und ein Patchwork-Design, das einen markanten und gleichzeitig eleganten Look kreiert. Die bequeme und stylische Low-Top-Silhouette passt zu jedem [&hellip;]<\/p>\n","protected":false},"featured_media":99902,"comment_status":"open","ping_status":"closed","template":"","meta":[],"product_brand":[],"product_cat":[10964,10780,10773,14932],"product_tag":[12579,12578,12555,12545,12598,13652,10762,12563,12827,12826],"class_list":{"0":"post-99901","1":"product","2":"type-product","3":"status-publish","4":"has-post-thumbnail","6":"product_cat-lifestyle-shoes-skateboarding-inspired","7":"product_cat-gender-men","8":"product_cat-nike","9":"product_cat-nike-travis-scott-x-dunk-low-retro","10":"product_tag-basketballschuhe","11":"product_tag-basketballschuhe-mit-kna-cheluntersta-tzung","12":"product_tag-geschenk-fa-r-ihn","13":"product_tag-lifestyle-freizeitschuhe","14":"product_tag-lifestyle-schuhe-skateboarding-inspiriert","15":"product_tag-maaygeschneiderte-schuhe","16":"product_tag-nike","17":"product_tag-performance-sportschuhe","18":"product_tag-travis-scott-schuhe","19":"product_tag-travis-scott-sammlung","20":"wcpa_has_options","22":"first","23":"instock","24":"taxable","25":"shipping-taxable","26":"purchasable","27":"product-type-simple"},"wcpa_form_fields":{"rules":{"pric_overide_base_price":false,"pric_overide_base_price_if_gt_zero":false,"pric_overide_base_price_fully":false,"pric_cal_option_once":false,"pric_use_as_fee":false,"bind_quantity":false,"quantity_bind_formula":false},"fields":[{"type":"color-group","required":true,"elementId":"wcpa-color-group-66c4a75505e74","label":"Gr\u00f6\u00dfe - EU Gr\u00f6\u00dfe","inline":true,"priceOptions":"different_for_all","pricingType":"fixed","className":"hassizechart product-shoes-size-eu product-shoes-size","name":"color-group-66c4a75505e89","disp_type":"square","selection_type":"tick-border","disp_size":"44","show_label_inside":true,"adjust_width":true,"cart_display_type":"text","other_text":"Other","cl_rule":"show","col":6,"values":[{"label":"35.5","value":"EU 35.5","price":"","pimage":"","pimage_id":"","pthumb":"","color":""},{"label":"36","value":"EU 36","price":"","pimage":"","pimage_id":"","pthumb":"","color":"","selected":true},{"label":"36.5","value":"EU 36.5","price":"","pimage":"","pimage_id":"","pthumb":"","color":""},{"label":"37.5","value":"EU 37.5","price":"","pimage":"","pimage_id":"","pthumb":"","color":""},{"label":"38","value":"EU 38","price":"","pimage":"","pimage_id":"","pthumb":"","color":""},{"label":"38.5","value":"EU 38.5","price":"","pimage":"","pimage_id":"","pthumb":"","color":""},{"label":"39","value":"EU 39","price":"","pimage":"","pimage_id":"","pthumb":"","color":""},{"label":"40","value":"EU 40","price":"","pimage":"","pimage_id":"","pthumb":"","color":""},{"label":"40.5","value":"EU 40.5","price":"","pimage":"","pimage_id":"","pthumb":"","color":""},{"label":"41","value":"EU 41","price":"","pimage":"","pimage_id":"","pthumb":"","color":""},{"label":"42","value":"EU 42","price":"","pimage":"","pimage_id":"","pthumb":"","color":""},{"label":"42.5","value":"EU 42.5","price":"","pimage":"","pimage_id":"","pthumb":"","color":""},{"label":"43","value":"EU 43","price":"","pimage":"","pimage_id":"","pthumb":"","color":""},{"label":"44","value":"EU 44","price":"","pimage":"","pimage_id":"","pthumb":"","color":""},{"label":"44.5","value":"EU 44.5","price":"","pimage":"","pimage_id":"","pthumb":"","color":""},{"label":"45","value":"EU 45","price":"","pimage":"","pimage_id":"","pthumb":"","color":""},{"label":"45.5","value":"EU 45.5","price":"","pimage":"","pimage_id":"","pthumb":"","color":""},{"label":"46","value":"EU 46","price":"","pimage":"","pimage_id":"","pthumb":"","color":""},{"label":"47","value":"EU 47","price":"","pimage":"","pimage_id":"","pthumb":"","color":""},{"label":"47.5","value":"EU 47.5","price":"","pimage":"","pimage_id":"","pthumb":"","color":""},{"label":"48","value":"EU 48","price":"","pimage":"","pimage_id":"","pthumb":"","color":""}],"relations":[{"operator":false,"rules":[]}],"form_id":18106,"form_rules":{"pric_cal_option_once":false,"exclude_from_discount":false,"pric_use_as_fee":false,"fee_label":"Fee","render_after_acb":false,"disp_hide_options_price":false}}]},"_links":{"self":[{"href":"https:\/\/moroen.com\/de\/wp-json\/wp\/v2\/product\/99901","targetHints":{"allow":["GET"]}}],"collection":[{"href":"https:\/\/moroen.com\/de\/wp-json\/wp\/v2\/product"}],"about":[{"href":"https:\/\/moroen.com\/de\/wp-json\/wp\/v2\/types\/product"}],"replies":[{"embeddable":true,"href":"https:\/\/moroen.com\/de\/wp-json\/wp\/v2\/comments?post=99901"}],"wp:featuredmedia":[{"embeddable":true,"href":"https:\/\/moroen.com\/de\/wp-json\/wp\/v2\/media\/99902"}],"wp:attachment":[{"href":"https:\/\/moroen.com\/de\/wp-json\/wp\/v2\/media?parent=99901"}],"wp:term":[{"taxonomy":"product_brand","embeddable":true,"href":"https:\/\/moroen.com\/de\/wp-json\/wp\/v2\/product_brand?post=99901"},{"taxonomy":"product_cat","embeddable":true,"href":"https:\/\/moroen.com\/de\/wp-json\/wp\/v2\/product_cat?post=99901"},{"taxonomy":"product_tag","embeddable":true,"href":"https:\/\/moroen.com\/de\/wp-json\/wp\/v2\/product_tag?post=99901"}],"curies":[{"name":"wp","href":"https:\/\/api.w.org\/{rel}","templated":true}]}}