{"id":384833,"date":"2026-04-20T22:32:11","date_gmt":"2026-04-20T15:32:11","guid":{"rendered":"https:\/\/moroen.com\/es\/?p=384833"},"modified":"2026-04-20T22:32:11","modified_gmt":"2026-04-20T15:32:11","slug":"new-balance-2002r-marblehead-m2002rcs","status":"publish","type":"product","link":"https:\/\/moroen.com\/es\/produkt\/new-balance-2002r-marblehead-m2002rcs\/","title":{"rendered":"New Balance 2002R &#8216;Marblehead&#8217; M2002RCS"},"content":{"rendered":"<p>Disfrute del ic\u00f3nico New Balance 2002R &#8216;Marblehead&#8217; M2002RCS, una fusi\u00f3n de dise\u00f1o cl\u00e1sico e innovaci\u00f3n moderna. Confeccionado con gamuza y malla de primera calidad, cuenta con una llamativa combinaci\u00f3n de colores gris y blanco inspirada en la pintoresca ciudad de Nueva Inglaterra. Sus exclusivas tecnolog\u00edas de amortiguaci\u00f3n N-ergy y ABZORB brindan comodidad y soporte incomparables. Experimente el atractivo atemporal y la calidad inigualable de esta zapatilla legendaria que eleva su estilo y realza cada zancada.<\/p>\n<ul>\n<li><strong>Combinaci\u00f3n de colores:<\/strong> Grey\/Yellow<\/li>\n<li><strong>C\u00f3digo de estilo:<\/strong> M2002RCS<\/li>\n<li><strong>Parte superior:<\/strong> Suede<\/li>\n<li><strong>Entresuela:<\/strong> NERGY<\/li>\n<li><strong>Color:<\/strong> Grey<\/li>\n<li><strong>A\u00f1o de lanzamiento:<\/strong> 2024<\/li>\n<\/ul>\n","protected":false},"excerpt":{"rendered":"<p>Disfrute del ic\u00f3nico New Balance 2002R &#8216;Marblehead&#8217; M2002RCS, una fusi\u00f3n de dise\u00f1o cl\u00e1sico e innovaci\u00f3n moderna. Confeccionado con gamuza y malla de primera calidad, cuenta con una llamativa combinaci\u00f3n de colores gris y blanco inspirada en la pintoresca ciudad de Nueva Inglaterra. Sus exclusivas tecnolog\u00edas de amortiguaci\u00f3n N-ergy y ABZORB brindan comodidad y soporte incomparables. [&hellip;]<\/p>\n","protected":false},"featured_media":385048,"comment_status":"closed","ping_status":"closed","template":"","meta":[],"product_brand":[],"product_cat":[10774],"product_tag":[10750,10752,10756,10758,10760,22691,22659,22689,10763,10768],"class_list":{"0":"post-384833","1":"product","2":"type-product","3":"status-publish","4":"has-post-thumbnail","6":"product_cat-new-balance","7":"product_tag-athleisure-shoes","8":"product_tag-best-finds-under-100","9":"product_tag-lifestyle-casual-shoes","10":"product_tag-lifestyle-shoes-running-inspired","11":"product_tag-new-balance","12":"product_tag-ofertas-en-tendencia","13":"product_tag-abaixo-do-preco-de-varejo","14":"product_tag-regalo-para-el","15":"product_tag-retro-running-shoes","16":"product_tag-trending-deals-under-150","18":"first","19":"instock","20":"taxable","21":"shipping-taxable","22":"purchasable","23":"product-type-simple"},"wcpa_form_fields":null,"_links":{"self":[{"href":"https:\/\/moroen.com\/es\/wp-json\/wp\/v2\/product\/384833","targetHints":{"allow":["GET"]}}],"collection":[{"href":"https:\/\/moroen.com\/es\/wp-json\/wp\/v2\/product"}],"about":[{"href":"https:\/\/moroen.com\/es\/wp-json\/wp\/v2\/types\/product"}],"replies":[{"embeddable":true,"href":"https:\/\/moroen.com\/es\/wp-json\/wp\/v2\/comments?post=384833"}],"wp:featuredmedia":[{"embeddable":true,"href":"https:\/\/moroen.com\/es\/wp-json\/wp\/v2\/media\/385048"}],"wp:attachment":[{"href":"https:\/\/moroen.com\/es\/wp-json\/wp\/v2\/media?parent=384833"}],"wp:term":[{"taxonomy":"product_brand","embeddable":true,"href":"https:\/\/moroen.com\/es\/wp-json\/wp\/v2\/product_brand?post=384833"},{"taxonomy":"product_cat","embeddable":true,"href":"https:\/\/moroen.com\/es\/wp-json\/wp\/v2\/product_cat?post=384833"},{"taxonomy":"product_tag","embeddable":true,"href":"https:\/\/moroen.com\/es\/wp-json\/wp\/v2\/product_tag?post=384833"}],"curies":[{"name":"wp","href":"https:\/\/api.w.org\/{rel}","templated":true}]}}