{"id":392805,"date":"2026-04-20T22:32:11","date_gmt":"2026-04-20T15:32:11","guid":{"rendered":"https:\/\/moroen.com\/es\/?p=392805"},"modified":"2026-04-20T22:32:11","modified_gmt":"2026-04-20T15:32:11","slug":"mujeres-ugg-classic-mini-dipper-negro-1168170-blk","status":"publish","type":"product","link":"https:\/\/moroen.com\/es\/produkt\/mujeres-ugg-classic-mini-dipper-negro-1168170-blk\/","title":{"rendered":"(Mujeres) UGG Classic Mini Dipper &#8216;Negro&#8217; 1168170-BLK"},"content":{"rendered":"<p>Experimente la m\u00e1xima comodidad y estilo con el UGG Classic Mini Dipper &#8216;Black&#8217; 1168170-BLK, con ante de primera calidad, un acogedor forro de piel de oveja y una silueta vers\u00e1til a la altura del tobillo perfecta para cualquier ocasi\u00f3n.<\/p>\n<ul>\n<li><strong>Combinaci\u00f3n de colores:<\/strong> Black<\/li>\n<li><strong>C\u00f3digo de estilo:<\/strong> 1168170-BLK<\/li>\n<li><strong>Parte superior:<\/strong> Suede<\/li>\n<li><strong>Color:<\/strong> Black<\/li>\n<li><strong>Temporada:<\/strong> Summer<\/li>\n<li><strong>A\u00f1o de lanzamiento:<\/strong> 2024<\/li>\n<\/ul>\n","protected":false},"excerpt":{"rendered":"<p>Experimente la m\u00e1xima comodidad y estilo con el UGG Classic Mini Dipper &#8216;Black&#8217; 1168170-BLK, con ante de primera calidad, un acogedor forro de piel de oveja y una silueta vers\u00e1til a la altura del tobillo perfecta para cualquier ocasi\u00f3n. Combinaci\u00f3n de colores: Black C\u00f3digo de estilo: 1168170-BLK Parte superior: Suede Color: Black Temporada: Summer A\u00f1o [&hellip;]<\/p>\n","protected":false},"featured_media":392956,"comment_status":"closed","ping_status":"closed","template":"","meta":[],"product_brand":[],"product_cat":[15009],"product_tag":[15096,11358,11463,10756,22659,15097],"class_list":{"0":"post-392805","1":"product","2":"type-product","3":"status-publish","4":"has-post-thumbnail","6":"product_cat-ugg","7":"product_tag-boots-shearling-boots","8":"product_tag-gallery-look","9":"product_tag-lifestyle-boots","10":"product_tag-lifestyle-casual-shoes","11":"product_tag-abaixo-do-preco-de-varejo","12":"product_tag-ugg","14":"first","15":"instock","16":"taxable","17":"shipping-taxable","18":"purchasable","19":"product-type-simple"},"wcpa_form_fields":null,"_links":{"self":[{"href":"https:\/\/moroen.com\/es\/wp-json\/wp\/v2\/product\/392805","targetHints":{"allow":["GET"]}}],"collection":[{"href":"https:\/\/moroen.com\/es\/wp-json\/wp\/v2\/product"}],"about":[{"href":"https:\/\/moroen.com\/es\/wp-json\/wp\/v2\/types\/product"}],"replies":[{"embeddable":true,"href":"https:\/\/moroen.com\/es\/wp-json\/wp\/v2\/comments?post=392805"}],"wp:featuredmedia":[{"embeddable":true,"href":"https:\/\/moroen.com\/es\/wp-json\/wp\/v2\/media\/392956"}],"wp:attachment":[{"href":"https:\/\/moroen.com\/es\/wp-json\/wp\/v2\/media?parent=392805"}],"wp:term":[{"taxonomy":"product_brand","embeddable":true,"href":"https:\/\/moroen.com\/es\/wp-json\/wp\/v2\/product_brand?post=392805"},{"taxonomy":"product_cat","embeddable":true,"href":"https:\/\/moroen.com\/es\/wp-json\/wp\/v2\/product_cat?post=392805"},{"taxonomy":"product_tag","embeddable":true,"href":"https:\/\/moroen.com\/es\/wp-json\/wp\/v2\/product_tag?post=392805"}],"curies":[{"name":"wp","href":"https:\/\/api.w.org\/{rel}","templated":true}]}}