{"id":394508,"date":"2026-04-20T22:32:11","date_gmt":"2026-04-20T15:32:11","guid":{"rendered":"https:\/\/moroen.com\/es\/?p=394508"},"modified":"2026-04-20T22:32:11","modified_gmt":"2026-04-20T15:32:11","slug":"zapatilla-ugg-tasman-negra-5950-blk","status":"publish","type":"product","link":"https:\/\/moroen.com\/es\/produkt\/zapatilla-ugg-tasman-negra-5950-blk\/","title":{"rendered":"Zapatilla UGG Tasman Negra 5950-BLK"},"content":{"rendered":"<p>La zapatilla UGG Tasman en negro (5950-BLK) es una zapatilla c\u00f3moda y elegante que es perfecta para el uso diario. Confeccionadas con materiales de alta calidad, estas pantuflas presentan un color negro que combinar\u00e1 f\u00e1cilmente con cualquier atuendo. Con un dise\u00f1o sin cordones y la marca UGG, estas zapatillas ofrecen comodidad y estilo. Perfectas para descansar en casa o hacer recados r\u00e1pidos, las UGG Tasman Slipper son una incorporaci\u00f3n imprescindible a la colecci\u00f3n de zapatillas de cualquier persona.<\/p>\n<ul>\n<li><strong>Combinaci\u00f3n de colores:<\/strong> Black<\/li>\n<li><strong>C\u00f3digo de estilo:<\/strong> 5950-BLK<\/li>\n<li><strong>Parte superior:<\/strong> Suede<\/li>\n<li><strong>Color:<\/strong> Black<\/li>\n<li><strong>Temporada:<\/strong> Autumn\/Winter<\/li>\n<li><strong>A\u00f1o de lanzamiento:<\/strong> 2020<\/li>\n<\/ul>\n","protected":false},"excerpt":{"rendered":"<p>La zapatilla UGG Tasman en negro (5950-BLK) es una zapatilla c\u00f3moda y elegante que es perfecta para el uso diario. Confeccionadas con materiales de alta calidad, estas pantuflas presentan un color negro que combinar\u00e1 f\u00e1cilmente con cualquier atuendo. Con un dise\u00f1o sin cordones y la marca UGG, estas zapatillas ofrecen comodidad y estilo. Perfectas para [&hellip;]<\/p>\n","protected":false},"featured_media":395184,"comment_status":"closed","ping_status":"closed","template":"","meta":[],"product_brand":[],"product_cat":[15009],"product_tag":[12310,15178,10756,22689,15180,15097,15181],"class_list":{"0":"post-394508","1":"product","2":"type-product","3":"status-publish","4":"has-post-thumbnail","6":"product_cat-ugg","7":"product_tag-best-seller","8":"product_tag-covered-toe-slippers","9":"product_tag-lifestyle-casual-shoes","10":"product_tag-regalo-para-el","11":"product_tag-slippers","12":"product_tag-ugg","13":"product_tag-ugg-collection","15":"first","16":"instock","17":"taxable","18":"shipping-taxable","19":"purchasable","20":"product-type-simple"},"wcpa_form_fields":null,"_links":{"self":[{"href":"https:\/\/moroen.com\/es\/wp-json\/wp\/v2\/product\/394508","targetHints":{"allow":["GET"]}}],"collection":[{"href":"https:\/\/moroen.com\/es\/wp-json\/wp\/v2\/product"}],"about":[{"href":"https:\/\/moroen.com\/es\/wp-json\/wp\/v2\/types\/product"}],"replies":[{"embeddable":true,"href":"https:\/\/moroen.com\/es\/wp-json\/wp\/v2\/comments?post=394508"}],"wp:featuredmedia":[{"embeddable":true,"href":"https:\/\/moroen.com\/es\/wp-json\/wp\/v2\/media\/395184"}],"wp:attachment":[{"href":"https:\/\/moroen.com\/es\/wp-json\/wp\/v2\/media?parent=394508"}],"wp:term":[{"taxonomy":"product_brand","embeddable":true,"href":"https:\/\/moroen.com\/es\/wp-json\/wp\/v2\/product_brand?post=394508"},{"taxonomy":"product_cat","embeddable":true,"href":"https:\/\/moroen.com\/es\/wp-json\/wp\/v2\/product_cat?post=394508"},{"taxonomy":"product_tag","embeddable":true,"href":"https:\/\/moroen.com\/es\/wp-json\/wp\/v2\/product_tag?post=394508"}],"curies":[{"name":"wp","href":"https:\/\/api.w.org\/{rel}","templated":true}]}}