{"id":443555,"date":"2026-04-20T22:32:11","date_gmt":"2026-04-20T15:32:11","guid":{"rendered":"https:\/\/moroen.com\/es\/?p=443555"},"modified":"2026-04-20T22:32:11","modified_gmt":"2026-04-20T15:32:11","slug":"salomon-acs-pro-nocturna-l47132400","status":"publish","type":"product","link":"https:\/\/moroen.com\/es\/produkt\/salomon-acs-pro-nocturna-l47132400\/","title":{"rendered":"Salomon ACS Pro &#8216;Nocturna&#8217; L47132400"},"content":{"rendered":"<p>Mejora tus aventuras al aire libre con el excepcional Salomon ACS Pro &#8216;Nightshade&#8217; L47132400. Dise\u00f1ado para brindar precisi\u00f3n y rendimiento, este reloj inteligente combina tecnolog\u00eda GPS avanzada con una variedad de funciones de seguimiento del estado f\u00edsico. Mant\u00e9ngase conectado con notificaciones inteligentes, controle su frecuencia card\u00edaca y realice un seguimiento de su progreso con facilidad. Su construcci\u00f3n robusta soporta condiciones duras, mientras que su dise\u00f1o elegante garantiza un ajuste c\u00f3modo. Experimenta la cima de la compa\u00f1\u00eda al aire libre con Salomon ACS Pro &#8216;Nightshade&#8217;.<\/p>\n<ul>\n<li><strong>Combinaci\u00f3n de colores:<\/strong> Nightshade\/Moonscape\/Ashes Of Roses<\/li>\n<li><strong>C\u00f3digo de estilo:<\/strong> L47132400<\/li>\n<li><strong>Parte superior:<\/strong> Mesh<\/li>\n<li><strong>Entresuela:<\/strong> EnergyCell<\/li>\n<li><strong>Color:<\/strong> Purple<\/li>\n<\/ul>\n","protected":false},"excerpt":{"rendered":"<p>Mejora tus aventuras al aire libre con el excepcional Salomon ACS Pro &#8216;Nightshade&#8217; L47132400. Dise\u00f1ado para brindar precisi\u00f3n y rendimiento, este reloj inteligente combina tecnolog\u00eda GPS avanzada con una variedad de funciones de seguimiento del estado f\u00edsico. Mant\u00e9ngase conectado con notificaciones inteligentes, controle su frecuencia card\u00edaca y realice un seguimiento de su progreso con facilidad. [&hellip;]<\/p>\n","protected":false},"featured_media":443975,"comment_status":"closed","ping_status":"closed","template":"","meta":[],"product_brand":[],"product_cat":[19669],"product_tag":[10750,10756,10758,22659,22689,19670],"class_list":{"0":"post-443555","1":"product","2":"type-product","3":"status-publish","4":"has-post-thumbnail","6":"product_cat-salomon","7":"product_tag-athleisure-shoes","8":"product_tag-lifestyle-casual-shoes","9":"product_tag-lifestyle-shoes-running-inspired","10":"product_tag-abaixo-do-preco-de-varejo","11":"product_tag-regalo-para-el","12":"product_tag-salomon","14":"first","15":"instock","16":"taxable","17":"shipping-taxable","18":"purchasable","19":"product-type-simple"},"wcpa_form_fields":null,"_links":{"self":[{"href":"https:\/\/moroen.com\/es\/wp-json\/wp\/v2\/product\/443555","targetHints":{"allow":["GET"]}}],"collection":[{"href":"https:\/\/moroen.com\/es\/wp-json\/wp\/v2\/product"}],"about":[{"href":"https:\/\/moroen.com\/es\/wp-json\/wp\/v2\/types\/product"}],"replies":[{"embeddable":true,"href":"https:\/\/moroen.com\/es\/wp-json\/wp\/v2\/comments?post=443555"}],"wp:featuredmedia":[{"embeddable":true,"href":"https:\/\/moroen.com\/es\/wp-json\/wp\/v2\/media\/443975"}],"wp:attachment":[{"href":"https:\/\/moroen.com\/es\/wp-json\/wp\/v2\/media?parent=443555"}],"wp:term":[{"taxonomy":"product_brand","embeddable":true,"href":"https:\/\/moroen.com\/es\/wp-json\/wp\/v2\/product_brand?post=443555"},{"taxonomy":"product_cat","embeddable":true,"href":"https:\/\/moroen.com\/es\/wp-json\/wp\/v2\/product_cat?post=443555"},{"taxonomy":"product_tag","embeddable":true,"href":"https:\/\/moroen.com\/es\/wp-json\/wp\/v2\/product_tag?post=443555"}],"curies":[{"name":"wp","href":"https:\/\/api.w.org\/{rel}","templated":true}]}}