{"id":444290,"date":"2026-04-20T22:32:11","date_gmt":"2026-04-20T15:32:11","guid":{"rendered":"https:\/\/moroen.com\/es\/?p=444290"},"modified":"2026-04-20T22:32:11","modified_gmt":"2026-04-20T15:32:11","slug":"fila-km-low-negro-f12m413105fbk","status":"publish","type":"product","link":"https:\/\/moroen.com\/es\/produkt\/fila-km-low-negro-f12m413105fbk\/","title":{"rendered":"FILA KM Low &#8216;Negro&#8217; F12M413105FBK"},"content":{"rendered":"<p>Eleva tu estilo urbano con las zapatillas FILA KM Low &#8216;Black&#8217; F12M413105FBK. Combinando un dise\u00f1o cl\u00e1sico con un estilo moderno, estos zapatos cuentan con una elegante parte superior negra, materiales duraderos y una c\u00f3moda suela acolchada perfecta para usar durante todo el d\u00eda. Ideal para salidas informales o aventuras urbanas, las FILA KM Low &#8216;Black&#8217; ofrecen moda y funcionalidad. Ya sea que se combinen con jeans o joggers, estas zapatillas vers\u00e1tiles son una adici\u00f3n imprescindible a cualquier guardarropa. Salga con confianza y<\/p>\n<ul>\n<li><strong>C\u00f3digo de estilo:<\/strong> F12M413105FBK<\/li>\n<li><strong>Color:<\/strong> Black<\/li>\n<\/ul>\n","protected":false},"excerpt":{"rendered":"<p>Eleva tu estilo urbano con las zapatillas FILA KM Low &#8216;Black&#8217; F12M413105FBK. Combinando un dise\u00f1o cl\u00e1sico con un estilo moderno, estos zapatos cuentan con una elegante parte superior negra, materiales duraderos y una c\u00f3moda suela acolchada perfecta para usar durante todo el d\u00eda. Ideal para salidas informales o aventuras urbanas, las FILA KM Low &#8216;Black&#8217; [&hellip;]<\/p>\n","protected":false},"featured_media":444483,"comment_status":"closed","ping_status":"closed","template":"","meta":[],"product_brand":[],"product_cat":[19709],"product_tag":[19710,10756,10758,22691,22659,22689,10763,10768],"class_list":{"0":"post-444290","1":"product","2":"type-product","3":"status-publish","4":"has-post-thumbnail","6":"product_cat-fila","7":"product_tag-fila","8":"product_tag-lifestyle-casual-shoes","9":"product_tag-lifestyle-shoes-running-inspired","10":"product_tag-ofertas-en-tendencia","11":"product_tag-abaixo-do-preco-de-varejo","12":"product_tag-regalo-para-el","13":"product_tag-retro-running-shoes","14":"product_tag-trending-deals-under-150","16":"first","17":"instock","18":"taxable","19":"shipping-taxable","20":"purchasable","21":"product-type-simple"},"wcpa_form_fields":null,"_links":{"self":[{"href":"https:\/\/moroen.com\/es\/wp-json\/wp\/v2\/product\/444290","targetHints":{"allow":["GET"]}}],"collection":[{"href":"https:\/\/moroen.com\/es\/wp-json\/wp\/v2\/product"}],"about":[{"href":"https:\/\/moroen.com\/es\/wp-json\/wp\/v2\/types\/product"}],"replies":[{"embeddable":true,"href":"https:\/\/moroen.com\/es\/wp-json\/wp\/v2\/comments?post=444290"}],"wp:featuredmedia":[{"embeddable":true,"href":"https:\/\/moroen.com\/es\/wp-json\/wp\/v2\/media\/444483"}],"wp:attachment":[{"href":"https:\/\/moroen.com\/es\/wp-json\/wp\/v2\/media?parent=444290"}],"wp:term":[{"taxonomy":"product_brand","embeddable":true,"href":"https:\/\/moroen.com\/es\/wp-json\/wp\/v2\/product_brand?post=444290"},{"taxonomy":"product_cat","embeddable":true,"href":"https:\/\/moroen.com\/es\/wp-json\/wp\/v2\/product_cat?post=444290"},{"taxonomy":"product_tag","embeddable":true,"href":"https:\/\/moroen.com\/es\/wp-json\/wp\/v2\/product_tag?post=444290"}],"curies":[{"name":"wp","href":"https:\/\/api.w.org\/{rel}","templated":true}]}}