{"id":444296,"date":"2026-04-20T22:32:11","date_gmt":"2026-04-20T15:32:11","guid":{"rendered":"https:\/\/moroen.com\/es\/?p=444296"},"modified":"2026-04-20T22:32:11","modified_gmt":"2026-04-20T15:32:11","slug":"salomon-acs-pro-advanced-vainilla-cafe-l47179900","status":"publish","type":"product","link":"https:\/\/moroen.com\/es\/produkt\/salomon-acs-pro-advanced-vainilla-cafe-l47179900\/","title":{"rendered":"Salomon ACS Pro Advanced Vainilla\/Caf\u00e9 L47179900"},"content":{"rendered":"<p>Mejora tu juego de zapatillas con las Salomon ACS Pro White Vanilla Ice. Confeccionadas con la combinaci\u00f3n perfecta de estilo y comodidad, estas zapatillas presentan un elegante dise\u00f1o blanco con sutiles toques de vainilla helada. Fabricadas por la reconocida marca Salomon, estas zapatillas est\u00e1n dise\u00f1adas para brindar un rendimiento y durabilidad \u00f3ptimos. Ya sea que est\u00e9s en la calle o en el gimnasio, estas zapatillas te har\u00e1n lucir y sentirte lo mejor posible.<\/p>\n<ul>\n<li><strong>Combinaci\u00f3n de colores:<\/strong> White\/Vanilla Ice\/Lunar Rock<\/li>\n<li><strong>C\u00f3digo de estilo:<\/strong> L47179900<\/li>\n<li><strong>Parte superior:<\/strong> Mesh<\/li>\n<li><strong>Entresuela:<\/strong> EnergyCell<\/li>\n<li><strong>A\u00f1o de lanzamiento:<\/strong> 2023<\/li>\n<\/ul>\n","protected":false},"excerpt":{"rendered":"<p>Mejora tu juego de zapatillas con las Salomon ACS Pro White Vanilla Ice. Confeccionadas con la combinaci\u00f3n perfecta de estilo y comodidad, estas zapatillas presentan un elegante dise\u00f1o blanco con sutiles toques de vainilla helada. Fabricadas por la reconocida marca Salomon, estas zapatillas est\u00e1n dise\u00f1adas para brindar un rendimiento y durabilidad \u00f3ptimos. Ya sea que [&hellip;]<\/p>\n","protected":false},"featured_media":444527,"comment_status":"closed","ping_status":"closed","template":"","meta":[],"product_brand":[],"product_cat":[19669],"product_tag":[22659,19670,10937,22677,22658],"class_list":{"0":"post-444296","1":"product","2":"type-product","3":"status-publish","4":"has-post-thumbnail","6":"product_cat-salomon","7":"product_tag-abaixo-do-preco-de-varejo","8":"product_tag-salomon","9":"product_tag-trail-running-shoes","10":"product_tag-zapatillas-de-running","11":"product_tag-zapatillas-deportivas-de-rendimiento","13":"first","14":"instock","15":"taxable","16":"shipping-taxable","17":"purchasable","18":"product-type-simple"},"wcpa_form_fields":null,"_links":{"self":[{"href":"https:\/\/moroen.com\/es\/wp-json\/wp\/v2\/product\/444296","targetHints":{"allow":["GET"]}}],"collection":[{"href":"https:\/\/moroen.com\/es\/wp-json\/wp\/v2\/product"}],"about":[{"href":"https:\/\/moroen.com\/es\/wp-json\/wp\/v2\/types\/product"}],"replies":[{"embeddable":true,"href":"https:\/\/moroen.com\/es\/wp-json\/wp\/v2\/comments?post=444296"}],"wp:featuredmedia":[{"embeddable":true,"href":"https:\/\/moroen.com\/es\/wp-json\/wp\/v2\/media\/444527"}],"wp:attachment":[{"href":"https:\/\/moroen.com\/es\/wp-json\/wp\/v2\/media?parent=444296"}],"wp:term":[{"taxonomy":"product_brand","embeddable":true,"href":"https:\/\/moroen.com\/es\/wp-json\/wp\/v2\/product_brand?post=444296"},{"taxonomy":"product_cat","embeddable":true,"href":"https:\/\/moroen.com\/es\/wp-json\/wp\/v2\/product_cat?post=444296"},{"taxonomy":"product_tag","embeddable":true,"href":"https:\/\/moroen.com\/es\/wp-json\/wp\/v2\/product_tag?post=444296"}],"curies":[{"name":"wp","href":"https:\/\/api.w.org\/{rel}","templated":true}]}}