{"id":445093,"date":"2026-04-20T22:32:11","date_gmt":"2026-04-20T15:32:11","guid":{"rendered":"https:\/\/moroen.com\/es\/?p=445093"},"modified":"2026-04-20T22:32:11","modified_gmt":"2026-04-20T15:32:11","slug":"timberland-seneca-bay-marron-a5s9cf13","status":"publish","type":"product","link":"https:\/\/moroen.com\/es\/produkt\/timberland-seneca-bay-marron-a5s9cf13\/","title":{"rendered":"Timberland Seneca Bay &#8216;Marr\u00f3n&#8217; A5S9CF13"},"content":{"rendered":"<p>Ad\u00e9ntrate en un estilo atemporal y una comodidad inigualable con el Timberland Seneca Bay &#8216;Brown&#8217; A5S9CF13. Confeccionados con cuero de primera calidad, estos zapatos son perfectos tanto para salidas informales como para aventuras dif\u00edciles. Con una plantilla acolchada y una suela de goma duradera, brindan soporte y tracci\u00f3n durante todo el d\u00eda. Con su cl\u00e1sico acabado marr\u00f3n, combinan a la perfecci\u00f3n con cualquier armario. Ya sea que est\u00e9s haciendo senderismo o recorriendo las calles de la ciudad, Timberland Seneca Bay te garantiza que lo har\u00e1s con el m\u00e1ximo estilo y comodidad.<\/p>\n<ul>\n<li><strong>Combinaci\u00f3n de colores:<\/strong> BROWN<\/li>\n<li><strong>C\u00f3digo de estilo:<\/strong> A5S9CF13<\/li>\n<li><strong>Color:<\/strong> Brown<\/li>\n<\/ul>\n","protected":false},"excerpt":{"rendered":"<p>Ad\u00e9ntrate en un estilo atemporal y una comodidad inigualable con el Timberland Seneca Bay &#8216;Brown&#8217; A5S9CF13. Confeccionados con cuero de primera calidad, estos zapatos son perfectos tanto para salidas informales como para aventuras dif\u00edciles. Con una plantilla acolchada y una suela de goma duradera, brindan soporte y tracci\u00f3n durante todo el d\u00eda. Con su cl\u00e1sico [&hellip;]<\/p>\n","protected":false},"featured_media":445440,"comment_status":"closed","ping_status":"closed","template":"","meta":[],"product_brand":[],"product_cat":[19679],"product_tag":[15326,11463,10756,22659,22689,19681],"class_list":{"0":"post-445093","1":"product","2":"type-product","3":"status-publish","4":"has-post-thumbnail","6":"product_cat-timberland","7":"product_tag-boots-ankle-boots","8":"product_tag-lifestyle-boots","9":"product_tag-lifestyle-casual-shoes","10":"product_tag-abaixo-do-preco-de-varejo","11":"product_tag-regalo-para-el","12":"product_tag-timberland","14":"first","15":"instock","16":"taxable","17":"shipping-taxable","18":"purchasable","19":"product-type-simple"},"wcpa_form_fields":null,"_links":{"self":[{"href":"https:\/\/moroen.com\/es\/wp-json\/wp\/v2\/product\/445093","targetHints":{"allow":["GET"]}}],"collection":[{"href":"https:\/\/moroen.com\/es\/wp-json\/wp\/v2\/product"}],"about":[{"href":"https:\/\/moroen.com\/es\/wp-json\/wp\/v2\/types\/product"}],"replies":[{"embeddable":true,"href":"https:\/\/moroen.com\/es\/wp-json\/wp\/v2\/comments?post=445093"}],"wp:featuredmedia":[{"embeddable":true,"href":"https:\/\/moroen.com\/es\/wp-json\/wp\/v2\/media\/445440"}],"wp:attachment":[{"href":"https:\/\/moroen.com\/es\/wp-json\/wp\/v2\/media?parent=445093"}],"wp:term":[{"taxonomy":"product_brand","embeddable":true,"href":"https:\/\/moroen.com\/es\/wp-json\/wp\/v2\/product_brand?post=445093"},{"taxonomy":"product_cat","embeddable":true,"href":"https:\/\/moroen.com\/es\/wp-json\/wp\/v2\/product_cat?post=445093"},{"taxonomy":"product_tag","embeddable":true,"href":"https:\/\/moroen.com\/es\/wp-json\/wp\/v2\/product_tag?post=445093"}],"curies":[{"name":"wp","href":"https:\/\/api.w.org\/{rel}","templated":true}]}}