{"id":447392,"date":"2026-04-20T22:32:11","date_gmt":"2026-04-20T15:32:11","guid":{"rendered":"https:\/\/moroen.com\/es\/?p=447392"},"modified":"2026-04-20T22:32:11","modified_gmt":"2026-04-20T15:32:11","slug":"converse-chuck-70-mule-negro-172591c","status":"publish","type":"product","link":"https:\/\/moroen.com\/es\/produkt\/converse-chuck-70-mule-negro-172591c\/","title":{"rendered":"Converse Chuck 70 Mule &#8216;Negro&#8217; 172591C"},"content":{"rendered":"<p>## La frescura sin esfuerzo se combina con el estilo ic\u00f3nico con las Converse Chuck 70 Mule &#8216;Black&#8217; (172591C).  <\/p>\n<p>Estas zapatillas sin cordones cuentan con la silueta cl\u00e1sica Chuck 70, ahora con un dise\u00f1o mule relajado. Con parte superior de lona duradera, parche caracter\u00edstico en el tobillo y suela de goma vulcanizada, estas mules son tu nueva opci\u00f3n para un estilo sin esfuerzo.  Camine por el lado salvaje de la comodidad.<\/p>\n<ul>\n<li><strong>Combinaci\u00f3n de colores:<\/strong> Black\/Black\/Egret<\/li>\n<li><strong>C\u00f3digo de estilo:<\/strong> 172591C<\/li>\n<li><strong>Parte superior:<\/strong> Canvas<\/li>\n<li><strong>Color:<\/strong> Black<\/li>\n<li><strong>Dise\u00f1ador:<\/strong> Marquis Mills<\/li>\n<li><strong>Temporada:<\/strong> Winter<\/li>\n<li><strong>A\u00f1o de lanzamiento:<\/strong> 2022<\/li>\n<\/ul>\n","protected":false},"excerpt":{"rendered":"<p>## La frescura sin esfuerzo se combina con el estilo ic\u00f3nico con las Converse Chuck 70 Mule &#8216;Black&#8217; (172591C). Estas zapatillas sin cordones cuentan con la silueta cl\u00e1sica Chuck 70, ahora con un dise\u00f1o mule relajado. Con parte superior de lona duradera, parche caracter\u00edstico en el tobillo y suela de goma vulcanizada, estas mules son [&hellip;]<\/p>\n","protected":false},"featured_media":447897,"comment_status":"closed","ping_status":"closed","template":"","meta":[],"product_brand":[],"product_cat":[20041],"product_tag":[10750,20042,10756,10814,22659,22689,10858],"class_list":{"0":"post-447392","1":"product","2":"type-product","3":"status-publish","4":"has-post-thumbnail","6":"product_cat-converse","7":"product_tag-athleisure-shoes","8":"product_tag-converse","9":"product_tag-lifestyle-casual-shoes","10":"product_tag-lifestyle-shoes-basketball-inspired","11":"product_tag-abaixo-do-preco-de-varejo","12":"product_tag-regalo-para-el","13":"product_tag-retro-casual-shoes","15":"first","16":"instock","17":"taxable","18":"shipping-taxable","19":"purchasable","20":"product-type-simple"},"wcpa_form_fields":null,"_links":{"self":[{"href":"https:\/\/moroen.com\/es\/wp-json\/wp\/v2\/product\/447392","targetHints":{"allow":["GET"]}}],"collection":[{"href":"https:\/\/moroen.com\/es\/wp-json\/wp\/v2\/product"}],"about":[{"href":"https:\/\/moroen.com\/es\/wp-json\/wp\/v2\/types\/product"}],"replies":[{"embeddable":true,"href":"https:\/\/moroen.com\/es\/wp-json\/wp\/v2\/comments?post=447392"}],"wp:featuredmedia":[{"embeddable":true,"href":"https:\/\/moroen.com\/es\/wp-json\/wp\/v2\/media\/447897"}],"wp:attachment":[{"href":"https:\/\/moroen.com\/es\/wp-json\/wp\/v2\/media?parent=447392"}],"wp:term":[{"taxonomy":"product_brand","embeddable":true,"href":"https:\/\/moroen.com\/es\/wp-json\/wp\/v2\/product_brand?post=447392"},{"taxonomy":"product_cat","embeddable":true,"href":"https:\/\/moroen.com\/es\/wp-json\/wp\/v2\/product_cat?post=447392"},{"taxonomy":"product_tag","embeddable":true,"href":"https:\/\/moroen.com\/es\/wp-json\/wp\/v2\/product_tag?post=447392"}],"curies":[{"name":"wp","href":"https:\/\/api.w.org\/{rel}","templated":true}]}}