{"id":447406,"date":"2026-04-20T22:32:11","date_gmt":"2026-04-20T15:32:11","guid":{"rendered":"https:\/\/moroen.com\/es\/?p=447406"},"modified":"2026-04-20T22:32:11","modified_gmt":"2026-04-20T15:32:11","slug":"anta-flyknit-blanco-912315582-2","status":"publish","type":"product","link":"https:\/\/moroen.com\/es\/produkt\/anta-flyknit-blanco-912315582-2\/","title":{"rendered":"Anta Flyknit &#8216;Blanco&#8217; 912315582-2"},"content":{"rendered":"<p>Prep\u00e1rese para el invierno con el estilo g\u00e9lido del Anta Woven Low &#8220;White Walker&#8221;. Inspiradas en la exitosa serie de fantas\u00eda, estas zapatillas presentan un dise\u00f1o blanco n\u00edtido con detalles en azul helado y una suela transl\u00facida. La parte superior tejida brinda comodidad transpirable, mientras que la amortiguaci\u00f3n liviana garantiza que se puedan usar durante todo el d\u00eda. Entra en el reino de la moda y conquista cualquier terreno con estas zapatillas &#8220;White Walker&#8221; de edici\u00f3n limitada.<\/p>\n<ul>\n<li><strong>Combinaci\u00f3n de colores:<\/strong> White<\/li>\n<li><strong>C\u00f3digo de estilo:<\/strong> 912315582-2<\/li>\n<\/ul>\n","protected":false},"excerpt":{"rendered":"<p>Prep\u00e1rese para el invierno con el estilo g\u00e9lido del Anta Woven Low &#8220;White Walker&#8221;. Inspiradas en la exitosa serie de fantas\u00eda, estas zapatillas presentan un dise\u00f1o blanco n\u00edtido con detalles en azul helado y una suela transl\u00facida. La parte superior tejida brinda comodidad transpirable, mientras que la amortiguaci\u00f3n liviana garantiza que se puedan usar durante [&hellip;]<\/p>\n","protected":false},"featured_media":447984,"comment_status":"closed","ping_status":"closed","template":"","meta":[],"product_brand":[],"product_cat":[19910],"product_tag":[19911,10750,10752,10756,10758,22691,22659,22689,10768],"class_list":{"0":"post-447406","1":"product","2":"type-product","3":"status-publish","4":"has-post-thumbnail","6":"product_cat-anta","7":"product_tag-anta","8":"product_tag-athleisure-shoes","9":"product_tag-best-finds-under-100","10":"product_tag-lifestyle-casual-shoes","11":"product_tag-lifestyle-shoes-running-inspired","12":"product_tag-ofertas-en-tendencia","13":"product_tag-abaixo-do-preco-de-varejo","14":"product_tag-regalo-para-el","15":"product_tag-trending-deals-under-150","17":"first","18":"instock","19":"taxable","20":"shipping-taxable","21":"purchasable","22":"product-type-simple"},"wcpa_form_fields":null,"_links":{"self":[{"href":"https:\/\/moroen.com\/es\/wp-json\/wp\/v2\/product\/447406","targetHints":{"allow":["GET"]}}],"collection":[{"href":"https:\/\/moroen.com\/es\/wp-json\/wp\/v2\/product"}],"about":[{"href":"https:\/\/moroen.com\/es\/wp-json\/wp\/v2\/types\/product"}],"replies":[{"embeddable":true,"href":"https:\/\/moroen.com\/es\/wp-json\/wp\/v2\/comments?post=447406"}],"wp:featuredmedia":[{"embeddable":true,"href":"https:\/\/moroen.com\/es\/wp-json\/wp\/v2\/media\/447984"}],"wp:attachment":[{"href":"https:\/\/moroen.com\/es\/wp-json\/wp\/v2\/media?parent=447406"}],"wp:term":[{"taxonomy":"product_brand","embeddable":true,"href":"https:\/\/moroen.com\/es\/wp-json\/wp\/v2\/product_brand?post=447406"},{"taxonomy":"product_cat","embeddable":true,"href":"https:\/\/moroen.com\/es\/wp-json\/wp\/v2\/product_cat?post=447406"},{"taxonomy":"product_tag","embeddable":true,"href":"https:\/\/moroen.com\/es\/wp-json\/wp\/v2\/product_tag?post=447406"}],"curies":[{"name":"wp","href":"https:\/\/api.w.org\/{rel}","templated":true}]}}