{"id":449427,"date":"2026-04-20T22:32:11","date_gmt":"2026-04-20T15:32:11","guid":{"rendered":"https:\/\/moroen.com\/es\/?p=449427"},"modified":"2026-04-20T22:32:11","modified_gmt":"2026-04-20T15:32:11","slug":"vans-bess-ni-bender-pack-denim-vn0a4btht7y","status":"publish","type":"product","link":"https:\/\/moroen.com\/es\/produkt\/vans-bess-ni-bender-pack-denim-vn0a4btht7y\/","title":{"rendered":"Vans Bess Ni &#8216;Bender Pack &#8211; Denim&#8217; VN0A4BTHT7Y"},"content":{"rendered":"<p>Mejora tu juego de zapatillas con Vans Bess Ni &#8216;Bender Pack &#8211; Denim&#8217; VN0A4BTHT7Y. Con una elegante parte superior de mezclilla, estas Vans cl\u00e1sicas aportan un toque fresco a una silueta atemporal. El dise\u00f1o de inspiraci\u00f3n vintage incluye una suela de goma resistente para un agarre y comodidad superiores. Perfectas para salidas informales o fines de semana aventureros, estas zapatillas ofrecen moda y funcionalidad. Mejora tu look diario con el vers\u00e1til y duradero Bess Ni &#8216;Bender Pack &#8211; Denim&#8217; de Vans.<\/p>\n<ul>\n<li><strong>Combinaci\u00f3n de colores:<\/strong> Denim\/Marshmallow<\/li>\n<li><strong>C\u00f3digo de estilo:<\/strong> VN0A4BTHT7Y<\/li>\n<li><strong>Parte superior:<\/strong> Primeknit<\/li>\n<li><strong>Color:<\/strong> Blue<\/li>\n<li><strong>Temporada:<\/strong> All Season<\/li>\n<li><strong>A\u00f1o de lanzamiento:<\/strong> 2019<\/li>\n<\/ul>\n","protected":false},"excerpt":{"rendered":"<p>Mejora tu juego de zapatillas con Vans Bess Ni &#8216;Bender Pack &#8211; Denim&#8217; VN0A4BTHT7Y. Con una elegante parte superior de mezclilla, estas Vans cl\u00e1sicas aportan un toque fresco a una silueta atemporal. El dise\u00f1o de inspiraci\u00f3n vintage incluye una suela de goma resistente para un agarre y comodidad superiores. Perfectas para salidas informales o fines [&hellip;]<\/p>\n","protected":false},"featured_media":449648,"comment_status":"closed","ping_status":"closed","template":"","meta":[],"product_brand":[],"product_cat":[19794],"product_tag":[10756,10961,22689,10881,19795],"class_list":{"0":"post-449427","1":"product","2":"type-product","3":"status-publish","4":"has-post-thumbnail","6":"product_cat-vans","7":"product_tag-lifestyle-casual-shoes","8":"product_tag-lifestyle-shoes-skateboarding-inspired","9":"product_tag-regalo-para-el","10":"product_tag-skateboard-shoes","11":"product_tag-vans","12":"wcpa_has_options","14":"first","15":"instock","16":"taxable","17":"shipping-taxable","18":"purchasable","19":"product-type-simple"},"wcpa_form_fields":null,"_links":{"self":[{"href":"https:\/\/moroen.com\/es\/wp-json\/wp\/v2\/product\/449427","targetHints":{"allow":["GET"]}}],"collection":[{"href":"https:\/\/moroen.com\/es\/wp-json\/wp\/v2\/product"}],"about":[{"href":"https:\/\/moroen.com\/es\/wp-json\/wp\/v2\/types\/product"}],"replies":[{"embeddable":true,"href":"https:\/\/moroen.com\/es\/wp-json\/wp\/v2\/comments?post=449427"}],"wp:featuredmedia":[{"embeddable":true,"href":"https:\/\/moroen.com\/es\/wp-json\/wp\/v2\/media\/449648"}],"wp:attachment":[{"href":"https:\/\/moroen.com\/es\/wp-json\/wp\/v2\/media?parent=449427"}],"wp:term":[{"taxonomy":"product_brand","embeddable":true,"href":"https:\/\/moroen.com\/es\/wp-json\/wp\/v2\/product_brand?post=449427"},{"taxonomy":"product_cat","embeddable":true,"href":"https:\/\/moroen.com\/es\/wp-json\/wp\/v2\/product_cat?post=449427"},{"taxonomy":"product_tag","embeddable":true,"href":"https:\/\/moroen.com\/es\/wp-json\/wp\/v2\/product_tag?post=449427"}],"curies":[{"name":"wp","href":"https:\/\/api.w.org\/{rel}","templated":true}]}}