{"id":451625,"date":"2026-04-20T22:32:11","date_gmt":"2026-04-20T15:32:11","guid":{"rendered":"https:\/\/moroen.com\/es\/?p=451625"},"modified":"2026-04-20T22:32:11","modified_gmt":"2026-04-20T15:32:11","slug":"asics-c3-ff-tf-blanco-velocidad-rojo-1113a032-111","status":"publish","type":"product","link":"https:\/\/moroen.com\/es\/produkt\/asics-c3-ff-tf-blanco-velocidad-rojo-1113a032-111\/","title":{"rendered":"ASICS C3 FF TF Blanco Velocidad Rojo 1113A032-111"},"content":{"rendered":"<p>Experimenta una agilidad y un rendimiento inigualables con el ASICS C3 FF TF en White Speed Red, dise\u00f1ado para brindar precisi\u00f3n, velocidad y comodidad en cualquier juego. Elaborado con tecnolog\u00eda avanzada FlyteFoam, este calzado liviano ofrece una amortiguaci\u00f3n superior, impuls\u00e1ndote hacia adelante con cada paso y reduciendo el impacto en tus pies. Su elegante perfil combina una elegante parte superior blanca acentuada por llamativos tonos Speed \u200b\u200bRed, lo que la convierte en una opci\u00f3n destacada para los atletas que valoran tanto la funci\u00f3n como la est\u00e9tica.<\/p>\n<p>La suela duradera y apta para el c\u00e9sped garantiza un excelente agarre y estabilidad en diversas superficies, lo que le brinda la confianza para realizar giros cerrados y movimientos r\u00e1pidos sin esfuerzo. Dise\u00f1ados con una parte superior transpirable y un ajuste ce\u00f1ido, estos zapatos mantienen tus pies frescos y seguros para un mejor rendimiento durante sesiones intensas. Ya sea que est\u00e9s en el campo o entrenando duro, el ASICS C3 FF TF est\u00e1 dise\u00f1ado para respaldar tus objetivos atl\u00e9ticos con innovaciones modernas y un enfoque en la durabilidad.<\/p>\n<p>Dise\u00f1ado tanto para profesionales como para entusiastas del deporte, este zapato combina un dise\u00f1o de vanguardia con el compromiso caracter\u00edstico de ASICS con la calidad, ofreciendo la combinaci\u00f3n perfecta de comodidad, estilo y funcionalidad. Mejora tu juego y supera a la competencia con equipo que se adapta a cada uno de tus movimientos, asegur\u00e1ndote de estar un paso por delante en todo momento.<\/p>\n<ul>\n<li><strong>C\u00f3digo de estilo:<\/strong> 1113A032-111<\/li>\n<li><strong>Color:<\/strong> White<\/li>\n<\/ul>\n","protected":false},"excerpt":{"rendered":"<p>Experimenta una agilidad y un rendimiento inigualables con el ASICS C3 FF TF en White Speed Red, dise\u00f1ado para brindar precisi\u00f3n, velocidad y comodidad en cualquier juego. Elaborado con tecnolog\u00eda avanzada FlyteFoam, este calzado liviano ofrece una amortiguaci\u00f3n superior, impuls\u00e1ndote hacia adelante con cada paso y reduciendo el impacto en tus pies. Su elegante perfil [&hellip;]<\/p>\n","protected":false},"featured_media":451798,"comment_status":"closed","ping_status":"closed","template":"","meta":[],"product_brand":[],"product_cat":[12567],"product_tag":[12565,22659,12347,20504,22658],"class_list":{"0":"post-451625","1":"product","2":"type-product","3":"status-publish","4":"has-post-thumbnail","6":"product_cat-asics","7":"product_tag-asics","8":"product_tag-abaixo-do-preco-de-varejo","9":"product_tag-soccer-shoes-football-cleats","10":"product_tag-turf-tf-football-boots-2","11":"product_tag-zapatillas-deportivas-de-rendimiento","12":"wcpa_has_options","14":"first","15":"instock","16":"taxable","17":"shipping-taxable","18":"purchasable","19":"product-type-simple"},"wcpa_form_fields":{"rules":{"pric_overide_base_price":false,"pric_overide_base_price_if_gt_zero":false,"pric_overide_base_price_fully":false,"pric_cal_option_once":false,"pric_use_as_fee":false,"bind_quantity":false,"quantity_bind_formula":false},"fields":[{"type":"color-group","required":true,"elementId":"wcpa-color-group-69a5ac3f3e644","label":"Gr\u00f6\u00dfe","inline":true,"priceOptions":"different_for_all","pricingType":"fixed","className":"hassizechart product-shoes-size-eu product-shoes-size","name":"color-group-69a5ac3f3e64e","disp_type":"square","selection_type":"tick-border","disp_size":"50","show_label_inside":true,"adjust_width":true,"cart_display_type":"text","other_text":"Other","cl_rule":"show","col":6,"values":[{"label":"35.5","value":"EU 35.5","price":"","pimage":"","pimage_id":"","pthumb":"","color":"","selected":true},{"label":"36","value":"EU 36","price":"","pimage":"","pimage_id":"","pthumb":"","color":""},{"label":"37.5","value":"EU 37.5","price":"","pimage":"","pimage_id":"","pthumb":"","color":""},{"label":"38","value":"EU 38","price":"","pimage":"","pimage_id":"","pthumb":"","color":""},{"label":"38.5","value":"EU 38.5","price":"","pimage":"","pimage_id":"","pthumb":"","color":""},{"label":"39","value":"EU 39","price":"","pimage":"","pimage_id":"","pthumb":"","color":""},{"label":"40","value":"EU 40","price":"","pimage":"","pimage_id":"","pthumb":"","color":""},{"label":"40.5","value":"EU 40.5","price":"","pimage":"","pimage_id":"","pthumb":"","color":""},{"label":"42","value":"EU 42","price":"","pimage":"","pimage_id":"","pthumb":"","color":""},{"label":"42.5","value":"EU 42.5","price":"","pimage":"","pimage_id":"","pthumb":"","color":""},{"label":"44","value":"EU 44","price":"","pimage":"","pimage_id":"","pthumb":"","color":""},{"label":"44.5","value":"EU 44.5","price":"","pimage":"","pimage_id":"","pthumb":"","color":""},{"label":"45","value":"EU 45","price":"","pimage":"","pimage_id":"","pthumb":"","color":""}],"relations":[{"operator":false,"rules":[]}],"form_id":184312,"form_rules":{"pric_cal_option_once":false,"exclude_from_discount":false,"pric_use_as_fee":false,"fee_label":"Fee","render_after_acb":false,"disp_hide_options_price":false}}]},"_links":{"self":[{"href":"https:\/\/moroen.com\/es\/wp-json\/wp\/v2\/product\/451625","targetHints":{"allow":["GET"]}}],"collection":[{"href":"https:\/\/moroen.com\/es\/wp-json\/wp\/v2\/product"}],"about":[{"href":"https:\/\/moroen.com\/es\/wp-json\/wp\/v2\/types\/product"}],"replies":[{"embeddable":true,"href":"https:\/\/moroen.com\/es\/wp-json\/wp\/v2\/comments?post=451625"}],"wp:featuredmedia":[{"embeddable":true,"href":"https:\/\/moroen.com\/es\/wp-json\/wp\/v2\/media\/451798"}],"wp:attachment":[{"href":"https:\/\/moroen.com\/es\/wp-json\/wp\/v2\/media?parent=451625"}],"wp:term":[{"taxonomy":"product_brand","embeddable":true,"href":"https:\/\/moroen.com\/es\/wp-json\/wp\/v2\/product_brand?post=451625"},{"taxonomy":"product_cat","embeddable":true,"href":"https:\/\/moroen.com\/es\/wp-json\/wp\/v2\/product_cat?post=451625"},{"taxonomy":"product_tag","embeddable":true,"href":"https:\/\/moroen.com\/es\/wp-json\/wp\/v2\/product_tag?post=451625"}],"curies":[{"name":"wp","href":"https:\/\/api.w.org\/{rel}","templated":true}]}}