{"id":451636,"date":"2026-04-20T22:32:11","date_gmt":"2026-04-20T15:32:11","guid":{"rendered":"https:\/\/moroen.com\/es\/?p=451636"},"modified":"2026-04-20T22:32:11","modified_gmt":"2026-04-20T15:32:11","slug":"mujer-ugg-lanah-clog-castano-1153516-che","status":"publish","type":"product","link":"https:\/\/moroen.com\/es\/produkt\/mujer-ugg-lanah-clog-castano-1153516-che\/","title":{"rendered":"(Mujer) UGG Lanah Clog &#8216;Casta\u00f1o&#8217; 1153516-CHE"},"content":{"rendered":"<p>\u00a1Disfruta de la m\u00e1xima comodidad y estilo con el UGG Lanah Clog &#8216;Chestnut&#8217;! Confeccionados con gamuza de primera calidad, estos modernos zuecos cuentan con un lujoso forro de lana UGGpure\u2122 que mantiene tus pies c\u00f3modos durante todo el d\u00eda. Con una silueta moderna, una suela de EVA con soporte y un c\u00f3modo dise\u00f1o sin cordones, estos zuecos realzan sin esfuerzo cualquier conjunto. Experimente la comodidad incomparable y el atractivo atemporal de UGG con el Lanah Clog &#8216;Chestnut&#8217;: la fusi\u00f3n perfecta de moda y funcionalidad.<\/p>\n<ul>\n<li><strong>Combinaci\u00f3n de colores:<\/strong> Chestnut<\/li>\n<li><strong>C\u00f3digo de estilo:<\/strong> 1153516-CHE<\/li>\n<li><strong>Color:<\/strong> Brown<\/li>\n<\/ul>\n","protected":false},"excerpt":{"rendered":"<p>\u00a1Disfruta de la m\u00e1xima comodidad y estilo con el UGG Lanah Clog &#8216;Chestnut&#8217;! Confeccionados con gamuza de primera calidad, estos modernos zuecos cuentan con un lujoso forro de lana UGGpure\u2122 que mantiene tus pies c\u00f3modos durante todo el d\u00eda. Con una silueta moderna, una suela de EVA con soporte y un c\u00f3modo dise\u00f1o sin cordones, [&hellip;]<\/p>\n","protected":false},"featured_media":451859,"comment_status":"closed","ping_status":"closed","template":"","meta":[],"product_brand":[],"product_cat":[15009],"product_tag":[15317,19642,10756,22659,22722,15097,15181],"class_list":{"0":"post-451636","1":"product","2":"type-product","3":"status-publish","4":"has-post-thumbnail","6":"product_cat-ugg","7":"product_tag-casual","8":"product_tag-clogs","9":"product_tag-lifestyle-casual-shoes","10":"product_tag-abaixo-do-preco-de-varejo","11":"product_tag-regalo-para-ella","12":"product_tag-ugg","13":"product_tag-ugg-collection","15":"first","16":"instock","17":"taxable","18":"shipping-taxable","19":"purchasable","20":"product-type-simple"},"wcpa_form_fields":null,"_links":{"self":[{"href":"https:\/\/moroen.com\/es\/wp-json\/wp\/v2\/product\/451636","targetHints":{"allow":["GET"]}}],"collection":[{"href":"https:\/\/moroen.com\/es\/wp-json\/wp\/v2\/product"}],"about":[{"href":"https:\/\/moroen.com\/es\/wp-json\/wp\/v2\/types\/product"}],"replies":[{"embeddable":true,"href":"https:\/\/moroen.com\/es\/wp-json\/wp\/v2\/comments?post=451636"}],"wp:featuredmedia":[{"embeddable":true,"href":"https:\/\/moroen.com\/es\/wp-json\/wp\/v2\/media\/451859"}],"wp:attachment":[{"href":"https:\/\/moroen.com\/es\/wp-json\/wp\/v2\/media?parent=451636"}],"wp:term":[{"taxonomy":"product_brand","embeddable":true,"href":"https:\/\/moroen.com\/es\/wp-json\/wp\/v2\/product_brand?post=451636"},{"taxonomy":"product_cat","embeddable":true,"href":"https:\/\/moroen.com\/es\/wp-json\/wp\/v2\/product_cat?post=451636"},{"taxonomy":"product_tag","embeddable":true,"href":"https:\/\/moroen.com\/es\/wp-json\/wp\/v2\/product_tag?post=451636"}],"curies":[{"name":"wp","href":"https:\/\/api.w.org\/{rel}","templated":true}]}}