{"id":195,"date":"2025-06-01T19:35:28","date_gmt":"2025-06-01T19:35:28","guid":{"rendered":"https:\/\/moroen.com\/index.php\/terms-conditions\/"},"modified":"2026-03-12T01:27:29","modified_gmt":"2026-03-12T06:27:29","slug":"terms-conditions","status":"publish","type":"page","link":"https:\/\/moroen.com\/fr\/terms-conditions\/","title":{"rendered":"Conditions g\u00e9n\u00e9rales"},"content":{"rendered":"\t\t<div data-elementor-type=\"wp-post\" data-elementor-id=\"195\" class=\"elementor elementor-195\">\n\t\t\t\t<div class=\"e-con-top elementor-element elementor-element-20919ef5 e-flex e-con-boxed e-con e-parent\" data-id=\"20919ef5\" data-element_type=\"container\">\n\t\t\t\t\t<div class=\"e-con-inner\">\n\t\t\t\t<div class=\"elementor-element elementor-element-62e5bb2f elementor-widget elementor-widget-text-editor\" data-id=\"62e5bb2f\" data-element_type=\"widget\" data-widget_type=\"text-editor.default\">\n\t\t\t\t<div class=\"elementor-widget-container\">\n\t\t\t\t\t\t\t\t\t<p data-start=\"248\" data-end=\"449\">Bienvenue sur <strong data-start=\"262\" data-end=\"276\">moroen.com<\/strong>.<br data-start=\"277\" data-end=\"280\" \/>En acc\u00e9dant \u00e0 notre site, en le parcourant ou en effectuant un achat, vous acceptez de respecter et d\u2019\u00eatre li\u00e9 par les pr\u00e9sentes <strong data-start=\"409\" data-end=\"448\">Conditions g\u00e9n\u00e9rales (\u201cConditions\u201d)<\/strong>.<\/p><p data-start=\"451\" data-end=\"618\">Ces conditions s\u2019appliquent \u00e0 tous les utilisateurs du site, y compris, sans limitation, les visiteurs, clients, fournisseurs, commer\u00e7ants et contributeurs de contenu.<\/p><p data-start=\"620\" data-end=\"711\">Si vous n\u2019acceptez pas ces conditions, veuillez cesser imm\u00e9diatement d\u2019utiliser notre site.<\/p><hr data-start=\"713\" data-end=\"716\" \/><h1 data-section-id=\"6b2vgm\" data-start=\"718\" data-end=\"745\">1. Informations g\u00e9n\u00e9rales<\/h1><p data-start=\"747\" data-end=\"812\">Ce site web est exploit\u00e9 par <strong data-start=\"776\" data-end=\"786\">Moroen<\/strong> (\u201cnous\u201d, \u201cnotre\u201d, \u201cnos\u201d).<\/p><p data-start=\"814\" data-end=\"1029\">Nous nous r\u00e9servons le droit de mettre \u00e0 jour, modifier ou remplacer toute partie de ces conditions \u00e0 tout moment et sans pr\u00e9avis.<br data-start=\"944\" data-end=\"947\" \/>Les modifications prennent effet imm\u00e9diatement apr\u00e8s leur publication sur le site.<\/p><p data-start=\"1031\" data-end=\"1141\">La poursuite de l\u2019utilisation du site apr\u00e8s toute modification constitue votre acceptation de ces changements.<\/p><hr data-start=\"1143\" data-end=\"1146\" \/><h1 data-section-id=\"5jf9ns\" data-start=\"1148\" data-end=\"1191\">2. \u00c9ligibilit\u00e9 &amp; responsabilit\u00e9 du compte<\/h1><p data-start=\"1193\" data-end=\"1312\">En utilisant notre site, vous d\u00e9clarez avoir <strong data-start=\"1238\" data-end=\"1257\">au moins 18 ans<\/strong> (ou avoir atteint l\u2019\u00e2ge l\u00e9gal dans votre juridiction).<\/p><p data-start=\"1314\" data-end=\"1380\">Si vous cr\u00e9ez un compte sur notre site, vous \u00eates responsable de :<\/p><ul data-start=\"1382\" data-end=\"1482\"><li data-section-id=\"1o3564\" data-start=\"1382\" data-end=\"1437\"><p data-start=\"1384\" data-end=\"1437\">la confidentialit\u00e9 de vos identifiants de connexion<\/p><\/li><li data-section-id=\"prff2d\" data-start=\"1438\" data-end=\"1482\"><p data-start=\"1440\" data-end=\"1482\">la restriction de l\u2019acc\u00e8s \u00e0 votre compte<\/p><\/li><\/ul><p data-start=\"1484\" data-end=\"1589\">Vous acceptez \u00e9galement d\u2019assumer la responsabilit\u00e9 de toutes les activit\u00e9s effectu\u00e9es sous votre compte.<\/p><hr data-start=\"1591\" data-end=\"1594\" \/><h1 data-section-id=\"128tisa\" data-start=\"1596\" data-end=\"1625\">3. Produits &amp; disponibilit\u00e9<\/h1><p data-start=\"1627\" data-end=\"1814\">Nous faisons tout notre possible pour garantir l\u2019exactitude des <strong data-start=\"1691\" data-end=\"1751\">descriptions de produits, images, prix et disponibilit\u00e9s<\/strong>. Cependant, des erreurs peuvent occasionnellement se produire.<\/p><p data-start=\"1816\" data-end=\"1914\">Nous ne pouvons pas garantir que l\u2019affichage des couleurs sur votre \u00e9cran sera parfaitement exact.<\/p><p data-start=\"1916\" data-end=\"2077\">Tous les produits sont <strong data-start=\"1939\" data-end=\"1972\">sous r\u00e9serve de disponibilit\u00e9<\/strong>.<br data-start=\"1973\" data-end=\"1976\" \/>Nous pouvons interrompre la vente de produits ou limiter les quantit\u00e9s \u00e0 tout moment et sans pr\u00e9avis.<\/p><p data-start=\"2079\" data-end=\"2127\">Les prix peuvent \u00eatre <strong data-start=\"2101\" data-end=\"2126\">modifi\u00e9s sans pr\u00e9avis<\/strong>.<\/p><hr data-start=\"2129\" data-end=\"2132\" \/><h1 data-section-id=\"1ju5cpj\" data-start=\"2134\" data-end=\"2160\">4. Commandes &amp; paiements<\/h1><p data-start=\"2162\" data-end=\"2285\">En passant une commande, vous acceptez de fournir <strong data-start=\"2212\" data-end=\"2284\">des informations de facturation et de livraison exactes et compl\u00e8tes<\/strong>.<\/p><p data-start=\"2287\" data-end=\"2378\">Tous les paiements doivent \u00eatre <strong data-start=\"2319\" data-end=\"2343\">autoris\u00e9s et valid\u00e9s<\/strong> avant le traitement des commandes.<\/p><p data-start=\"2380\" data-end=\"2396\">Nous acceptons :<\/p><ul data-start=\"2398\" data-end=\"2534\"><li data-section-id=\"9x9y06\" data-start=\"2398\" data-end=\"2448\"><p data-start=\"2400\" data-end=\"2448\">les principales <strong data-start=\"2416\" data-end=\"2448\">cartes de cr\u00e9dit et de d\u00e9bit<\/strong><\/p><\/li><li data-section-id=\"1e61v25\" data-start=\"2449\" data-end=\"2461\"><p data-start=\"2451\" data-end=\"2461\"><strong data-start=\"2451\" data-end=\"2461\">PayPal<\/strong><\/p><\/li><li data-section-id=\"1mz3nwt\" data-start=\"2462\" data-end=\"2534\"><p data-start=\"2464\" data-end=\"2534\">d\u2019autres m\u00e9thodes de paiement s\u00e9curis\u00e9es disponibles lors du paiement.<\/p><\/li><\/ul><p data-start=\"2536\" data-end=\"2649\">Nous nous r\u00e9servons le droit de <strong data-start=\"2568\" data-end=\"2607\">refuser ou d\u2019annuler toute commande<\/strong> \u00e0 notre discr\u00e9tion, notamment en cas de :<\/p><ul data-start=\"2651\" data-end=\"2720\"><li data-section-id=\"maazu7\" data-start=\"2651\" data-end=\"2674\"><p data-start=\"2653\" data-end=\"2674\">suspicion de fraude<\/p><\/li><li data-section-id=\"1deqn25\" data-start=\"2675\" data-end=\"2693\"><p data-start=\"2677\" data-end=\"2693\">erreur de prix<\/p><\/li><li data-section-id=\"1fqrx7v\" data-start=\"2694\" data-end=\"2720\"><p data-start=\"2696\" data-end=\"2720\">indisponibilit\u00e9 du stock<\/p><\/li><\/ul><p data-start=\"2722\" data-end=\"2853\">Les promotions, r\u00e9ductions et codes promo <strong data-start=\"2764\" data-end=\"2825\">ne sont pas transf\u00e9rables et ne peuvent pas \u00eatre combin\u00e9s<\/strong>, sauf indication contraire.<\/p><hr data-start=\"2855\" data-end=\"2858\" \/><h1 data-section-id=\"9ho7t2\" data-start=\"2860\" data-end=\"2874\">5. Livraison<\/h1><p data-start=\"2876\" data-end=\"2971\">Nous exp\u00e9dions <strong data-start=\"2891\" data-end=\"2915\">dans le monde entier<\/strong>.<br data-start=\"2916\" data-end=\"2919\" \/>Les d\u00e9lais de livraison peuvent varier en fonction :<\/p><ul data-start=\"2973\" data-end=\"3045\"><li data-section-id=\"1i10j7c\" data-start=\"2973\" data-end=\"2992\"><p data-start=\"2975\" data-end=\"2992\">de la destination<\/p><\/li><li data-section-id=\"drg9bl\" data-start=\"2993\" data-end=\"3027\"><p data-start=\"2995\" data-end=\"3027\">de la disponibilit\u00e9 des produits<\/p><\/li><li data-section-id=\"une5ko\" data-start=\"3028\" data-end=\"3045\"><p data-start=\"3030\" data-end=\"3045\">du transporteur<\/p><\/li><\/ul><p data-start=\"3047\" data-end=\"3131\">Les d\u00e9lais de livraison sont <strong data-start=\"3076\" data-end=\"3130\">des estimations et ne constituent pas une garantie<\/strong>.<\/p><p data-start=\"3133\" data-end=\"3252\">Les <strong data-start=\"3137\" data-end=\"3207\">frais de livraison, droits de douane, taxes et frais d\u2019importation<\/strong> (le cas \u00e9ch\u00e9ant) sont \u00e0 la charge du client.<\/p><p data-start=\"3254\" data-end=\"3310\">Nous ne sommes pas responsables des retards caus\u00e9s par :<\/p><ul data-start=\"3312\" data-end=\"3462\"><li data-section-id=\"1un0hkw\" data-start=\"3312\" data-end=\"3331\"><p data-start=\"3314\" data-end=\"3331\">les transporteurs<\/p><\/li><li data-section-id=\"1w2656c\" data-start=\"3332\" data-end=\"3359\"><p data-start=\"3334\" data-end=\"3359\">les proc\u00e9dures douani\u00e8res<\/p><\/li><li data-section-id=\"13aau0t\" data-start=\"3360\" data-end=\"3462\"><p data-start=\"3362\" data-end=\"3462\">les \u00e9v\u00e9nements ind\u00e9pendants de notre volont\u00e9<br data-start=\"3406\" data-end=\"3409\" \/>(catastrophes naturelles, gr\u00e8ves, pand\u00e9mies, etc.).<\/p><\/li><\/ul><hr data-start=\"3464\" data-end=\"3467\" \/><h1 data-section-id=\"1d1kc5z\" data-start=\"3469\" data-end=\"3508\">6. Retours, remboursements &amp; \u00e9changes<\/h1><p data-start=\"3510\" data-end=\"3605\">Les retours sont accept\u00e9s <strong data-start=\"3536\" data-end=\"3584\">dans un d\u00e9lai de 30 jours apr\u00e8s la livraison<\/strong>, pour les articles :<\/p><ul data-start=\"3607\" data-end=\"3708\"><li data-section-id=\"pjcioz\" data-start=\"3607\" data-end=\"3623\"><p data-start=\"3609\" data-end=\"3623\">non utilis\u00e9s<\/p><\/li><li data-section-id=\"fo5ms\" data-start=\"3624\" data-end=\"3638\"><p data-start=\"3626\" data-end=\"3638\">non port\u00e9s<\/p><\/li><li data-section-id=\"z1wdmi\" data-start=\"3639\" data-end=\"3667\"><p data-start=\"3641\" data-end=\"3667\">dans leur \u00e9tat d\u2019origine<\/p><\/li><li data-section-id=\"iosb8v\" data-start=\"3668\" data-end=\"3708\"><p data-start=\"3670\" data-end=\"3708\">avec \u00e9tiquettes et emballage d\u2019origine<\/p><\/li><\/ul><p data-start=\"3710\" data-end=\"3767\">Pour demander un retour ou un \u00e9change, contactez-nous \u00e0 :<\/p><p data-start=\"3769\" data-end=\"3789\">\ud83d\udce7 <strong data-start=\"3772\" data-end=\"3789\"><a class=\"decorated-link cursor-pointer\" rel=\"noopener\" data-start=\"3774\" data-end=\"3787\">cs@moroen.com<\/a><\/strong><\/p><p data-start=\"3791\" data-end=\"3834\">en indiquant les d\u00e9tails de votre commande.<\/p><p data-start=\"3836\" data-end=\"3950\">Les <strong data-start=\"3840\" data-end=\"3886\">frais de retour sont \u00e0 la charge du client<\/strong>, sauf si le produit est <strong data-start=\"3911\" data-end=\"3949\">d\u00e9fectueux, endommag\u00e9 ou incorrect<\/strong>.<\/p><p data-start=\"3952\" data-end=\"4061\">Les remboursements seront effectu\u00e9s <strong data-start=\"3988\" data-end=\"4023\">via le mode de paiement initial<\/strong> apr\u00e8s inspection du produit retourn\u00e9.<\/p><p data-start=\"4063\" data-end=\"4157\">Certains articles peuvent <strong data-start=\"4089\" data-end=\"4144\">ne pas \u00eatre retournables pour des raisons d\u2019hygi\u00e8ne<\/strong>, notamment :<\/p><ul data-start=\"4159\" data-end=\"4227\"><li data-section-id=\"1vqudsj\" data-start=\"4159\" data-end=\"4177\"><p data-start=\"4161\" data-end=\"4177\">sous-v\u00eatements<\/p><\/li><li data-section-id=\"1fn15gz\" data-start=\"4178\" data-end=\"4200\"><p data-start=\"4180\" data-end=\"4200\">boucles d\u2019oreilles<\/p><\/li><li data-section-id=\"p51uy9\" data-start=\"4201\" data-end=\"4227\"><p data-start=\"4203\" data-end=\"4227\">articles en vente finale<\/p><\/li><\/ul><hr data-start=\"4229\" data-end=\"4232\" \/><h1 data-section-id=\"z8aon0\" data-start=\"4234\" data-end=\"4263\">7. Propri\u00e9t\u00e9 intellectuelle<\/h1><p data-start=\"4265\" data-end=\"4342\">Tout le contenu pr\u00e9sent sur <strong data-start=\"4293\" data-end=\"4307\">moroen.com<\/strong>, y compris mais sans s\u2019y limiter :<\/p><ul data-start=\"4344\" data-end=\"4425\"><li data-section-id=\"1l7xgw3\" data-start=\"4344\" data-end=\"4352\"><p data-start=\"4346\" data-end=\"4352\">textes<\/p><\/li><li data-section-id=\"197o7dx\" data-start=\"4353\" data-end=\"4365\"><p data-start=\"4355\" data-end=\"4365\">graphismes<\/p><\/li><li data-section-id=\"1662byo\" data-start=\"4366\" data-end=\"4373\"><p data-start=\"4368\" data-end=\"4373\">logos<\/p><\/li><li data-section-id=\"12uv3rw\" data-start=\"4374\" data-end=\"4382\"><p data-start=\"4376\" data-end=\"4382\">images<\/p><\/li><li data-section-id=\"1oyo32e\" data-start=\"4383\" data-end=\"4391\"><p data-start=\"4385\" data-end=\"4391\">vid\u00e9os<\/p><\/li><li data-section-id=\"btvt8a\" data-start=\"4392\" data-end=\"4413\"><p data-start=\"4394\" data-end=\"4413\">designs de produits<\/p><\/li><li data-section-id=\"fyknxx\" data-start=\"4414\" data-end=\"4425\"><p data-start=\"4416\" data-end=\"4425\">logiciels<\/p><\/li><\/ul><p data-start=\"4427\" data-end=\"4500\">est la propri\u00e9t\u00e9 exclusive de <strong data-start=\"4457\" data-end=\"4467\">Moroen<\/strong> ou de ses conc\u00e9dants de licence.<\/p><p data-start=\"4502\" data-end=\"4610\">Aucun contenu ne peut \u00eatre <strong data-start=\"4529\" data-end=\"4574\">reproduit, distribu\u00e9, modifi\u00e9 ou exploit\u00e9<\/strong> sans autorisation \u00e9crite pr\u00e9alable.<\/p><p data-start=\"4612\" data-end=\"4733\">Les marques, logos et marques de service affich\u00e9s sur ce site sont prot\u00e9g\u00e9s par les lois sur la propri\u00e9t\u00e9 intellectuelle.<\/p><hr data-start=\"4735\" data-end=\"4738\" \/><h1 data-section-id=\"9bho1l\" data-start=\"4740\" data-end=\"4768\">8. Outils &amp; services tiers<\/h1><p data-start=\"4770\" data-end=\"4845\">Nous pouvons fournir l\u2019acc\u00e8s \u00e0 des <strong data-start=\"4805\" data-end=\"4833\">outils ou services tiers<\/strong>, tels que :<\/p><ul data-start=\"4847\" data-end=\"4915\"><li data-section-id=\"1ira3rw\" data-start=\"4847\" data-end=\"4874\"><p data-start=\"4849\" data-end=\"4874\">processeurs de paiement<\/p><\/li><li data-section-id=\"wt2z3q\" data-start=\"4875\" data-end=\"4897\"><p data-start=\"4877\" data-end=\"4897\">services d\u2019analyse<\/p><\/li><li data-section-id=\"1v4pdm\" data-start=\"4898\" data-end=\"4915\"><p data-start=\"4900\" data-end=\"4915\">transporteurs<\/p><\/li><\/ul><p data-start=\"4917\" data-end=\"5001\">Nous ne sommes pas responsables de l\u2019exactitude ou du contenu de ces services tiers.<\/p><p data-start=\"5003\" data-end=\"5067\">L\u2019utilisation de ces services se fait <strong data-start=\"5041\" data-end=\"5066\">\u00e0 vos propres risques<\/strong>.<\/p><hr data-start=\"5069\" data-end=\"5072\" \/><h1 data-section-id=\"fsuxnu\" data-start=\"5074\" data-end=\"5102\">9. Utilisations interdites<\/h1><p data-start=\"5104\" data-end=\"5156\">Vous ne pouvez pas utiliser le site ou son contenu :<\/p><ul data-start=\"5158\" data-end=\"5443\"><li data-section-id=\"j17r78\" data-start=\"5158\" data-end=\"5182\"><p data-start=\"5160\" data-end=\"5182\">\u00e0 des fins ill\u00e9gales<\/p><\/li><li data-section-id=\"1r7483l\" data-start=\"5183\" data-end=\"5226\"><p data-start=\"5185\" data-end=\"5226\">pour encourager des activit\u00e9s ill\u00e9gales<\/p><\/li><li data-section-id=\"1ol64bn\" data-start=\"5227\" data-end=\"5270\"><p data-start=\"5229\" data-end=\"5270\">pour violer des lois ou r\u00e9glementations<\/p><\/li><li data-section-id=\"195ppv5\" data-start=\"5271\" data-end=\"5329\"><p data-start=\"5273\" data-end=\"5329\">pour enfreindre les droits de propri\u00e9t\u00e9 intellectuelle<\/p><\/li><li data-section-id=\"hsimkr\" data-start=\"5330\" data-end=\"5383\"><p data-start=\"5332\" data-end=\"5383\">pour transmettre des virus ou du code malveillant<\/p><\/li><li data-section-id=\"18gwhjp\" data-start=\"5384\" data-end=\"5443\"><p data-start=\"5386\" data-end=\"5443\">pour compromettre la s\u00e9curit\u00e9 ou les performances du site<\/p><\/li><\/ul><hr data-start=\"5445\" data-end=\"5448\" \/><h1 data-section-id=\"1edysxg\" data-start=\"5450\" data-end=\"5484\">10. Limitation de responsabilit\u00e9<\/h1><p data-start=\"5486\" data-end=\"5643\">Dans la mesure permise par la loi, <strong data-start=\"5521\" data-end=\"5531\">Moroen<\/strong> ne pourra \u00eatre tenu responsable de tout dommage r\u00e9sultant de l\u2019utilisation de notre site, services ou produits.<\/p><p data-start=\"5645\" data-end=\"5668\">Cela inclut notamment :<\/p><ul data-start=\"5670\" data-end=\"5750\"><li data-section-id=\"1jop6e2\" data-start=\"5670\" data-end=\"5688\"><p data-start=\"5672\" data-end=\"5688\">perte de profits<\/p><\/li><li data-section-id=\"brdrxv\" data-start=\"5689\" data-end=\"5707\"><p data-start=\"5691\" data-end=\"5707\">perte de revenus<\/p><\/li><li data-section-id=\"ftfljf\" data-start=\"5708\" data-end=\"5726\"><p data-start=\"5710\" data-end=\"5726\">perte de donn\u00e9es<\/p><\/li><li data-section-id=\"1kg6mi2\" data-start=\"5727\" data-end=\"5750\"><p data-start=\"5729\" data-end=\"5750\">co\u00fbts de remplacement<\/p><\/li><\/ul><p data-start=\"5752\" data-end=\"5859\">En tout \u00e9tat de cause, notre responsabilit\u00e9 ne pourra exc\u00e9der <strong data-start=\"5814\" data-end=\"5858\">le montant pay\u00e9 pour le produit concern\u00e9<\/strong>.<\/p><hr data-start=\"5861\" data-end=\"5864\" \/><h1 data-section-id=\"16gmzfp\" data-start=\"5866\" data-end=\"5894\">11. Clause de non-garantie<\/h1><p data-start=\"5896\" data-end=\"6025\">Tous les produits et services sont fournis <strong data-start=\"5939\" data-end=\"5980\">\u201ctels quels\u201d et \u201cselon disponibilit\u00e9\u201d<\/strong>, sans aucune garantie expresse ou implicite.<\/p><p data-start=\"6027\" data-end=\"6070\">Nous ne garantissons pas que le site sera :<\/p><ul data-start=\"6072\" data-end=\"6133\"><li data-section-id=\"1kyddy6\" data-start=\"6072\" data-end=\"6088\"><p data-start=\"6074\" data-end=\"6088\">ininterrompu<\/p><\/li><li data-section-id=\"1rwklmt\" data-start=\"6089\" data-end=\"6101\"><p data-start=\"6091\" data-end=\"6101\">s\u00e9curis\u00e9<\/p><\/li><li data-section-id=\"v1ymku\" data-start=\"6102\" data-end=\"6133\"><p data-start=\"6104\" data-end=\"6133\">exempt d\u2019erreurs ou de virus.<\/p><\/li><\/ul><hr data-start=\"6135\" data-end=\"6138\" \/><h1 data-section-id=\"rm6cwp\" data-start=\"6140\" data-end=\"6186\">12. Droit applicable &amp; r\u00e8glement des litiges<\/h1><p data-start=\"6188\" data-end=\"6263\">Ces conditions sont r\u00e9gies par les lois de <strong data-start=\"6231\" data-end=\"6262\">[Pays \/ R\u00e9gion \u00e0 compl\u00e9ter]<\/strong>.<\/p><p data-start=\"6265\" data-end=\"6383\">En cas de litige, vous acceptez d\u2019abord de tenter de r\u00e9soudre le probl\u00e8me de mani\u00e8re informelle en nous contactant \u00e0 :<\/p><p data-start=\"6385\" data-end=\"6405\">\ud83d\udce7 <strong data-start=\"6388\" data-end=\"6405\"><a class=\"decorated-link cursor-pointer\" rel=\"noopener\" data-start=\"6390\" data-end=\"6403\">cs@moroen.com<\/a><\/strong><\/p><p data-start=\"6407\" data-end=\"6549\">Si aucune solution n\u2019est trouv\u00e9e, les litiges seront port\u00e9s devant les tribunaux de <strong data-start=\"6491\" data-end=\"6513\">[Lieu \u00e0 compl\u00e9ter]<\/strong>, sauf disposition l\u00e9gale contraire.<\/p><hr data-start=\"6551\" data-end=\"6554\" \/><h1 data-section-id=\"nqn383\" data-start=\"6556\" data-end=\"6573\">13. R\u00e9siliation<\/h1><p data-start=\"6575\" data-end=\"6743\">Nous pouvons <strong data-start=\"6588\" data-end=\"6633\">r\u00e9silier ou suspendre votre acc\u00e8s au site<\/strong> \u00e0 tout moment et sans pr\u00e9avis si vous enfreignez ces conditions ou si votre comportement nuit \u00e0 nos int\u00e9r\u00eats.<\/p><p data-start=\"6745\" data-end=\"6847\">Les obligations et responsabilit\u00e9s engag\u00e9es avant la r\u00e9siliation resteront applicables apr\u00e8s celle-ci.<\/p><hr data-start=\"6849\" data-end=\"6852\" \/><h1 data-section-id=\"vzdajx\" data-start=\"6854\" data-end=\"6867\">14. Contact<\/h1><p data-start=\"6869\" data-end=\"6955\">Pour toute question concernant ces <strong data-start=\"6904\" data-end=\"6928\">Conditions g\u00e9n\u00e9rales<\/strong>, veuillez nous contacter :<\/p><p data-start=\"6957\" data-end=\"6977\">\ud83d\udce7 <strong data-start=\"6960\" data-end=\"6977\"><a class=\"decorated-link cursor-pointer\" rel=\"noopener\" data-start=\"6962\" data-end=\"6975\">cs@moroen.com<\/a><\/strong><\/p>\t\t\t\t\t\t\t\t<\/div>\n\t\t\t\t<\/div>\n\t\t\t\t\t<\/div>\n\t\t\t\t<\/div>\n\t\t\t\t<\/div>\n\t\t","protected":false},"excerpt":{"rendered":"<p>Bienvenue sur moroen.com.En acc\u00e9dant \u00e0 notre site, en le parcourant ou en effectuant un achat, vous acceptez de respecter et d\u2019\u00eatre li\u00e9 par les pr\u00e9sentes Conditions g\u00e9n\u00e9rales (\u201cConditions\u201d). Ces conditions s\u2019appliquent \u00e0 tous les utilisateurs du site, y compris, sans limitation, les visiteurs, clients, fournisseurs, commer\u00e7ants et contributeurs de contenu. Si vous n\u2019acceptez pas ces [&hellip;]<\/p>\n","protected":false},"author":1,"featured_media":0,"parent":0,"menu_order":0,"comment_status":"closed","ping_status":"closed","template":"template-builder.php","meta":{"_acf_changed":false,"footnotes":""},"class_list":["post-195","page","type-page","status-publish","hentry"],"acf":[],"_links":{"self":[{"href":"https:\/\/moroen.com\/fr\/wp-json\/wp\/v2\/pages\/195","targetHints":{"allow":["GET"]}}],"collection":[{"href":"https:\/\/moroen.com\/fr\/wp-json\/wp\/v2\/pages"}],"about":[{"href":"https:\/\/moroen.com\/fr\/wp-json\/wp\/v2\/types\/page"}],"author":[{"embeddable":true,"href":"https:\/\/moroen.com\/fr\/wp-json\/wp\/v2\/users\/1"}],"replies":[{"embeddable":true,"href":"https:\/\/moroen.com\/fr\/wp-json\/wp\/v2\/comments?post=195"}],"version-history":[{"count":3,"href":"https:\/\/moroen.com\/fr\/wp-json\/wp\/v2\/pages\/195\/revisions"}],"predecessor-version":[{"id":630998,"href":"https:\/\/moroen.com\/fr\/wp-json\/wp\/v2\/pages\/195\/revisions\/630998"}],"wp:attachment":[{"href":"https:\/\/moroen.com\/fr\/wp-json\/wp\/v2\/media?parent=195"}],"curies":[{"name":"wp","href":"https:\/\/api.w.org\/{rel}","templated":true}]}}