{"id":737728,"date":"2026-04-19T13:23:33","date_gmt":"2026-04-19T18:23:33","guid":{"rendered":"https:\/\/moroen.com\/fr\/?p=737728"},"modified":"2026-04-19T13:23:33","modified_gmt":"2026-04-19T18:23:33","slug":"nike-sb-dunk-low-orange-label-cd2563-001","status":"publish","type":"product","link":"https:\/\/moroen.com\/fr\/produit\/nike-sb-dunk-low-orange-label-cd2563-001\/","title":{"rendered":"Nike SB Dunk Low &lsquo;Orange Label&rsquo; CD2563-001"},"content":{"rendered":"<p>La Nike SB Dunk Low Orange Label, \u00e9galement connue sous le nom de Black Gum, est une sneaker \u00e9l\u00e9gante de Nike. Il pr\u00e9sente un design noir \u00e9l\u00e9gant qui est polyvalent et peut \u00eatre port\u00e9 avec n&rsquo;importe quelle tenue. L&rsquo;\u00e9tiquette orange ajoute une touche de couleur et donne \u00e0 la chaussure une touche unique. Avec sa coupe confortable et sa construction durable, cette chaussure est parfaite pour le skateboard ou pour un usage quotidien.<\/p>\n<ul>\n<li><strong>Coloris:<\/strong> Black\/White\/Light Brown Gum<\/li>\n<li><strong>Code style:<\/strong> CD2563-001<\/li>\n<li><strong>Tige:<\/strong> Nubuck<\/li>\n<li><strong>Semelle interm\u00e9diaire:<\/strong> Air<\/li>\n<li><strong>Couleur:<\/strong> Black<\/li>\n<li><strong>Designer:<\/strong> Peter Moore<\/li>\n<li><strong>Saison:<\/strong> Spring<\/li>\n<li><strong>Ann\u00e9e de sortie:<\/strong> 2019<\/li>\n<\/ul>\n","protected":false},"excerpt":{"rendered":"<p>La Nike SB Dunk Low Orange Label, \u00e9galement connue sous le nom de Black Gum, est une sneaker \u00e9l\u00e9gante de Nike. Il pr\u00e9sente un design noir \u00e9l\u00e9gant qui est polyvalent et peut \u00eatre port\u00e9 avec n&rsquo;importe quelle tenue. L&rsquo;\u00e9tiquette orange ajoute une touche de couleur et donne \u00e0 la chaussure une touche unique. Avec sa [&hellip;]<\/p>\n","protected":false},"featured_media":737846,"template":"","meta":{"_acf_changed":false},"product_cat":[89],"product_tag":[39075,39088,39057,39096,10553,10759,10754],"class_list":{"0":"post-737728","1":"product","2":"type-product","3":"status-publish","4":"has-post-thumbnail","6":"product_cat-nike-sneakers-2","7":"product_tag-chaussures-de-basketball","8":"product_tag-chaussures-de-basketball-avec-soutien-de-cheville","9":"product_tag-chaussures-de-sport-performance","10":"product_tag-idee-cadeau-pour-lui","11":"product_tag-nike","12":"product_tag-nike-skateboarding-shoes","13":"product_tag-skateboard-shoes","14":"wcpa_has_options","16":"first","17":"instock","18":"shipping-taxable","19":"purchasable","20":"product-type-simple","swatches":"rey-swatches","show_selected":""},"acf":[],"wcpa_form_fields":{"rules":{"pric_overide_base_price":false,"pric_overide_base_price_if_gt_zero":false,"pric_overide_base_price_fully":false,"pric_cal_option_once":false,"pric_use_as_fee":false,"bind_quantity":false,"quantity_bind_formula":false},"fields":[{"type":"color-group","required":true,"elementId":"wcpa-color-group-66866c84d9a20","label":"Taille","inline":true,"priceOptions":"different_for_all","pricingType":"fixed","className":"product-shoes-size","name":"color-group-66866c84d9a31","disp_type":"square","selection_type":"tick-border","disp_size":"50","show_label_inside":true,"adjust_width":true,"cart_display_type":"text","other_text":"Other","cl_rule":"show","cl_val":"EU","col":6,"values":[{"label":"35.5","value":"EU 35.5","price":"","pimage":"","pimage_id":"","pthumb":"","color":""},{"label":"36","value":"EU 36","price":"","pimage":"","pimage_id":"","pthumb":"","color":""},{"label":"36.5","value":"EU 36.5","price":"","pimage":"","pimage_id":"","pthumb":"","color":""},{"label":"37.5","value":"EU 37.5","price":"","pimage":"","pimage_id":"","pthumb":"","color":""},{"label":"38","value":"EU 38","price":"","pimage":"","pimage_id":"","pthumb":"","color":""},{"label":"38.5","value":"EU 38.5","price":"","pimage":"","pimage_id":"","pthumb":"","color":""},{"label":"39","value":"EU 39","price":"","pimage":"","pimage_id":"","pthumb":"","color":""},{"label":"40","value":"EU 40","price":"","pimage":"","pimage_id":"","pthumb":"","color":""},{"label":"40.5","value":"EU 40.5","price":"","pimage":"","pimage_id":"","pthumb":"","color":""},{"label":"41","value":"EU 41","price":"","pimage":"","pimage_id":"","pthumb":"","color":""},{"label":"42","value":"EU 42","price":"","pimage":"","pimage_id":"","pthumb":"","color":""},{"label":"42.5","value":"EU 42.5","price":"","pimage":"","pimage_id":"","pthumb":"","color":""},{"label":"43","value":"EU 43","price":"","pimage":"","pimage_id":"","pthumb":"","color":""},{"label":"44","value":"EU 44","price":"","pimage":"","pimage_id":"","pthumb":"","color":""},{"label":"44.5","value":"EU 44.5","price":"","pimage":"","pimage_id":"","pthumb":"","color":""},{"label":"45","value":"EU 45","price":"","pimage":"","pimage_id":"","pthumb":"","color":""},{"label":"45.5","value":"EU 45.5","price":"","pimage":"","pimage_id":"","pthumb":"","color":""},{"label":"46","value":"EU 46","price":"","pimage":"","pimage_id":"","pthumb":"","color":""},{"label":"47","value":"EU 47","price":"","pimage":"","pimage_id":"","pthumb":"","color":""},{"label":"47.5","value":"EU 47.5","price":"","pimage":"","pimage_id":"","pthumb":"","color":""},{"label":"48","value":"EU 48","price":"","pimage":"","pimage_id":"","pthumb":"","color":""}],"relations":[{"operator":false,"rules":[{"operator":false,"rules":{"cl_field":"wcpa-select-1763976798612","cl_relation":"is","cl_val":{"i":"0","value":"EU"}}}]}],"form_id":349038,"form_rules":{"pric_cal_option_once":false,"exclude_from_discount":false,"pric_use_as_fee":false,"fee_label":"Fee","render_after_acb":false,"disp_hide_options_price":false}}]},"_links":{"self":[{"href":"https:\/\/moroen.com\/fr\/wp-json\/wp\/v2\/product\/737728","targetHints":{"allow":["GET"]}}],"collection":[{"href":"https:\/\/moroen.com\/fr\/wp-json\/wp\/v2\/product"}],"about":[{"href":"https:\/\/moroen.com\/fr\/wp-json\/wp\/v2\/types\/product"}],"wp:featuredmedia":[{"embeddable":true,"href":"https:\/\/moroen.com\/fr\/wp-json\/wp\/v2\/media\/737846"}],"wp:attachment":[{"href":"https:\/\/moroen.com\/fr\/wp-json\/wp\/v2\/media?parent=737728"}],"wp:term":[{"taxonomy":"product_cat","embeddable":true,"href":"https:\/\/moroen.com\/fr\/wp-json\/wp\/v2\/product_cat?post=737728"},{"taxonomy":"product_tag","embeddable":true,"href":"https:\/\/moroen.com\/fr\/wp-json\/wp\/v2\/product_tag?post=737728"}],"curies":[{"name":"wp","href":"https:\/\/api.w.org\/{rel}","templated":true}]}}