{"id":737735,"date":"2026-04-19T13:23:33","date_gmt":"2026-04-19T18:23:33","guid":{"rendered":"https:\/\/moroen.com\/fr\/?p=737735"},"modified":"2026-04-19T13:23:33","modified_gmt":"2026-04-19T18:23:33","slug":"nike-dunk-low-retro-hf5441-105","status":"publish","type":"product","link":"https:\/\/moroen.com\/fr\/produit\/nike-dunk-low-retro-hf5441-105\/","title":{"rendered":"Nike Dunk Low R\u00e9tro HF5441-105"},"content":{"rendered":"<p>La Nike Dunk Low Retro HF5441-105 offre un style et une polyvalence intemporels, alliant confort moderne et silhouette de basket-ball classique \u00e0 porter au quotidien. Fabriqu\u00e9e avec une tige en cuir durable et un bout perfor\u00e9 pour la respirabilit\u00e9, cette sneaker offre un design \u00e9pur\u00e9 et embl\u00e9matique adapt\u00e9 \u00e0 toutes les occasions. Dot\u00e9e d&rsquo;une semelle intercalaire coussin\u00e9e pour un soutien toute la journ\u00e9e, d&rsquo;une semelle ext\u00e9rieure en caoutchouc pour une excellente traction et de la marque Nike embl\u00e9matique pour une touche authentique, elle comble le foss\u00e9 entre les ambiances r\u00e9tro et l&rsquo;esth\u00e9tique streetwear contemporaine. Parfaite pour les collectionneurs de baskets, les passionn\u00e9s de mode ou ceux qui recherchent une paire polyvalente qui s&rsquo;associe sans effort \u00e0 n&rsquo;importe quelle garde-robe, la Nike Dunk Low Retro HF5441-105 est un incontournable incontournable pour faire une impression durable.<\/p>\n<ul>\n<li><strong>Coloris:<\/strong> White\/White\/Light Smoke Gray<\/li>\n<li><strong>Code style:<\/strong> HF5441-105<\/li>\n<li><strong>Tige:<\/strong> Leather<\/li>\n<li><strong>Couleur:<\/strong> Grey<\/li>\n<li><strong>Designer:<\/strong> Peter Moore<\/li>\n<\/ul>\n","protected":false},"excerpt":{"rendered":"<p>La Nike Dunk Low Retro HF5441-105 offre un style et une polyvalence intemporels, alliant confort moderne et silhouette de basket-ball classique \u00e0 porter au quotidien. Fabriqu\u00e9e avec une tige en cuir durable et un bout perfor\u00e9 pour la respirabilit\u00e9, cette sneaker offre un design \u00e9pur\u00e9 et embl\u00e9matique adapt\u00e9 \u00e0 toutes les occasions. Dot\u00e9e d&rsquo;une semelle [&hellip;]<\/p>\n","protected":false},"featured_media":737900,"template":"","meta":{"_acf_changed":false},"product_cat":[89],"product_tag":[39075,39088,39057,10564,10753,10553,39058],"class_list":{"0":"post-737735","1":"product","2":"type-product","3":"status-publish","4":"has-post-thumbnail","6":"product_cat-nike-sneakers-2","7":"product_tag-chaussures-de-basketball","8":"product_tag-chaussures-de-basketball-avec-soutien-de-cheville","9":"product_tag-chaussures-de-sport-performance","10":"product_tag-lifestyle-casual-shoes","11":"product_tag-lifestyle-shoes-skateboarding-inspired","12":"product_tag-nike","13":"product_tag-sous-le-prix-de-detail","14":"wcpa_has_options","16":"first","17":"instock","18":"shipping-taxable","19":"purchasable","20":"product-type-simple","swatches":"rey-swatches","show_selected":""},"acf":[],"wcpa_form_fields":{"rules":{"pric_overide_base_price":false,"pric_overide_base_price_if_gt_zero":false,"pric_overide_base_price_fully":false,"pric_cal_option_once":false,"pric_use_as_fee":false,"bind_quantity":false,"quantity_bind_formula":false},"fields":[{"type":"color-group","required":true,"elementId":"wcpa-color-group-66866c84d9a20","label":"Taille","inline":true,"priceOptions":"different_for_all","pricingType":"fixed","className":"product-shoes-size","name":"color-group-66866c84d9a31","disp_type":"square","selection_type":"tick-border","disp_size":"50","show_label_inside":true,"adjust_width":true,"cart_display_type":"text","other_text":"Other","cl_rule":"show","cl_val":"EU","col":6,"values":[{"label":"35.5","value":"EU 35.5","price":"","pimage":"","pimage_id":"","pthumb":"","color":""},{"label":"36","value":"EU 36","price":"","pimage":"","pimage_id":"","pthumb":"","color":""},{"label":"36.5","value":"EU 36.5","price":"","pimage":"","pimage_id":"","pthumb":"","color":""},{"label":"37.5","value":"EU 37.5","price":"","pimage":"","pimage_id":"","pthumb":"","color":""},{"label":"38","value":"EU 38","price":"","pimage":"","pimage_id":"","pthumb":"","color":""},{"label":"38.5","value":"EU 38.5","price":"","pimage":"","pimage_id":"","pthumb":"","color":""},{"label":"39","value":"EU 39","price":"","pimage":"","pimage_id":"","pthumb":"","color":""},{"label":"40","value":"EU 40","price":"","pimage":"","pimage_id":"","pthumb":"","color":""},{"label":"40.5","value":"EU 40.5","price":"","pimage":"","pimage_id":"","pthumb":"","color":""},{"label":"41","value":"EU 41","price":"","pimage":"","pimage_id":"","pthumb":"","color":""},{"label":"42","value":"EU 42","price":"","pimage":"","pimage_id":"","pthumb":"","color":""},{"label":"42.5","value":"EU 42.5","price":"","pimage":"","pimage_id":"","pthumb":"","color":""},{"label":"43","value":"EU 43","price":"","pimage":"","pimage_id":"","pthumb":"","color":""},{"label":"44","value":"EU 44","price":"","pimage":"","pimage_id":"","pthumb":"","color":""},{"label":"44.5","value":"EU 44.5","price":"","pimage":"","pimage_id":"","pthumb":"","color":""},{"label":"45","value":"EU 45","price":"","pimage":"","pimage_id":"","pthumb":"","color":""},{"label":"45.5","value":"EU 45.5","price":"","pimage":"","pimage_id":"","pthumb":"","color":""},{"label":"46","value":"EU 46","price":"","pimage":"","pimage_id":"","pthumb":"","color":""},{"label":"47","value":"EU 47","price":"","pimage":"","pimage_id":"","pthumb":"","color":""},{"label":"47.5","value":"EU 47.5","price":"","pimage":"","pimage_id":"","pthumb":"","color":""},{"label":"48","value":"EU 48","price":"","pimage":"","pimage_id":"","pthumb":"","color":""}],"relations":[{"operator":false,"rules":[{"operator":false,"rules":{"cl_field":"wcpa-select-1763976798612","cl_relation":"is","cl_val":{"i":"0","value":"EU"}}}]}],"form_id":349038,"form_rules":{"pric_cal_option_once":false,"exclude_from_discount":false,"pric_use_as_fee":false,"fee_label":"Fee","render_after_acb":false,"disp_hide_options_price":false}}]},"_links":{"self":[{"href":"https:\/\/moroen.com\/fr\/wp-json\/wp\/v2\/product\/737735","targetHints":{"allow":["GET"]}}],"collection":[{"href":"https:\/\/moroen.com\/fr\/wp-json\/wp\/v2\/product"}],"about":[{"href":"https:\/\/moroen.com\/fr\/wp-json\/wp\/v2\/types\/product"}],"wp:featuredmedia":[{"embeddable":true,"href":"https:\/\/moroen.com\/fr\/wp-json\/wp\/v2\/media\/737900"}],"wp:attachment":[{"href":"https:\/\/moroen.com\/fr\/wp-json\/wp\/v2\/media?parent=737735"}],"wp:term":[{"taxonomy":"product_cat","embeddable":true,"href":"https:\/\/moroen.com\/fr\/wp-json\/wp\/v2\/product_cat?post=737735"},{"taxonomy":"product_tag","embeddable":true,"href":"https:\/\/moroen.com\/fr\/wp-json\/wp\/v2\/product_tag?post=737735"}],"curies":[{"name":"wp","href":"https:\/\/api.w.org\/{rel}","templated":true}]}}