{"id":756329,"date":"2026-04-19T13:23:33","date_gmt":"2026-04-19T18:23:33","guid":{"rendered":"https:\/\/moroen.com\/fr\/?p=756329"},"modified":"2026-04-19T13:23:33","modified_gmt":"2026-04-19T18:23:33","slug":"asics-gel-1130-noir-argent-pur-1201a906-001","status":"publish","type":"product","link":"https:\/\/moroen.com\/fr\/produit\/asics-gel-1130-noir-argent-pur-1201a906-001\/","title":{"rendered":"ASICS Gel 1130 &lsquo;Noir Argent Pur&rsquo; 1201A906-001"},"content":{"rendered":"<p>La sneaker ASICS Gel 1130 Black Pure Silver offre des performances et un style optimaux. Avec son syst\u00e8me d&rsquo;amorti Gel et sa construction durable, ces baskets offrent un confort et un maintien sup\u00e9rieurs. Le design \u00e9l\u00e9gant noir et argent pur ajoute une touche de sophistication \u00e0 n&rsquo;importe quelle tenue. Parfaites pour les athl\u00e8tes et les passionn\u00e9s de mode, ces baskets ASICS sont un ajout polyvalent \u00e0 toute garde-robe.<\/p>\n<ul>\n<li><strong>Coloris:<\/strong> Black\/Pure Silver<\/li>\n<li><strong>Code style:<\/strong> 1201A906-001<\/li>\n<li><strong>Tige:<\/strong> Mesh<\/li>\n<li><strong>Semelle interm\u00e9diaire:<\/strong> Gel<\/li>\n<li><strong>Couleur:<\/strong> Black<\/li>\n<li><strong>Ann\u00e9e de sortie:<\/strong> 2023<\/li>\n<\/ul>\n","protected":false},"excerpt":{"rendered":"<p>La sneaker ASICS Gel 1130 Black Pure Silver offre des performances et un style optimaux. Avec son syst\u00e8me d&rsquo;amorti Gel et sa construction durable, ces baskets offrent un confort et un maintien sup\u00e9rieurs. Le design \u00e9l\u00e9gant noir et argent pur ajoute une touche de sophistication \u00e0 n&rsquo;importe quelle tenue. Parfaites pour les athl\u00e8tes et les [&hellip;]<\/p>\n","protected":false},"featured_media":756874,"template":"","meta":{"_acf_changed":false},"product_cat":[10554],"product_tag":[10555,10889,10561,10576,39096,10564,10596,10565],"class_list":{"0":"post-756329","1":"product","2":"type-product","3":"status-publish","4":"has-post-thumbnail","6":"product_cat-asics","7":"product_tag-asics","8":"product_tag-asics-running-shoes","9":"product_tag-athleisure-shoes","10":"product_tag-gallery-look","11":"product_tag-idee-cadeau-pour-lui","12":"product_tag-lifestyle-casual-shoes","13":"product_tag-lifestyle-shoes-running-inspired","14":"product_tag-retro-running-shoes","15":"wcpa_has_options","17":"first","18":"instock","19":"shipping-taxable","20":"purchasable","21":"product-type-simple","swatches":"rey-swatches","show_selected":""},"acf":[],"wcpa_form_fields":{"rules":{"pric_overide_base_price":false,"pric_overide_base_price_if_gt_zero":false,"pric_overide_base_price_fully":false,"pric_cal_option_once":false,"pric_use_as_fee":false,"bind_quantity":false,"quantity_bind_formula":false},"fields":[{"type":"color-group","required":true,"elementId":"wcpa-color-group-69af1a028ab9c","label":"Taille","inline":true,"priceOptions":"different_for_all","pricingType":"fixed","className":"product-shoes-size","name":"color-group-69af1a028abac","disp_type":"square","selection_type":"tick-border","disp_size":"50","show_label_inside":true,"adjust_width":true,"cart_display_type":"text","other_text":"Other","cl_rule":"show","cl_val":"EU","col":6,"values":[{"label":"36","value":"EU 36","price":"","pimage":"","pimage_id":"","pthumb":"","color":""},{"label":"37","value":"EU 37","price":"","pimage":"","pimage_id":"","pthumb":"","color":""},{"label":"37.5","value":"EU 37.5","price":"","pimage":"","pimage_id":"","pthumb":"","color":""},{"label":"38","value":"EU 38","price":"","pimage":"","pimage_id":"","pthumb":"","color":""},{"label":"39","value":"EU 39","price":"","pimage":"","pimage_id":"","pthumb":"","color":""},{"label":"39.5","value":"EU 39.5","price":"","pimage":"","pimage_id":"","pthumb":"","color":""},{"label":"40","value":"EU 40","price":"","pimage":"","pimage_id":"","pthumb":"","color":"","selected":true},{"label":"40.5","value":"EU 40.5","price":"","pimage":"","pimage_id":"","pthumb":"","color":""},{"label":"41","value":"EU 41","price":"","pimage":"","pimage_id":"","pthumb":"","color":""},{"label":"41.5","value":"EU 41.5","price":"","pimage":"","pimage_id":"","pthumb":"","color":""},{"label":"42","value":"EU 42","price":"","pimage":"","pimage_id":"","pthumb":"","color":""},{"label":"42.5","value":"EU 42.5","price":"","pimage":"","pimage_id":"","pthumb":"","color":""},{"label":"43.5","value":"EU 43.5","price":"","pimage":"","pimage_id":"","pthumb":"","color":""},{"label":"44","value":"EU 44","price":"","pimage":"","pimage_id":"","pthumb":"","color":""},{"label":"44.5","value":"EU 44.5","price":"","pimage":"","pimage_id":"","pthumb":"","color":""},{"label":"45","value":"EU 45","price":"","pimage":"","pimage_id":"","pthumb":"","color":""},{"label":"45.5","value":"EU 45.5","price":"","pimage":"","pimage_id":"","pthumb":"","color":""},{"label":"46","value":"EU 46","price":"","pimage":"","pimage_id":"","pthumb":"","color":""},{"label":"46.5","value":"EU 46.5","price":"","pimage":"","pimage_id":"","pthumb":"","color":""},{"label":"47","value":"EU 47","price":"","pimage":"","pimage_id":"","pthumb":"","color":""},{"label":"48","value":"EU 48","price":"","pimage":"","pimage_id":"","pthumb":"","color":""}],"relations":[{"operator":false,"rules":[{"operator":false,"rules":{"cl_field":"wcpa-select-69af1a028ab54","cl_relation":"is","cl_val":{"i":"0","value":"EU"}}}]}],"form_id":630902,"form_rules":{"pric_cal_option_once":false,"exclude_from_discount":false,"pric_use_as_fee":false,"fee_label":"Fee","render_after_acb":false,"disp_hide_options_price":false}},{"type":"color-group","required":true,"elementId":"wcpa-color-group-66bcbc31e01ac","label":"Taille","inline":true,"priceOptions":"different_for_all","pricingType":"fixed","className":"product-shoes-size","name":"color-group-66bcbc31e01be","disp_type":"square","selection_type":"tick-border","disp_size":"50","show_label_inside":true,"adjust_width":true,"cart_display_type":"text","other_text":"Other","cl_rule":"show","cl_val":"EU","col":6,"values":[{"label":"35.5","value":"EU 35.5","price":"","pimage":"","pimage_id":"","pthumb":"","color":""},{"label":"36","value":"EU 36","price":"","pimage":"","pimage_id":"","pthumb":"","color":""},{"label":"36.5","value":"EU 36.5","price":"","pimage":"","pimage_id":"","pthumb":"","color":""},{"label":"37.5","value":"EU 37.5","price":"","pimage":"","pimage_id":"","pthumb":"","color":""},{"label":"38","value":"EU 38","price":"","pimage":"","pimage_id":"","pthumb":"","color":""},{"label":"38.5","value":"EU 38.5","price":"","pimage":"","pimage_id":"","pthumb":"","color":""},{"label":"39","value":"EU 39","price":"","pimage":"","pimage_id":"","pthumb":"","color":""},{"label":"40","value":"EU 40","price":"","pimage":"","pimage_id":"","pthumb":"","color":""},{"label":"40.5","value":"EU 40.5","price":"","pimage":"","pimage_id":"","pthumb":"","color":""},{"label":"41","value":"EU 41","price":"","pimage":"","pimage_id":"","pthumb":"","color":""},{"label":"42","value":"EU 42","price":"","pimage":"","pimage_id":"","pthumb":"","color":""},{"label":"42.5","value":"EU 42.5","price":"","pimage":"","pimage_id":"","pthumb":"","color":""},{"label":"43","value":"EU 43","price":"","pimage":"","pimage_id":"","pthumb":"","color":""},{"label":"44","value":"EU 44","price":"","pimage":"","pimage_id":"","pthumb":"","color":""},{"label":"44.5","value":"EU 44.5","price":"","pimage":"","pimage_id":"","pthumb":"","color":""},{"label":"45","value":"EU 45","price":"","pimage":"","pimage_id":"","pthumb":"","color":""},{"label":"45.5","value":"EU 45.5","price":"","pimage":"","pimage_id":"","pthumb":"","color":""},{"label":"46","value":"EU 46","price":"","pimage":"","pimage_id":"","pthumb":"","color":""}],"relations":[{"operator":false,"rules":[{"operator":false,"rules":{"cl_field":"wcpa-color-group-66bcbc31e018d","cl_relation":"is","cl_val":{"i":"0","value":"EU"}}}]}],"form_id":401138,"form_rules":{"pric_cal_option_once":false,"exclude_from_discount":false,"pric_use_as_fee":false,"fee_label":"Fee","render_after_acb":false,"disp_hide_options_price":false}}]},"_links":{"self":[{"href":"https:\/\/moroen.com\/fr\/wp-json\/wp\/v2\/product\/756329","targetHints":{"allow":["GET"]}}],"collection":[{"href":"https:\/\/moroen.com\/fr\/wp-json\/wp\/v2\/product"}],"about":[{"href":"https:\/\/moroen.com\/fr\/wp-json\/wp\/v2\/types\/product"}],"wp:featuredmedia":[{"embeddable":true,"href":"https:\/\/moroen.com\/fr\/wp-json\/wp\/v2\/media\/756874"}],"wp:attachment":[{"href":"https:\/\/moroen.com\/fr\/wp-json\/wp\/v2\/media?parent=756329"}],"wp:term":[{"taxonomy":"product_cat","embeddable":true,"href":"https:\/\/moroen.com\/fr\/wp-json\/wp\/v2\/product_cat?post=756329"},{"taxonomy":"product_tag","embeddable":true,"href":"https:\/\/moroen.com\/fr\/wp-json\/wp\/v2\/product_tag?post=756329"}],"curies":[{"name":"wp","href":"https:\/\/api.w.org\/{rel}","templated":true}]}}