{"id":762120,"date":"2026-04-19T13:23:33","date_gmt":"2026-04-19T18:23:33","guid":{"rendered":"https:\/\/moroen.com\/fr\/?p=762120"},"modified":"2026-04-19T13:23:33","modified_gmt":"2026-04-19T18:23:33","slug":"adidas-ultraboost-22-flash-orange-hr1029","status":"publish","type":"product","link":"https:\/\/moroen.com\/fr\/produit\/adidas-ultraboost-22-flash-orange-hr1029\/","title":{"rendered":"adidas UltraBoost 22 &lsquo;Flash Orange&rsquo; HR1029"},"content":{"rendered":"<p>L&rsquo;adidas UltraBoost 22 Flash Orange est une sneaker haute performance con\u00e7ue pour les athl\u00e8tes et les porteurs occasionnels. Sa construction l\u00e9g\u00e8re mais durable, combin\u00e9e \u00e0 l&rsquo;amorti Boost r\u00e9actif, offre un confort et un maintien exceptionnels. La couleur orange flash vibrante ajoute une touche audacieuse et \u00e9l\u00e9gante \u00e0 n&rsquo;importe quelle tenue. Que vous alliez \u00e0 la salle de sport ou que vous fassiez des courses, ces baskets vous permettront de vous sentir bien et de vous sentir bien.<\/p>\n<ul>\n<li><strong>Coloris:<\/strong> Flash Orange\/Core Black\/Cloud White<\/li>\n<li><strong>Code style:<\/strong> HR1029<\/li>\n<li><strong>Tige:<\/strong> Primeknit<\/li>\n<li><strong>Semelle interm\u00e9diaire:<\/strong> Boost<\/li>\n<li><strong>Couleur:<\/strong> Orange<\/li>\n<li><strong>Saison:<\/strong> Fall<\/li>\n<li><strong>Ann\u00e9e de sortie:<\/strong> 2022<\/li>\n<\/ul>\n","protected":false},"excerpt":{"rendered":"<p>L&rsquo;adidas UltraBoost 22 Flash Orange est une sneaker haute performance con\u00e7ue pour les athl\u00e8tes et les porteurs occasionnels. Sa construction l\u00e9g\u00e8re mais durable, combin\u00e9e \u00e0 l&rsquo;amorti Boost r\u00e9actif, offre un confort et un maintien exceptionnels. La couleur orange flash vibrante ajoute une touche audacieuse et \u00e9l\u00e9gante \u00e0 n&rsquo;importe quelle tenue. Que vous alliez \u00e0 la [&hellip;]<\/p>\n","protected":false},"featured_media":762640,"template":"","meta":{"_acf_changed":false},"product_cat":[6307],"product_tag":[10581,10872,39081,39057,39096,10692,39098,10686,39058,10610],"class_list":{"0":"post-762120","1":"product","2":"type-product","3":"status-publish","4":"has-post-thumbnail","6":"product_cat-sneakers-adidas","7":"product_tag-adidas","8":"product_tag-adidas-running-shoes","9":"product_tag-chaussures-de-course","10":"product_tag-chaussures-de-sport-performance","11":"product_tag-idee-cadeau-pour-lui","12":"product_tag-max-cushion-cushioned-running-shoes","13":"product_tag-offres-tendance","14":"product_tag-performance-running-shoes","15":"product_tag-sous-le-prix-de-detail","16":"product_tag-trending-deals-under-150","17":"wcpa_has_options","19":"first","20":"instock","21":"shipping-taxable","22":"purchasable","23":"product-type-simple","swatches":"rey-swatches","show_selected":""},"acf":[],"wcpa_form_fields":{"rules":{"pric_overide_base_price":false,"pric_overide_base_price_if_gt_zero":false,"pric_overide_base_price_fully":false,"pric_cal_option_once":false,"pric_use_as_fee":false,"bind_quantity":false,"quantity_bind_formula":false},"fields":[{"type":"color-group","required":true,"elementId":"wcpa-color-group-66bcbbd304385","label":"Taille","inline":true,"priceOptions":"different_for_all","pricingType":"fixed","className":"product-shoes-size","name":"color-group-66bcbbd304390","disp_type":"square","selection_type":"tick-border","disp_size":"50","show_label_inside":true,"adjust_width":true,"cart_display_type":"text","other_text":"Other","cl_rule":"show","cl_val":"EU","col":6,"values":[{"label":"35","value":"EU 35","price":"","pimage":"","pimage_id":"","pthumb":"","color":""},{"label":"35.5","value":"EU 35.5","price":"","pimage":"","pimage_id":"","pthumb":"","color":""},{"label":"36 2\/3","value":"EU 36 2\/3","price":"","pimage":"","pimage_id":"","pthumb":"","color":""},{"label":"37 1\/3","value":"EU 37 1\/3","price":"","pimage":"","pimage_id":"","pthumb":"","color":""},{"label":"38","value":"EU 38","price":"","pimage":"","pimage_id":"","pthumb":"","color":""},{"label":"38 2\/3","value":"EU 38 2\/3","price":"","pimage":"","pimage_id":"","pthumb":"","color":""},{"label":"39 1\/3","value":"EU 39 1\/3","price":"","pimage":"","pimage_id":"","pthumb":"","color":""},{"label":"40","value":"EU 40","price":"","pimage":"","pimage_id":"","pthumb":"","color":""},{"label":"40 2\/3","value":"EU 40 2\/3","price":"","pimage":"","pimage_id":"","pthumb":"","color":""},{"label":"41 1\/3","value":"EU 41 1\/3","price":"","pimage":"","pimage_id":"","pthumb":"","color":""},{"label":"42","value":"EU 42","price":"","pimage":"","pimage_id":"","pthumb":"","color":""},{"label":"42 2\/3","value":"EU 42 2\/3","price":"","pimage":"","pimage_id":"","pthumb":"","color":""},{"label":"43 1\/3","value":"EU 43 1\/3","price":"","pimage":"","pimage_id":"","pthumb":"","color":""},{"label":"44","value":"EU 44","price":"","pimage":"","pimage_id":"","pthumb":"","color":""},{"label":"44 2\/3","value":"EU 44 2\/3","price":"","pimage":"","pimage_id":"","pthumb":"","color":""},{"label":"45 1\/3","value":"EU 45 1\/3","price":"","pimage":"","pimage_id":"","pthumb":"","color":""},{"label":"46","value":"EU 46","price":"","pimage":"","pimage_id":"","pthumb":"","color":""},{"label":"46 2\/3","value":"EU 46 2\/3","price":"","pimage":"","pimage_id":"","pthumb":"","color":""},{"label":"47 1\/3","value":"EU 47 1\/3","price":"","pimage":"","pimage_id":"","pthumb":"","color":""},{"label":"48","value":"EU 48","price":"","pimage":"","pimage_id":"","pthumb":"","color":""},{"label":"48 2\/3","value":"EU 48 2\/3","price":"","pimage":"","pimage_id":"","pthumb":"","color":""},{"label":"49 1\/3","value":"EU 49 1\/3","price":"","pimage":"","pimage_id":"","pthumb":"","color":""},{"label":"50","value":"EU 50","price":"","pimage":"","pimage_id":"","pthumb":"","color":""},{"label":"50 2\/3","value":"EU 50 2\/3","price":"","pimage":"","pimage_id":"","pthumb":"","color":""},{"label":"51 1\/3","value":"EU 51 1\/3","price":"","pimage":"","pimage_id":"","pthumb":"","color":""}],"relations":[{"operator":false,"rules":[{"operator":false,"rules":{"cl_field":"wcpa-color-group-66bcbbd304351","cl_relation":"is","cl_val":{"i":"0","value":"EU"}}}]}],"form_id":401137,"form_rules":{"pric_cal_option_once":false,"exclude_from_discount":false,"pric_use_as_fee":false,"fee_label":"Fee","render_after_acb":false,"disp_hide_options_price":false}}]},"_links":{"self":[{"href":"https:\/\/moroen.com\/fr\/wp-json\/wp\/v2\/product\/762120","targetHints":{"allow":["GET"]}}],"collection":[{"href":"https:\/\/moroen.com\/fr\/wp-json\/wp\/v2\/product"}],"about":[{"href":"https:\/\/moroen.com\/fr\/wp-json\/wp\/v2\/types\/product"}],"wp:featuredmedia":[{"embeddable":true,"href":"https:\/\/moroen.com\/fr\/wp-json\/wp\/v2\/media\/762640"}],"wp:attachment":[{"href":"https:\/\/moroen.com\/fr\/wp-json\/wp\/v2\/media?parent=762120"}],"wp:term":[{"taxonomy":"product_cat","embeddable":true,"href":"https:\/\/moroen.com\/fr\/wp-json\/wp\/v2\/product_cat?post=762120"},{"taxonomy":"product_tag","embeddable":true,"href":"https:\/\/moroen.com\/fr\/wp-json\/wp\/v2\/product_tag?post=762120"}],"curies":[{"name":"wp","href":"https:\/\/api.w.org\/{rel}","templated":true}]}}