{"id":762917,"date":"2026-04-19T13:23:33","date_gmt":"2026-04-19T18:23:33","guid":{"rendered":"https:\/\/moroen.com\/fr\/?p=762917"},"modified":"2026-04-19T13:23:33","modified_gmt":"2026-04-19T18:23:33","slug":"femme-nike-quest-5-noir-gris-fer-dd9291-001","status":"publish","type":"product","link":"https:\/\/moroen.com\/fr\/produit\/femme-nike-quest-5-noir-gris-fer-dd9291-001\/","title":{"rendered":"(Femme) Nike Quest 5 &lsquo;Noir Gris Fer&rsquo; DD9291-001"},"content":{"rendered":"<p>Les baskets Nike Quest 5 Black Iron Grey (WMNS) offrent un design \u00e9l\u00e9gant et \u00e9l\u00e9gant avec des performances sup\u00e9rieures. Pr\u00e9sentant une palette de couleurs noir et gris fer, ces baskets Nike sont parfaites pour les femmes qui recherchent confort et style dans leurs chaussures. Que vous alliez \u00e0 la salle de sport ou que vous partiez pour une sortie d\u00e9contract\u00e9e, ces baskets vous assureront de sortir avec style.<\/p>\n<ul>\n<li><strong>Coloris:<\/strong> Black\/Blue<\/li>\n<li><strong>Code style:<\/strong> DD9291-001<\/li>\n<li><strong>Tige:<\/strong> Mesh<\/li>\n<li><strong>Saison:<\/strong> All Season<\/li>\n<li><strong>Ann\u00e9e de sortie:<\/strong> 2022<\/li>\n<\/ul>\n","protected":false},"excerpt":{"rendered":"<p>Les baskets Nike Quest 5 Black Iron Grey (WMNS) offrent un design \u00e9l\u00e9gant et \u00e9l\u00e9gant avec des performances sup\u00e9rieures. Pr\u00e9sentant une palette de couleurs noir et gris fer, ces baskets Nike sont parfaites pour les femmes qui recherchent confort et style dans leurs chaussures. Que vous alliez \u00e0 la salle de sport ou que vous [&hellip;]<\/p>\n","protected":false},"featured_media":763067,"template":"","meta":{"_acf_changed":false},"product_cat":[89],"product_tag":[10697,11704,39081,39057,39131,10553,39098,10686,39058,10610],"class_list":{"0":"post-762917","1":"product","2":"type-product","3":"status-publish","4":"has-post-thumbnail","6":"product_cat-nike-sneakers-2","7":"product_tag-best-finds-under-100","8":"product_tag-casual-running-shoes","9":"product_tag-chaussures-de-course","10":"product_tag-chaussures-de-sport-performance","11":"product_tag-idee-cadeau-pour-elle","12":"product_tag-nike","13":"product_tag-offres-tendance","14":"product_tag-performance-running-shoes","15":"product_tag-sous-le-prix-de-detail","16":"product_tag-trending-deals-under-150","17":"wcpa_has_options","19":"first","20":"instock","21":"shipping-taxable","22":"purchasable","23":"product-type-simple","swatches":"rey-swatches","show_selected":""},"acf":[],"wcpa_form_fields":{"rules":{"pric_overide_base_price":false,"pric_overide_base_price_if_gt_zero":false,"pric_overide_base_price_fully":false,"pric_cal_option_once":false,"pric_use_as_fee":false,"bind_quantity":false,"quantity_bind_formula":false},"fields":[{"type":"color-group","required":true,"elementId":"wcpa-color-group-66866c84d9a20","label":"Taille","inline":true,"priceOptions":"different_for_all","pricingType":"fixed","className":"product-shoes-size","name":"color-group-66866c84d9a31","disp_type":"square","selection_type":"tick-border","disp_size":"50","show_label_inside":true,"adjust_width":true,"cart_display_type":"text","other_text":"Other","cl_rule":"show","cl_val":"EU","col":6,"values":[{"label":"35.5","value":"EU 35.5","price":"","pimage":"","pimage_id":"","pthumb":"","color":""},{"label":"36","value":"EU 36","price":"","pimage":"","pimage_id":"","pthumb":"","color":""},{"label":"36.5","value":"EU 36.5","price":"","pimage":"","pimage_id":"","pthumb":"","color":""},{"label":"37.5","value":"EU 37.5","price":"","pimage":"","pimage_id":"","pthumb":"","color":""},{"label":"38","value":"EU 38","price":"","pimage":"","pimage_id":"","pthumb":"","color":""},{"label":"38.5","value":"EU 38.5","price":"","pimage":"","pimage_id":"","pthumb":"","color":""},{"label":"39","value":"EU 39","price":"","pimage":"","pimage_id":"","pthumb":"","color":""},{"label":"40","value":"EU 40","price":"","pimage":"","pimage_id":"","pthumb":"","color":""},{"label":"40.5","value":"EU 40.5","price":"","pimage":"","pimage_id":"","pthumb":"","color":""},{"label":"41","value":"EU 41","price":"","pimage":"","pimage_id":"","pthumb":"","color":""},{"label":"42","value":"EU 42","price":"","pimage":"","pimage_id":"","pthumb":"","color":""},{"label":"42.5","value":"EU 42.5","price":"","pimage":"","pimage_id":"","pthumb":"","color":""},{"label":"43","value":"EU 43","price":"","pimage":"","pimage_id":"","pthumb":"","color":""},{"label":"44","value":"EU 44","price":"","pimage":"","pimage_id":"","pthumb":"","color":""},{"label":"44.5","value":"EU 44.5","price":"","pimage":"","pimage_id":"","pthumb":"","color":""},{"label":"45","value":"EU 45","price":"","pimage":"","pimage_id":"","pthumb":"","color":""},{"label":"45.5","value":"EU 45.5","price":"","pimage":"","pimage_id":"","pthumb":"","color":""},{"label":"46","value":"EU 46","price":"","pimage":"","pimage_id":"","pthumb":"","color":""},{"label":"47","value":"EU 47","price":"","pimage":"","pimage_id":"","pthumb":"","color":""},{"label":"47.5","value":"EU 47.5","price":"","pimage":"","pimage_id":"","pthumb":"","color":""},{"label":"48","value":"EU 48","price":"","pimage":"","pimage_id":"","pthumb":"","color":""}],"relations":[{"operator":false,"rules":[{"operator":false,"rules":{"cl_field":"wcpa-select-1763976798612","cl_relation":"is","cl_val":{"i":"0","value":"EU"}}}]}],"form_id":349038,"form_rules":{"pric_cal_option_once":false,"exclude_from_discount":false,"pric_use_as_fee":false,"fee_label":"Fee","render_after_acb":false,"disp_hide_options_price":false}}]},"_links":{"self":[{"href":"https:\/\/moroen.com\/fr\/wp-json\/wp\/v2\/product\/762917","targetHints":{"allow":["GET"]}}],"collection":[{"href":"https:\/\/moroen.com\/fr\/wp-json\/wp\/v2\/product"}],"about":[{"href":"https:\/\/moroen.com\/fr\/wp-json\/wp\/v2\/types\/product"}],"wp:featuredmedia":[{"embeddable":true,"href":"https:\/\/moroen.com\/fr\/wp-json\/wp\/v2\/media\/763067"}],"wp:attachment":[{"href":"https:\/\/moroen.com\/fr\/wp-json\/wp\/v2\/media?parent=762917"}],"wp:term":[{"taxonomy":"product_cat","embeddable":true,"href":"https:\/\/moroen.com\/fr\/wp-json\/wp\/v2\/product_cat?post=762917"},{"taxonomy":"product_tag","embeddable":true,"href":"https:\/\/moroen.com\/fr\/wp-json\/wp\/v2\/product_tag?post=762917"}],"curies":[{"name":"wp","href":"https:\/\/api.w.org\/{rel}","templated":true}]}}