{"id":769125,"date":"2026-04-19T13:23:33","date_gmt":"2026-04-19T18:23:33","guid":{"rendered":"https:\/\/moroen.com\/fr\/?p=769125"},"modified":"2026-04-19T13:23:33","modified_gmt":"2026-04-19T18:23:33","slug":"ecole-primaire-air-jordan-1-mid-candy-554725-083","status":"publish","type":"product","link":"https:\/\/moroen.com\/fr\/produit\/ecole-primaire-air-jordan-1-mid-candy-554725-083\/","title":{"rendered":"(\u00c9cole primaire) Air Jordan 1 Mid &lsquo;Candy&rsquo; 554725-083"},"content":{"rendered":"<p>La Air Jordan 1 Mid Candy (GS), con\u00e7ue par Jordan, est une sneaker de taille jeune avec un coloris Multi captivant. Cette chaussure aux teintes vibrantes ajoute une touche amusante et ludique \u00e0 n&rsquo;importe quelle tenue. Parfait pour les jeunes sneakerheads qui cherchent \u00e0 se d\u00e9marquer et \u00e0 exprimer leur personnalit\u00e9.<\/p>\n<ul>\n<li><strong>Coloris:<\/strong> Black\/Multi-Color<\/li>\n<li><strong>Code style:<\/strong> 554725-083<\/li>\n<li><strong>Tige:<\/strong> Leather<\/li>\n<li><strong>Semelle interm\u00e9diaire:<\/strong> Air<\/li>\n<li><strong>Couleur:<\/strong> Black<\/li>\n<li><strong>Designer:<\/strong> Peter Moore<\/li>\n<li><strong>Saison:<\/strong> Fall<\/li>\n<li><strong>Ann\u00e9e de sortie:<\/strong> 2019<\/li>\n<\/ul>\n","protected":false},"excerpt":{"rendered":"<p>La Air Jordan 1 Mid Candy (GS), con\u00e7ue par Jordan, est une sneaker de taille jeune avec un coloris Multi captivant. Cette chaussure aux teintes vibrantes ajoute une touche amusante et ludique \u00e0 n&rsquo;importe quelle tenue. Parfait pour les jeunes sneakerheads qui cherchent \u00e0 se d\u00e9marquer et \u00e0 exprimer leur personnalit\u00e9. Coloris: Black\/Multi-Color Code style: [&hellip;]<\/p>\n","protected":false},"featured_media":769328,"template":"","meta":{"_acf_changed":false},"product_cat":[88],"product_tag":[10561,39075,10584,10951,10952,10564,10585,10579],"class_list":{"0":"post-769125","1":"product","2":"type-product","3":"status-publish","4":"has-post-thumbnail","6":"product_cat-jordan","7":"product_tag-athleisure-shoes","8":"product_tag-chaussures-de-basketball","9":"product_tag-jordan","10":"product_tag-jordan-basketball-shoes","11":"product_tag-jordan-skateboarding-shoes","12":"product_tag-lifestyle-casual-shoes","13":"product_tag-lifestyle-shoes-basketball-inspired","14":"product_tag-retro-casual-shoes","15":"wcpa_has_options","17":"first","18":"instock","19":"shipping-taxable","20":"purchasable","21":"product-type-simple","swatches":"rey-swatches","show_selected":""},"acf":[],"wcpa_form_fields":{"rules":{"pric_overide_base_price":false,"pric_overide_base_price_if_gt_zero":false,"pric_overide_base_price_fully":false,"pric_cal_option_once":false,"pric_use_as_fee":false,"bind_quantity":false,"quantity_bind_formula":false},"fields":[{"type":"color-group","required":true,"elementId":"wcpa-color-group-66866c84d9a20","label":"Taille","inline":true,"priceOptions":"different_for_all","pricingType":"fixed","className":"product-shoes-size","name":"color-group-66866c84d9a31","disp_type":"square","selection_type":"tick-border","disp_size":"50","show_label_inside":true,"adjust_width":true,"cart_display_type":"text","other_text":"Other","cl_rule":"show","cl_val":"EU","col":6,"values":[{"label":"35.5","value":"EU 35.5","price":"","pimage":"","pimage_id":"","pthumb":"","color":""},{"label":"36","value":"EU 36","price":"","pimage":"","pimage_id":"","pthumb":"","color":""},{"label":"36.5","value":"EU 36.5","price":"","pimage":"","pimage_id":"","pthumb":"","color":""},{"label":"37.5","value":"EU 37.5","price":"","pimage":"","pimage_id":"","pthumb":"","color":""},{"label":"38","value":"EU 38","price":"","pimage":"","pimage_id":"","pthumb":"","color":""},{"label":"38.5","value":"EU 38.5","price":"","pimage":"","pimage_id":"","pthumb":"","color":""},{"label":"39","value":"EU 39","price":"","pimage":"","pimage_id":"","pthumb":"","color":""},{"label":"40","value":"EU 40","price":"","pimage":"","pimage_id":"","pthumb":"","color":""},{"label":"40.5","value":"EU 40.5","price":"","pimage":"","pimage_id":"","pthumb":"","color":""},{"label":"41","value":"EU 41","price":"","pimage":"","pimage_id":"","pthumb":"","color":""},{"label":"42","value":"EU 42","price":"","pimage":"","pimage_id":"","pthumb":"","color":""},{"label":"42.5","value":"EU 42.5","price":"","pimage":"","pimage_id":"","pthumb":"","color":""},{"label":"43","value":"EU 43","price":"","pimage":"","pimage_id":"","pthumb":"","color":""},{"label":"44","value":"EU 44","price":"","pimage":"","pimage_id":"","pthumb":"","color":""},{"label":"44.5","value":"EU 44.5","price":"","pimage":"","pimage_id":"","pthumb":"","color":""},{"label":"45","value":"EU 45","price":"","pimage":"","pimage_id":"","pthumb":"","color":""},{"label":"45.5","value":"EU 45.5","price":"","pimage":"","pimage_id":"","pthumb":"","color":""},{"label":"46","value":"EU 46","price":"","pimage":"","pimage_id":"","pthumb":"","color":""},{"label":"47","value":"EU 47","price":"","pimage":"","pimage_id":"","pthumb":"","color":""},{"label":"47.5","value":"EU 47.5","price":"","pimage":"","pimage_id":"","pthumb":"","color":""},{"label":"48","value":"EU 48","price":"","pimage":"","pimage_id":"","pthumb":"","color":""}],"relations":[{"operator":false,"rules":[{"operator":false,"rules":{"cl_field":"wcpa-select-1763976798612","cl_relation":"is","cl_val":{"i":"0","value":"EU"}}}]}],"form_id":349038,"form_rules":{"pric_cal_option_once":false,"exclude_from_discount":false,"pric_use_as_fee":false,"fee_label":"Fee","render_after_acb":false,"disp_hide_options_price":false}}]},"_links":{"self":[{"href":"https:\/\/moroen.com\/fr\/wp-json\/wp\/v2\/product\/769125","targetHints":{"allow":["GET"]}}],"collection":[{"href":"https:\/\/moroen.com\/fr\/wp-json\/wp\/v2\/product"}],"about":[{"href":"https:\/\/moroen.com\/fr\/wp-json\/wp\/v2\/types\/product"}],"wp:featuredmedia":[{"embeddable":true,"href":"https:\/\/moroen.com\/fr\/wp-json\/wp\/v2\/media\/769328"}],"wp:attachment":[{"href":"https:\/\/moroen.com\/fr\/wp-json\/wp\/v2\/media?parent=769125"}],"wp:term":[{"taxonomy":"product_cat","embeddable":true,"href":"https:\/\/moroen.com\/fr\/wp-json\/wp\/v2\/product_cat?post=769125"},{"taxonomy":"product_tag","embeddable":true,"href":"https:\/\/moroen.com\/fr\/wp-json\/wp\/v2\/product_tag?post=769125"}],"curies":[{"name":"wp","href":"https:\/\/api.w.org\/{rel}","templated":true}]}}