{"id":787890,"date":"2026-04-19T13:23:33","date_gmt":"2026-04-19T18:23:33","guid":{"rendered":"https:\/\/moroen.com\/fr\/?p=787890"},"modified":"2026-04-19T13:23:33","modified_gmt":"2026-04-19T18:23:33","slug":"femme-adidas-adilette-cloudfoam-plus-explorer-slides-gris-b75679","status":"publish","type":"product","link":"https:\/\/moroen.com\/fr\/produit\/femme-adidas-adilette-cloudfoam-plus-explorer-slides-gris-b75679\/","title":{"rendered":"(Femme) adidas Adilette CloudFoam Plus Explorer Slides &lsquo;Gris&rsquo; B75679"},"content":{"rendered":"<p>Offrez-vous un confort sup\u00e9rieur avec les claquettes adidas Adilette CloudFoam Plus Explorer. Fabriqu\u00e9es avec une assise plantaire CloudFoam Plus moelleuse, ces claquettes offrent un amorti in\u00e9gal\u00e9 pour un usage tout au long de la journ\u00e9e. Le design a\u00e9r\u00e9 et ouvert favorise la respirabilit\u00e9, tandis que la tige textur\u00e9e ajoute une touche de style. Glissez-vous dans ces claquettes grises et d\u00e9couvrez le m\u00e9lange parfait de confort, de fonctionnalit\u00e9 et de chic urbain, ce qui en fait un choix id\u00e9al pour les sorties d\u00e9contract\u00e9es et les activit\u00e9s quotidiennes.<\/p>\n<ul>\n<li><strong>Coloris:<\/strong> Grey<\/li>\n<li><strong>Code style:<\/strong> B75679<\/li>\n<li><strong>Couleur:<\/strong> Black<\/li>\n<li><strong>Saison:<\/strong> All Season<\/li>\n<\/ul>\n","protected":false},"excerpt":{"rendered":"<p>Offrez-vous un confort sup\u00e9rieur avec les claquettes adidas Adilette CloudFoam Plus Explorer. Fabriqu\u00e9es avec une assise plantaire CloudFoam Plus moelleuse, ces claquettes offrent un amorti in\u00e9gal\u00e9 pour un usage tout au long de la journ\u00e9e. Le design a\u00e9r\u00e9 et ouvert favorise la respirabilit\u00e9, tandis que la tige textur\u00e9e ajoute une touche de style. Glissez-vous dans [&hellip;]<\/p>\n","protected":false},"featured_media":788428,"template":"","meta":{"_acf_changed":false},"product_cat":[6307],"product_tag":[10581,10612,39131,10564,10566,39058],"class_list":{"0":"post-787890","1":"product","2":"type-product","3":"status-publish","4":"has-post-thumbnail","6":"product_cat-sneakers-adidas","7":"product_tag-adidas","8":"product_tag-casual-sandals","9":"product_tag-idee-cadeau-pour-elle","10":"product_tag-lifestyle-casual-shoes","11":"product_tag-slides","12":"product_tag-sous-le-prix-de-detail","13":"wcpa_has_options","15":"first","16":"instock","17":"shipping-taxable","18":"purchasable","19":"product-type-simple","swatches":"rey-swatches","show_selected":""},"acf":[],"wcpa_form_fields":{"rules":{"pric_overide_base_price":false,"pric_overide_base_price_if_gt_zero":false,"pric_overide_base_price_fully":false,"pric_cal_option_once":false,"pric_use_as_fee":false,"bind_quantity":false,"quantity_bind_formula":false},"fields":[{"type":"color-group","required":true,"elementId":"wcpa-color-group-66bcbbd304385","label":"Taille","inline":true,"priceOptions":"different_for_all","pricingType":"fixed","className":"product-shoes-size","name":"color-group-66bcbbd304390","disp_type":"square","selection_type":"tick-border","disp_size":"50","show_label_inside":true,"adjust_width":true,"cart_display_type":"text","other_text":"Other","cl_rule":"show","cl_val":"EU","col":6,"values":[{"label":"35","value":"EU 35","price":"","pimage":"","pimage_id":"","pthumb":"","color":""},{"label":"35.5","value":"EU 35.5","price":"","pimage":"","pimage_id":"","pthumb":"","color":""},{"label":"36 2\/3","value":"EU 36 2\/3","price":"","pimage":"","pimage_id":"","pthumb":"","color":""},{"label":"37 1\/3","value":"EU 37 1\/3","price":"","pimage":"","pimage_id":"","pthumb":"","color":""},{"label":"38","value":"EU 38","price":"","pimage":"","pimage_id":"","pthumb":"","color":""},{"label":"38 2\/3","value":"EU 38 2\/3","price":"","pimage":"","pimage_id":"","pthumb":"","color":""},{"label":"39 1\/3","value":"EU 39 1\/3","price":"","pimage":"","pimage_id":"","pthumb":"","color":""},{"label":"40","value":"EU 40","price":"","pimage":"","pimage_id":"","pthumb":"","color":""},{"label":"40 2\/3","value":"EU 40 2\/3","price":"","pimage":"","pimage_id":"","pthumb":"","color":""},{"label":"41 1\/3","value":"EU 41 1\/3","price":"","pimage":"","pimage_id":"","pthumb":"","color":""},{"label":"42","value":"EU 42","price":"","pimage":"","pimage_id":"","pthumb":"","color":""},{"label":"42 2\/3","value":"EU 42 2\/3","price":"","pimage":"","pimage_id":"","pthumb":"","color":""},{"label":"43 1\/3","value":"EU 43 1\/3","price":"","pimage":"","pimage_id":"","pthumb":"","color":""},{"label":"44","value":"EU 44","price":"","pimage":"","pimage_id":"","pthumb":"","color":""},{"label":"44 2\/3","value":"EU 44 2\/3","price":"","pimage":"","pimage_id":"","pthumb":"","color":""},{"label":"45 1\/3","value":"EU 45 1\/3","price":"","pimage":"","pimage_id":"","pthumb":"","color":""},{"label":"46","value":"EU 46","price":"","pimage":"","pimage_id":"","pthumb":"","color":""},{"label":"46 2\/3","value":"EU 46 2\/3","price":"","pimage":"","pimage_id":"","pthumb":"","color":""},{"label":"47 1\/3","value":"EU 47 1\/3","price":"","pimage":"","pimage_id":"","pthumb":"","color":""},{"label":"48","value":"EU 48","price":"","pimage":"","pimage_id":"","pthumb":"","color":""},{"label":"48 2\/3","value":"EU 48 2\/3","price":"","pimage":"","pimage_id":"","pthumb":"","color":""},{"label":"49 1\/3","value":"EU 49 1\/3","price":"","pimage":"","pimage_id":"","pthumb":"","color":""},{"label":"50","value":"EU 50","price":"","pimage":"","pimage_id":"","pthumb":"","color":""},{"label":"50 2\/3","value":"EU 50 2\/3","price":"","pimage":"","pimage_id":"","pthumb":"","color":""},{"label":"51 1\/3","value":"EU 51 1\/3","price":"","pimage":"","pimage_id":"","pthumb":"","color":""}],"relations":[{"operator":false,"rules":[{"operator":false,"rules":{"cl_field":"wcpa-color-group-66bcbbd304351","cl_relation":"is","cl_val":{"i":"0","value":"EU"}}}]}],"form_id":401137,"form_rules":{"pric_cal_option_once":false,"exclude_from_discount":false,"pric_use_as_fee":false,"fee_label":"Fee","render_after_acb":false,"disp_hide_options_price":false}}]},"_links":{"self":[{"href":"https:\/\/moroen.com\/fr\/wp-json\/wp\/v2\/product\/787890","targetHints":{"allow":["GET"]}}],"collection":[{"href":"https:\/\/moroen.com\/fr\/wp-json\/wp\/v2\/product"}],"about":[{"href":"https:\/\/moroen.com\/fr\/wp-json\/wp\/v2\/types\/product"}],"wp:featuredmedia":[{"embeddable":true,"href":"https:\/\/moroen.com\/fr\/wp-json\/wp\/v2\/media\/788428"}],"wp:attachment":[{"href":"https:\/\/moroen.com\/fr\/wp-json\/wp\/v2\/media?parent=787890"}],"wp:term":[{"taxonomy":"product_cat","embeddable":true,"href":"https:\/\/moroen.com\/fr\/wp-json\/wp\/v2\/product_cat?post=787890"},{"taxonomy":"product_tag","embeddable":true,"href":"https:\/\/moroen.com\/fr\/wp-json\/wp\/v2\/product_tag?post=787890"}],"curies":[{"name":"wp","href":"https:\/\/api.w.org\/{rel}","templated":true}]}}