{"id":789968,"date":"2026-04-19T13:34:07","date_gmt":"2026-04-19T18:34:07","guid":{"rendered":"https:\/\/moroen.com\/fr\/?p=789968"},"modified":"2026-04-19T13:34:07","modified_gmt":"2026-04-19T18:34:07","slug":"timberland-bas-top-beige-clair-a6791","status":"publish","type":"product","link":"https:\/\/moroen.com\/fr\/produit\/timberland-bas-top-beige-clair-a6791\/","title":{"rendered":"Timberland Bas-Top &lsquo;Beige Clair&rsquo; A6791"},"content":{"rendered":"<p>Entrez dans le confort et le style avec le Low-Top \u00ab Light Beige \u00bb A6791 de Timberland. Fabriqu\u00e9es \u00e0 partir de cuir de premi\u00e8re qualit\u00e9, ces baskets offrent une durabilit\u00e9 in\u00e9gal\u00e9e et un look intemporel. La semelle int\u00e9rieure Ortholite offre un amorti exceptionnel pour un usage tout au long de la journ\u00e9e, tandis que la semelle ext\u00e9rieure robuste assure une traction sur tous les terrains. \u00c9levez votre garde-robe avec ces chaussures basses polyvalentes, con\u00e7ues \u00e0 la fois pour les aventures d\u00e9contract\u00e9es et l&rsquo;exploration urbaine.<\/p>\n<ul>\n<li><strong>Code style:<\/strong> A6791<\/li>\n<li><strong>Couleur:<\/strong> Beige<\/li>\n<\/ul>\n","protected":false},"excerpt":{"rendered":"<p>Entrez dans le confort et le style avec le Low-Top \u00ab Light Beige \u00bb A6791 de Timberland. Fabriqu\u00e9es \u00e0 partir de cuir de premi\u00e8re qualit\u00e9, ces baskets offrent une durabilit\u00e9 in\u00e9gal\u00e9e et un look intemporel. La semelle int\u00e9rieure Ortholite offre un amorti exceptionnel pour un usage tout au long de la journ\u00e9e, tandis que la [&hellip;]<\/p>\n","protected":false},"featured_media":790377,"template":"","meta":{"_acf_changed":false},"product_cat":[40894],"product_tag":[12466,21573,39096,10564,39098,39058,40895,10610],"class_list":{"0":"post-789968","1":"product","2":"type-product","3":"status-publish","4":"has-post-thumbnail","6":"product_cat-timberland","7":"product_tag-casual","8":"product_tag-desert-boots","9":"product_tag-idee-cadeau-pour-lui","10":"product_tag-lifestyle-casual-shoes","11":"product_tag-offres-tendance","12":"product_tag-sous-le-prix-de-detail","13":"product_tag-timberland","14":"product_tag-trending-deals-under-150","16":"first","17":"instock","18":"shipping-taxable","19":"purchasable","20":"product-type-simple","swatches":"rey-swatches","show_selected":""},"acf":[],"wcpa_form_fields":null,"_links":{"self":[{"href":"https:\/\/moroen.com\/fr\/wp-json\/wp\/v2\/product\/789968","targetHints":{"allow":["GET"]}}],"collection":[{"href":"https:\/\/moroen.com\/fr\/wp-json\/wp\/v2\/product"}],"about":[{"href":"https:\/\/moroen.com\/fr\/wp-json\/wp\/v2\/types\/product"}],"wp:featuredmedia":[{"embeddable":true,"href":"https:\/\/moroen.com\/fr\/wp-json\/wp\/v2\/media\/790377"}],"wp:attachment":[{"href":"https:\/\/moroen.com\/fr\/wp-json\/wp\/v2\/media?parent=789968"}],"wp:term":[{"taxonomy":"product_cat","embeddable":true,"href":"https:\/\/moroen.com\/fr\/wp-json\/wp\/v2\/product_cat?post=789968"},{"taxonomy":"product_tag","embeddable":true,"href":"https:\/\/moroen.com\/fr\/wp-json\/wp\/v2\/product_tag?post=789968"}],"curies":[{"name":"wp","href":"https:\/\/api.w.org\/{rel}","templated":true}]}}