{"id":791517,"date":"2026-04-19T13:34:07","date_gmt":"2026-04-19T18:34:07","guid":{"rendered":"https:\/\/moroen.com\/fr\/?p=791517"},"modified":"2026-04-19T13:34:07","modified_gmt":"2026-04-19T18:34:07","slug":"li-ning-essential-2-0-orange-bleu-arrt005-12","status":"publish","type":"product","link":"https:\/\/moroen.com\/fr\/produit\/li-ning-essential-2-0-orange-bleu-arrt005-12\/","title":{"rendered":"Li-Ning Essential 2.0 &lsquo;Orange Bleu&rsquo; ARRT005-12"},"content":{"rendered":"<p>Am\u00e9liorez vos performances athl\u00e9tiques avec les baskets Li-Ning Essential 2.0 &lsquo;Orange Blue&rsquo;. Fabriqu\u00e9es en mesh respirant et renforc\u00e9es de mati\u00e8res synth\u00e9tiques durables, ces chaussures offrent un confort et un soutien optimaux. La conception l\u00e9g\u00e8re assure l&rsquo;agilit\u00e9, tandis que le syst\u00e8me de support anti-renversement am\u00e9liore la stabilit\u00e9 lors des mouvements intenses. Entrez dans le Li-Ning Essential 2.0 et d\u00e9couvrez l&rsquo;\u00e9quilibre parfait entre style et fonctionnalit\u00e9 pour votre domination sur le terrain int\u00e9rieur.<\/p>\n<ul>\n<li><strong>Coloris:<\/strong> Orange\/Blue\/White<\/li>\n<li><strong>Code style:<\/strong> ARRT005-12<\/li>\n<li><strong>Couleur:<\/strong> Blue<\/li>\n<\/ul>\n","protected":false},"excerpt":{"rendered":"<p>Am\u00e9liorez vos performances athl\u00e9tiques avec les baskets Li-Ning Essential 2.0 &lsquo;Orange Blue&rsquo;. Fabriqu\u00e9es en mesh respirant et renforc\u00e9es de mati\u00e8res synth\u00e9tiques durables, ces chaussures offrent un confort et un soutien optimaux. La conception l\u00e9g\u00e8re assure l&rsquo;agilit\u00e9, tandis que le syst\u00e8me de support anti-renversement am\u00e9liore la stabilit\u00e9 lors des mouvements intenses. Entrez dans le Li-Ning Essential [&hellip;]<\/p>\n","protected":false},"featured_media":792039,"template":"","meta":{"_acf_changed":false},"product_cat":[40869],"product_tag":[39096,40870,10564,10596,39098,10565,39058,10610],"class_list":{"0":"post-791517","1":"product","2":"type-product","3":"status-publish","4":"has-post-thumbnail","6":"product_cat-li-ning","7":"product_tag-idee-cadeau-pour-lui","8":"product_tag-li-ning","9":"product_tag-lifestyle-casual-shoes","10":"product_tag-lifestyle-shoes-running-inspired","11":"product_tag-offres-tendance","12":"product_tag-retro-running-shoes","13":"product_tag-sous-le-prix-de-detail","14":"product_tag-trending-deals-under-150","16":"first","17":"instock","18":"shipping-taxable","19":"purchasable","20":"product-type-simple","swatches":"rey-swatches","show_selected":""},"acf":[],"wcpa_form_fields":null,"_links":{"self":[{"href":"https:\/\/moroen.com\/fr\/wp-json\/wp\/v2\/product\/791517","targetHints":{"allow":["GET"]}}],"collection":[{"href":"https:\/\/moroen.com\/fr\/wp-json\/wp\/v2\/product"}],"about":[{"href":"https:\/\/moroen.com\/fr\/wp-json\/wp\/v2\/types\/product"}],"wp:featuredmedia":[{"embeddable":true,"href":"https:\/\/moroen.com\/fr\/wp-json\/wp\/v2\/media\/792039"}],"wp:attachment":[{"href":"https:\/\/moroen.com\/fr\/wp-json\/wp\/v2\/media?parent=791517"}],"wp:term":[{"taxonomy":"product_cat","embeddable":true,"href":"https:\/\/moroen.com\/fr\/wp-json\/wp\/v2\/product_cat?post=791517"},{"taxonomy":"product_tag","embeddable":true,"href":"https:\/\/moroen.com\/fr\/wp-json\/wp\/v2\/product_tag?post=791517"}],"curies":[{"name":"wp","href":"https:\/\/api.w.org\/{rel}","templated":true}]}}