{"id":792250,"date":"2026-04-19T13:34:07","date_gmt":"2026-04-19T18:34:07","guid":{"rendered":"https:\/\/moroen.com\/fr\/?p=792250"},"modified":"2026-04-19T13:34:07","modified_gmt":"2026-04-19T18:34:07","slug":"anta-c37-low-blanc-rouge-912338003-4","status":"publish","type":"product","link":"https:\/\/moroen.com\/fr\/produit\/anta-c37-low-blanc-rouge-912338003-4\/","title":{"rendered":"Anta C37 Low &lsquo;Blanc Rouge&rsquo; 912338003-4"},"content":{"rendered":"<p>\u00c9levez votre style avec l&#8217;embl\u00e9matique Anta C37 Low &lsquo;White Red&rsquo;. Cette silhouette \u00e9l\u00e9gante pr\u00e9sente une base blanche \u00e9clatante accentu\u00e9e par des d\u00e9tails rouges vifs. Fabriqu\u00e9es \u00e0 partir de mat\u00e9riaux durables, ces baskets basses offrent confort et long\u00e9vit\u00e9. L&rsquo;amorti r\u00e9actif assure une conduite douce et confortable, tandis que la tige en mesh respirant garde vos pieds au frais. Dot\u00e9e de la marque signature d&rsquo;Anta, la C37 Low \u00ab White Red \u00bb est un incontournable pour les amateurs de baskets et les personnes avant-gardistes.<\/p>\n<ul>\n<li><strong>Code style:<\/strong> 912338003-4<\/li>\n<\/ul>\n","protected":false},"excerpt":{"rendered":"<p>\u00c9levez votre style avec l&#8217;embl\u00e9matique Anta C37 Low &lsquo;White Red&rsquo;. Cette silhouette \u00e9l\u00e9gante pr\u00e9sente une base blanche \u00e9clatante accentu\u00e9e par des d\u00e9tails rouges vifs. Fabriqu\u00e9es \u00e0 partir de mat\u00e9riaux durables, ces baskets basses offrent confort et long\u00e9vit\u00e9. L&rsquo;amorti r\u00e9actif assure une conduite douce et confortable, tandis que la tige en mesh respirant garde vos pieds [&hellip;]<\/p>\n","protected":false},"featured_media":792415,"template":"","meta":{"_acf_changed":false},"product_cat":[41036],"product_tag":[41037,10697,39096,10564,10596,39098,10565,39058,10610],"class_list":{"0":"post-792250","1":"product","2":"type-product","3":"status-publish","4":"has-post-thumbnail","6":"product_cat-anta","7":"product_tag-anta","8":"product_tag-best-finds-under-100","9":"product_tag-idee-cadeau-pour-lui","10":"product_tag-lifestyle-casual-shoes","11":"product_tag-lifestyle-shoes-running-inspired","12":"product_tag-offres-tendance","13":"product_tag-retro-running-shoes","14":"product_tag-sous-le-prix-de-detail","15":"product_tag-trending-deals-under-150","17":"first","18":"instock","19":"shipping-taxable","20":"purchasable","21":"product-type-simple","swatches":"rey-swatches","show_selected":""},"acf":[],"wcpa_form_fields":null,"_links":{"self":[{"href":"https:\/\/moroen.com\/fr\/wp-json\/wp\/v2\/product\/792250","targetHints":{"allow":["GET"]}}],"collection":[{"href":"https:\/\/moroen.com\/fr\/wp-json\/wp\/v2\/product"}],"about":[{"href":"https:\/\/moroen.com\/fr\/wp-json\/wp\/v2\/types\/product"}],"wp:featuredmedia":[{"embeddable":true,"href":"https:\/\/moroen.com\/fr\/wp-json\/wp\/v2\/media\/792415"}],"wp:attachment":[{"href":"https:\/\/moroen.com\/fr\/wp-json\/wp\/v2\/media?parent=792250"}],"wp:term":[{"taxonomy":"product_cat","embeddable":true,"href":"https:\/\/moroen.com\/fr\/wp-json\/wp\/v2\/product_cat?post=792250"},{"taxonomy":"product_tag","embeddable":true,"href":"https:\/\/moroen.com\/fr\/wp-json\/wp\/v2\/product_tag?post=792250"}],"curies":[{"name":"wp","href":"https:\/\/api.w.org\/{rel}","templated":true}]}}