{"id":792251,"date":"2026-04-19T13:34:07","date_gmt":"2026-04-19T18:34:07","guid":{"rendered":"https:\/\/moroen.com\/fr\/?p=792251"},"modified":"2026-04-19T13:34:07","modified_gmt":"2026-04-19T18:34:07","slug":"serie-anta-outdoor-vert-112226602-3","status":"publish","type":"product","link":"https:\/\/moroen.com\/fr\/produit\/serie-anta-outdoor-vert-112226602-3\/","title":{"rendered":"S\u00e9rie Anta Outdoor &lsquo;Vert&rsquo; 112226602-3"},"content":{"rendered":"<p>Pr\u00e9sentation de la s\u00e9rie Anta Outdoor &lsquo;Green&rsquo; 112226602-3, votre compagnon id\u00e9al pour les aventures en plein air. Avec sa technologie de pointe, cette sneaker performante offre un confort et un maintien exceptionnels. La tige en mesh respirant garde vos pieds au frais, tandis que la semelle en caoutchouc durable assure une traction sur tous les terrains. Son coloris vert audacieux ajoute une touche de style \u00e0 votre style de vie actif. D\u00e9couvrez le nec plus ultra en mati\u00e8re de chaussures d&rsquo;ext\u00e9rieur avec Anta Outdoor Series &lsquo;Green&rsquo; 112226602-3.<\/p>\n<ul>\n<li><strong>Code style:<\/strong> 112226602-3<\/li>\n<li><strong>Couleur:<\/strong> Green<\/li>\n<\/ul>\n","protected":false},"excerpt":{"rendered":"<p>Pr\u00e9sentation de la s\u00e9rie Anta Outdoor &lsquo;Green&rsquo; 112226602-3, votre compagnon id\u00e9al pour les aventures en plein air. Avec sa technologie de pointe, cette sneaker performante offre un confort et un maintien exceptionnels. La tige en mesh respirant garde vos pieds au frais, tandis que la semelle en caoutchouc durable assure une traction sur tous les [&hellip;]<\/p>\n","protected":false},"featured_media":792419,"template":"","meta":{"_acf_changed":false},"product_cat":[41036],"product_tag":[41037,10697,39203,39057,12642,39096,39098,12892,39058,10610],"class_list":{"0":"post-792251","1":"product","2":"type-product","3":"status-publish","4":"has-post-thumbnail","6":"product_cat-anta","7":"product_tag-anta","8":"product_tag-best-finds-under-100","9":"product_tag-chaussures-de-randonnee","10":"product_tag-chaussures-de-sport-performance","11":"product_tag-hiking-boots","12":"product_tag-idee-cadeau-pour-lui","13":"product_tag-offres-tendance","14":"product_tag-outdoor-boots","15":"product_tag-sous-le-prix-de-detail","16":"product_tag-trending-deals-under-150","18":"first","19":"instock","20":"shipping-taxable","21":"purchasable","22":"product-type-simple","swatches":"rey-swatches","show_selected":""},"acf":[],"wcpa_form_fields":null,"_links":{"self":[{"href":"https:\/\/moroen.com\/fr\/wp-json\/wp\/v2\/product\/792251","targetHints":{"allow":["GET"]}}],"collection":[{"href":"https:\/\/moroen.com\/fr\/wp-json\/wp\/v2\/product"}],"about":[{"href":"https:\/\/moroen.com\/fr\/wp-json\/wp\/v2\/types\/product"}],"wp:featuredmedia":[{"embeddable":true,"href":"https:\/\/moroen.com\/fr\/wp-json\/wp\/v2\/media\/792419"}],"wp:attachment":[{"href":"https:\/\/moroen.com\/fr\/wp-json\/wp\/v2\/media?parent=792251"}],"wp:term":[{"taxonomy":"product_cat","embeddable":true,"href":"https:\/\/moroen.com\/fr\/wp-json\/wp\/v2\/product_cat?post=792251"},{"taxonomy":"product_tag","embeddable":true,"href":"https:\/\/moroen.com\/fr\/wp-json\/wp\/v2\/product_tag?post=792251"}],"curies":[{"name":"wp","href":"https:\/\/api.w.org\/{rel}","templated":true}]}}