{"id":792981,"date":"2026-04-19T13:34:07","date_gmt":"2026-04-19T18:34:07","guid":{"rendered":"https:\/\/moroen.com\/fr\/?p=792981"},"modified":"2026-04-19T13:34:07","modified_gmt":"2026-04-19T18:34:07","slug":"femmes-li-ning-floating-cloud-back-white-aglr036-1","status":"publish","type":"product","link":"https:\/\/moroen.com\/fr\/produit\/femmes-li-ning-floating-cloud-back-white-aglr036-1\/","title":{"rendered":"(Femmes) Li-Ning Floating Cloud &lsquo;Back White&rsquo; AGLR036-1"},"content":{"rendered":"<p>Pr\u00e9sentation des baskets Li-Ning Floating Cloud &lsquo;Back White&rsquo; AGLR036-1 pour femmes, con\u00e7ues pour une conduite en apesanteur et sans effort. Faites l&rsquo;exp\u00e9rience d&rsquo;un amorti in\u00e9gal\u00e9 gr\u00e2ce \u00e0 la technologie Cloud, dot\u00e9e d&rsquo;une mousse r\u00e9active et d&rsquo;une semelle intercalaire l\u00e9g\u00e8re. La tige en mesh respirant assure la ventilation, tandis que le contrefort de talon en TPU assure la stabilit\u00e9. Profitez de l&rsquo;esth\u00e9tique futuriste et du confort in\u00e9gal\u00e9 qu&rsquo;offrent ces baskets. \u00c9levez votre style et d\u00e9couvrez la joie de flotter \u00e0 chaque pas dans le Li-Ning Floating Cloud &lsquo;Back White&rsquo; AGLR036-1.<\/p>\n<ul>\n<li><strong>Coloris:<\/strong> Black\/White<\/li>\n<li><strong>Code style:<\/strong> AGLR036-1<\/li>\n<li><strong>Couleur:<\/strong> Black<\/li>\n<\/ul>\n","protected":false},"excerpt":{"rendered":"<p>Pr\u00e9sentation des baskets Li-Ning Floating Cloud &lsquo;Back White&rsquo; AGLR036-1 pour femmes, con\u00e7ues pour une conduite en apesanteur et sans effort. Faites l&rsquo;exp\u00e9rience d&rsquo;un amorti in\u00e9gal\u00e9 gr\u00e2ce \u00e0 la technologie Cloud, dot\u00e9e d&rsquo;une mousse r\u00e9active et d&rsquo;une semelle intercalaire l\u00e9g\u00e8re. La tige en mesh respirant assure la ventilation, tandis que le contrefort de talon en TPU [&hellip;]<\/p>\n","protected":false},"featured_media":793115,"template":"","meta":{"_acf_changed":false},"product_cat":[40869],"product_tag":[10697,39131,40870,10564,10596,39098,10565,39058,10610],"class_list":{"0":"post-792981","1":"product","2":"type-product","3":"status-publish","4":"has-post-thumbnail","6":"product_cat-li-ning","7":"product_tag-best-finds-under-100","8":"product_tag-idee-cadeau-pour-elle","9":"product_tag-li-ning","10":"product_tag-lifestyle-casual-shoes","11":"product_tag-lifestyle-shoes-running-inspired","12":"product_tag-offres-tendance","13":"product_tag-retro-running-shoes","14":"product_tag-sous-le-prix-de-detail","15":"product_tag-trending-deals-under-150","17":"first","18":"instock","19":"shipping-taxable","20":"purchasable","21":"product-type-simple","swatches":"rey-swatches","show_selected":""},"acf":[],"wcpa_form_fields":null,"_links":{"self":[{"href":"https:\/\/moroen.com\/fr\/wp-json\/wp\/v2\/product\/792981","targetHints":{"allow":["GET"]}}],"collection":[{"href":"https:\/\/moroen.com\/fr\/wp-json\/wp\/v2\/product"}],"about":[{"href":"https:\/\/moroen.com\/fr\/wp-json\/wp\/v2\/types\/product"}],"wp:featuredmedia":[{"embeddable":true,"href":"https:\/\/moroen.com\/fr\/wp-json\/wp\/v2\/media\/793115"}],"wp:attachment":[{"href":"https:\/\/moroen.com\/fr\/wp-json\/wp\/v2\/media?parent=792981"}],"wp:term":[{"taxonomy":"product_cat","embeddable":true,"href":"https:\/\/moroen.com\/fr\/wp-json\/wp\/v2\/product_cat?post=792981"},{"taxonomy":"product_tag","embeddable":true,"href":"https:\/\/moroen.com\/fr\/wp-json\/wp\/v2\/product_tag?post=792981"}],"curies":[{"name":"wp","href":"https:\/\/api.w.org\/{rel}","templated":true}]}}