{"id":793051,"date":"2026-04-19T13:34:07","date_gmt":"2026-04-19T18:34:07","guid":{"rendered":"https:\/\/moroen.com\/fr\/?p=793051"},"modified":"2026-04-19T13:34:07","modified_gmt":"2026-04-19T18:34:07","slug":"adidas-puffylette-shadow-navy-if3956","status":"publish","type":"product","link":"https:\/\/moroen.com\/fr\/produit\/adidas-puffylette-shadow-navy-if3956\/","title":{"rendered":"adidas Puffylette &lsquo;Shadow Navy&rsquo; IF3956"},"content":{"rendered":"<p>D\u00e9couvrez un confort et un style in\u00e9gal\u00e9s avec la adidas Puffylette &lsquo;Shadow Navy&rsquo; IF3956. Ces claquettes moelleuses sont dot\u00e9es d&rsquo;une doublure douillette en fausse fourrure qui enveloppe vos pieds de chaleur et de confort. La tige synth\u00e9tique durable offre respirabilit\u00e9 et soutien, tandis que la semelle interm\u00e9diaire l\u00e9g\u00e8re en EVA amortit chaque pas. La semelle ext\u00e9rieure en caoutchouc adh\u00e9rente assure stabilit\u00e9 et traction sur diverses surfaces. Enfilez la Puffylette adidas \u00ab Shadow Navy \u00bb pour une exp\u00e9rience de chaussure ultra confortable et chic sans effort.<\/p>\n<ul>\n<li><strong>Coloris:<\/strong> Navy\/Orange<\/li>\n<li><strong>Code style:<\/strong> IF3956<\/li>\n<li><strong>Tige:<\/strong> Ripstop<\/li>\n<li><strong>Semelle interm\u00e9diaire:<\/strong> EVA<\/li>\n<li><strong>Couleur:<\/strong> Navy<\/li>\n<li><strong>Ann\u00e9e de sortie:<\/strong> 2023<\/li>\n<\/ul>\n","protected":false},"excerpt":{"rendered":"<p>D\u00e9couvrez un confort et un style in\u00e9gal\u00e9s avec la adidas Puffylette &lsquo;Shadow Navy&rsquo; IF3956. Ces claquettes moelleuses sont dot\u00e9es d&rsquo;une doublure douillette en fausse fourrure qui enveloppe vos pieds de chaleur et de confort. La tige synth\u00e9tique durable offre respirabilit\u00e9 et soutien, tandis que la semelle interm\u00e9diaire l\u00e9g\u00e8re en EVA amortit chaque pas. La semelle [&hellip;]<\/p>\n","protected":false},"featured_media":793560,"template":"","meta":{"_acf_changed":false},"product_cat":[6307],"product_tag":[10581,10697,11534,39096,10564,39098,11535,39058,10610],"class_list":{"0":"post-793051","1":"product","2":"type-product","3":"status-publish","4":"has-post-thumbnail","6":"product_cat-sneakers-adidas","7":"product_tag-adidas","8":"product_tag-best-finds-under-100","9":"product_tag-covered-toe-slippers","10":"product_tag-idee-cadeau-pour-lui","11":"product_tag-lifestyle-casual-shoes","12":"product_tag-offres-tendance","13":"product_tag-slippers","14":"product_tag-sous-le-prix-de-detail","15":"product_tag-trending-deals-under-150","16":"wcpa_has_options","18":"first","19":"instock","20":"shipping-taxable","21":"purchasable","22":"product-type-simple","swatches":"rey-swatches","show_selected":""},"acf":[],"wcpa_form_fields":{"rules":{"pric_overide_base_price":false,"pric_overide_base_price_if_gt_zero":false,"pric_overide_base_price_fully":false,"pric_cal_option_once":false,"pric_use_as_fee":false,"bind_quantity":false,"quantity_bind_formula":false},"fields":[{"type":"color-group","required":true,"elementId":"wcpa-color-group-66bcbbd304385","label":"Taille","inline":true,"priceOptions":"different_for_all","pricingType":"fixed","className":"product-shoes-size","name":"color-group-66bcbbd304390","disp_type":"square","selection_type":"tick-border","disp_size":"50","show_label_inside":true,"adjust_width":true,"cart_display_type":"text","other_text":"Other","cl_rule":"show","cl_val":"EU","col":6,"values":[{"label":"35","value":"EU 35","price":"","pimage":"","pimage_id":"","pthumb":"","color":"","selected":true},{"label":"40","value":"EU 40","price":"","pimage":"","pimage_id":"","pthumb":"","color":""},{"label":"44","value":"EU 44","price":"","pimage":"","pimage_id":"","pthumb":"","color":""},{"label":"46","value":"EU 46","price":"","pimage":"","pimage_id":"","pthumb":"","color":""},{"label":"48","value":"EU 48","price":"","pimage":"","pimage_id":"","pthumb":"","color":""}],"relations":[{"operator":false,"rules":[{"operator":false,"rules":{"cl_field":"wcpa-color-group-66bcbbd304351","cl_relation":"is","cl_val":{"i":"0","value":"EU"}}}]}],"form_id":401137,"form_rules":{"pric_cal_option_once":false,"exclude_from_discount":false,"pric_use_as_fee":false,"fee_label":"Fee","render_after_acb":false,"disp_hide_options_price":false}}]},"_links":{"self":[{"href":"https:\/\/moroen.com\/fr\/wp-json\/wp\/v2\/product\/793051","targetHints":{"allow":["GET"]}}],"collection":[{"href":"https:\/\/moroen.com\/fr\/wp-json\/wp\/v2\/product"}],"about":[{"href":"https:\/\/moroen.com\/fr\/wp-json\/wp\/v2\/types\/product"}],"wp:featuredmedia":[{"embeddable":true,"href":"https:\/\/moroen.com\/fr\/wp-json\/wp\/v2\/media\/793560"}],"wp:attachment":[{"href":"https:\/\/moroen.com\/fr\/wp-json\/wp\/v2\/media?parent=793051"}],"wp:term":[{"taxonomy":"product_cat","embeddable":true,"href":"https:\/\/moroen.com\/fr\/wp-json\/wp\/v2\/product_cat?post=793051"},{"taxonomy":"product_tag","embeddable":true,"href":"https:\/\/moroen.com\/fr\/wp-json\/wp\/v2\/product_tag?post=793051"}],"curies":[{"name":"wp","href":"https:\/\/api.w.org\/{rel}","templated":true}]}}