{"id":793073,"date":"2026-04-19T13:34:07","date_gmt":"2026-04-19T18:34:07","guid":{"rendered":"https:\/\/moroen.com\/fr\/?p=793073"},"modified":"2026-04-19T13:34:07","modified_gmt":"2026-04-19T18:34:07","slug":"anta-flyknit-blanc-912315582-2","status":"publish","type":"product","link":"https:\/\/moroen.com\/fr\/produit\/anta-flyknit-blanc-912315582-2\/","title":{"rendered":"Anta Flyknit &lsquo;Blanc&rsquo; 912315582-2"},"content":{"rendered":"<p>Pr\u00e9parez-vous pour l&rsquo;hiver avec le style glacial de l&rsquo;Anta Woven Low \u00ab White Walker \u00bb. Inspir\u00e9es de la s\u00e9rie \u00e0 succ\u00e8s Fantasy, ces baskets pr\u00e9sentent un design blanc \u00e9clatant avec des accents bleu glac\u00e9 et une semelle ext\u00e9rieure translucide. La tige tiss\u00e9e offre un confort respirant, tandis que le rembourrage l\u00e9ger garantit une portabilit\u00e9 toute la journ\u00e9e. Entrez dans le royaume de la mode et partez \u00e0 la conqu\u00eate de tous les terrains avec ces baskets \u00ab White Walker \u00bb en \u00e9dition limit\u00e9e.<\/p>\n<ul>\n<li><strong>Coloris:<\/strong> White<\/li>\n<li><strong>Code style:<\/strong> 912315582-2<\/li>\n<\/ul>\n","protected":false},"excerpt":{"rendered":"<p>Pr\u00e9parez-vous pour l&rsquo;hiver avec le style glacial de l&rsquo;Anta Woven Low \u00ab White Walker \u00bb. Inspir\u00e9es de la s\u00e9rie \u00e0 succ\u00e8s Fantasy, ces baskets pr\u00e9sentent un design blanc \u00e9clatant avec des accents bleu glac\u00e9 et une semelle ext\u00e9rieure translucide. La tige tiss\u00e9e offre un confort respirant, tandis que le rembourrage l\u00e9ger garantit une portabilit\u00e9 toute [&hellip;]<\/p>\n","protected":false},"featured_media":793702,"template":"","meta":{"_acf_changed":false},"product_cat":[41036],"product_tag":[41037,10561,10697,39096,10564,10596,39098,39058,10610],"class_list":{"0":"post-793073","1":"product","2":"type-product","3":"status-publish","4":"has-post-thumbnail","6":"product_cat-anta","7":"product_tag-anta","8":"product_tag-athleisure-shoes","9":"product_tag-best-finds-under-100","10":"product_tag-idee-cadeau-pour-lui","11":"product_tag-lifestyle-casual-shoes","12":"product_tag-lifestyle-shoes-running-inspired","13":"product_tag-offres-tendance","14":"product_tag-sous-le-prix-de-detail","15":"product_tag-trending-deals-under-150","17":"first","18":"instock","19":"shipping-taxable","20":"purchasable","21":"product-type-simple","swatches":"rey-swatches","show_selected":""},"acf":[],"wcpa_form_fields":null,"_links":{"self":[{"href":"https:\/\/moroen.com\/fr\/wp-json\/wp\/v2\/product\/793073","targetHints":{"allow":["GET"]}}],"collection":[{"href":"https:\/\/moroen.com\/fr\/wp-json\/wp\/v2\/product"}],"about":[{"href":"https:\/\/moroen.com\/fr\/wp-json\/wp\/v2\/types\/product"}],"wp:featuredmedia":[{"embeddable":true,"href":"https:\/\/moroen.com\/fr\/wp-json\/wp\/v2\/media\/793702"}],"wp:attachment":[{"href":"https:\/\/moroen.com\/fr\/wp-json\/wp\/v2\/media?parent=793073"}],"wp:term":[{"taxonomy":"product_cat","embeddable":true,"href":"https:\/\/moroen.com\/fr\/wp-json\/wp\/v2\/product_cat?post=793073"},{"taxonomy":"product_tag","embeddable":true,"href":"https:\/\/moroen.com\/fr\/wp-json\/wp\/v2\/product_tag?post=793073"}],"curies":[{"name":"wp","href":"https:\/\/api.w.org\/{rel}","templated":true}]}}