{"id":793721,"date":"2026-04-19T13:34:07","date_gmt":"2026-04-19T18:34:07","guid":{"rendered":"https:\/\/moroen.com\/fr\/?p=793721"},"modified":"2026-04-19T13:34:07","modified_gmt":"2026-04-19T18:34:07","slug":"skechers-dynamight-2-0-chaussures-de-course-basses-noir-58362-bbk","status":"publish","type":"product","link":"https:\/\/moroen.com\/fr\/produit\/skechers-dynamight-2-0-chaussures-de-course-basses-noir-58362-bbk\/","title":{"rendered":"Skechers Dynamight 2.0 Chaussures de course basses Noir 58362-BBK"},"content":{"rendered":"<p>Am\u00e9liorez vos courses avec les chaussures de course basses Skechers Dynamight 2.0 en noir \u00e9l\u00e9gant. Ces chaussures sont dot\u00e9es d&rsquo;une semelle intercalaire ULTRA GO\u00ae l\u00e9g\u00e8re et r\u00e9active pour une conduite dynamique. La tige en mesh respirant assure la respirabilit\u00e9, tandis que les empi\u00e8cements synth\u00e9tiques assurent la durabilit\u00e9. B\u00e9n\u00e9ficiez d&rsquo;une traction am\u00e9lior\u00e9e avec la semelle ext\u00e9rieure Goodyear\u00ae Performance. Parfait pour les coureurs recherchant une combinaison de confort, de style et de performance.<\/p>\n<ul>\n<li><strong>Coloris:<\/strong> Black<\/li>\n<li><strong>Code style:<\/strong> 58362-BBK<\/li>\n<li><strong>Tige:<\/strong> Fabric<\/li>\n<li><strong>Couleur:<\/strong> Black<\/li>\n<li><strong>Saison:<\/strong> All Season<\/li>\n<\/ul>\n","protected":false},"excerpt":{"rendered":"<p>Am\u00e9liorez vos courses avec les chaussures de course basses Skechers Dynamight 2.0 en noir \u00e9l\u00e9gant. Ces chaussures sont dot\u00e9es d&rsquo;une semelle intercalaire ULTRA GO\u00ae l\u00e9g\u00e8re et r\u00e9active pour une conduite dynamique. La tige en mesh respirant assure la respirabilit\u00e9, tandis que les empi\u00e8cements synth\u00e9tiques assurent la durabilit\u00e9. B\u00e9n\u00e9ficiez d&rsquo;une traction am\u00e9lior\u00e9e avec la semelle ext\u00e9rieure [&hellip;]<\/p>\n","protected":false},"featured_media":793883,"template":"","meta":{"_acf_changed":false},"product_cat":[41140],"product_tag":[39081,39057,39096,10686,41141,41581,39058],"class_list":{"0":"post-793721","1":"product","2":"type-product","3":"status-publish","4":"has-post-thumbnail","6":"product_cat-skechers","7":"product_tag-chaussures-de-course","8":"product_tag-chaussures-de-sport-performance","9":"product_tag-idee-cadeau-pour-lui","10":"product_tag-performance-running-shoes","11":"product_tag-skechers","12":"product_tag-skechers-running-shoes","13":"product_tag-sous-le-prix-de-detail","15":"first","16":"instock","17":"shipping-taxable","18":"purchasable","19":"product-type-simple","swatches":"rey-swatches","show_selected":""},"acf":[],"wcpa_form_fields":null,"_links":{"self":[{"href":"https:\/\/moroen.com\/fr\/wp-json\/wp\/v2\/product\/793721","targetHints":{"allow":["GET"]}}],"collection":[{"href":"https:\/\/moroen.com\/fr\/wp-json\/wp\/v2\/product"}],"about":[{"href":"https:\/\/moroen.com\/fr\/wp-json\/wp\/v2\/types\/product"}],"wp:featuredmedia":[{"embeddable":true,"href":"https:\/\/moroen.com\/fr\/wp-json\/wp\/v2\/media\/793883"}],"wp:attachment":[{"href":"https:\/\/moroen.com\/fr\/wp-json\/wp\/v2\/media?parent=793721"}],"wp:term":[{"taxonomy":"product_cat","embeddable":true,"href":"https:\/\/moroen.com\/fr\/wp-json\/wp\/v2\/product_cat?post=793721"},{"taxonomy":"product_tag","embeddable":true,"href":"https:\/\/moroen.com\/fr\/wp-json\/wp\/v2\/product_tag?post=793721"}],"curies":[{"name":"wp","href":"https:\/\/api.w.org\/{rel}","templated":true}]}}