{"id":793727,"date":"2026-04-19T13:34:07","date_gmt":"2026-04-19T18:34:07","guid":{"rendered":"https:\/\/moroen.com\/fr\/?p=793727"},"modified":"2026-04-19T13:34:07","modified_gmt":"2026-04-19T18:34:07","slug":"femme-nike-odyssey-react-2-shield-noir-metallique-argent-bq1672-001","status":"publish","type":"product","link":"https:\/\/moroen.com\/fr\/produit\/femme-nike-odyssey-react-2-shield-noir-metallique-argent-bq1672-001\/","title":{"rendered":"(Femme) Nike Odyssey React 2 Shield &lsquo;Noir M\u00e9tallique Argent&rsquo; BQ1672-001"},"content":{"rendered":"<p>D\u00e9couvrez l&rsquo;\u00e9quilibre parfait entre performance et style avec la Nike Odyssey React 2 Shield \u00ab Black Metallic Silver \u00bb. Con\u00e7ue pour conqu\u00e9rir tous les terrains, cette chaussure est dot\u00e9e d&rsquo;une tige hydrofuge et d&rsquo;une semelle intercalaire en mousse React r\u00e9sistante pour un confort et un amorti exceptionnels. Son design \u00e9l\u00e9gant combine des accents noirs et argent\u00e9s, ce qui en fait une pi\u00e8ce tendance qui rehausse votre garde-robe sportive ou quotidienne. Restez prot\u00e9g\u00e9 et \u00e9l\u00e9gant pendant vos courses ou aventures avec le Nike Odyssey React 2 Shield.<\/p>\n<ul>\n<li><strong>Coloris:<\/strong> Black\/Black\/Metallic Silver<\/li>\n<li><strong>Code style:<\/strong> BQ1672-001<\/li>\n<li><strong>Tige:<\/strong> Synthetic<\/li>\n<li><strong>Semelle interm\u00e9diaire:<\/strong> React<\/li>\n<li><strong>Couleur:<\/strong> Black<\/li>\n<li><strong>Saison:<\/strong> All Season<\/li>\n<\/ul>\n","protected":false},"excerpt":{"rendered":"<p>D\u00e9couvrez l&rsquo;\u00e9quilibre parfait entre performance et style avec la Nike Odyssey React 2 Shield \u00ab Black Metallic Silver \u00bb. Con\u00e7ue pour conqu\u00e9rir tous les terrains, cette chaussure est dot\u00e9e d&rsquo;une tige hydrofuge et d&rsquo;une semelle intercalaire en mousse React r\u00e9sistante pour un confort et un amorti exceptionnels. Son design \u00e9l\u00e9gant combine des accents noirs et [&hellip;]<\/p>\n","protected":false},"featured_media":793916,"template":"","meta":{"_acf_changed":false},"product_cat":[89],"product_tag":[10697,11704,39081,39057,39131,10553,10737,39098,10686,39058,10610],"class_list":{"0":"post-793727","1":"product","2":"type-product","3":"status-publish","4":"has-post-thumbnail","6":"product_cat-nike-sneakers-2","7":"product_tag-best-finds-under-100","8":"product_tag-casual-running-shoes","9":"product_tag-chaussures-de-course","10":"product_tag-chaussures-de-sport-performance","11":"product_tag-idee-cadeau-pour-elle","12":"product_tag-nike","13":"product_tag-nike-running-shoes","14":"product_tag-offres-tendance","15":"product_tag-performance-running-shoes","16":"product_tag-sous-le-prix-de-detail","17":"product_tag-trending-deals-under-150","18":"wcpa_has_options","20":"first","21":"instock","22":"shipping-taxable","23":"purchasable","24":"product-type-simple","swatches":"rey-swatches","show_selected":""},"acf":[],"wcpa_form_fields":{"rules":{"pric_overide_base_price":false,"pric_overide_base_price_if_gt_zero":false,"pric_overide_base_price_fully":false,"pric_cal_option_once":false,"pric_use_as_fee":false,"bind_quantity":false,"quantity_bind_formula":false},"fields":[{"type":"color-group","required":true,"elementId":"wcpa-color-group-66866c84d9a20","label":"Taille","inline":true,"priceOptions":"different_for_all","pricingType":"fixed","className":"product-shoes-size","name":"color-group-66866c84d9a31","disp_type":"square","selection_type":"tick-border","disp_size":"50","show_label_inside":true,"adjust_width":true,"cart_display_type":"text","other_text":"Other","cl_rule":"show","cl_val":"EU","col":6,"values":[{"label":"35.5","value":"EU 35.5","price":"","pimage":"","pimage_id":"","pthumb":"","color":"","selected":true},{"label":"36","value":"EU 36","price":"","pimage":"","pimage_id":"","pthumb":"","color":""},{"label":"37.5","value":"EU 37.5","price":"","pimage":"","pimage_id":"","pthumb":"","color":""},{"label":"38","value":"EU 38","price":"","pimage":"","pimage_id":"","pthumb":"","color":""},{"label":"38.5","value":"EU 38.5","price":"","pimage":"","pimage_id":"","pthumb":"","color":""},{"label":"39","value":"EU 39","price":"","pimage":"","pimage_id":"","pthumb":"","color":""},{"label":"40","value":"EU 40","price":"","pimage":"","pimage_id":"","pthumb":"","color":""},{"label":"40.5","value":"EU 40.5","price":"","pimage":"","pimage_id":"","pthumb":"","color":""},{"label":"41","value":"EU 41","price":"","pimage":"","pimage_id":"","pthumb":"","color":""},{"label":"42","value":"EU 42","price":"","pimage":"","pimage_id":"","pthumb":"","color":""},{"label":"42.5","value":"EU 42.5","price":"","pimage":"","pimage_id":"","pthumb":"","color":""},{"label":"43","value":"EU 43","price":"","pimage":"","pimage_id":"","pthumb":"","color":""}],"relations":[{"operator":false,"rules":[{"operator":false,"rules":{"cl_field":"wcpa-select-1763976798612","cl_relation":"is","cl_val":{"i":"0","value":"EU"}}}]}],"form_id":349038,"form_rules":{"pric_cal_option_once":false,"exclude_from_discount":false,"pric_use_as_fee":false,"fee_label":"Fee","render_after_acb":false,"disp_hide_options_price":false}}]},"_links":{"self":[{"href":"https:\/\/moroen.com\/fr\/wp-json\/wp\/v2\/product\/793727","targetHints":{"allow":["GET"]}}],"collection":[{"href":"https:\/\/moroen.com\/fr\/wp-json\/wp\/v2\/product"}],"about":[{"href":"https:\/\/moroen.com\/fr\/wp-json\/wp\/v2\/types\/product"}],"wp:featuredmedia":[{"embeddable":true,"href":"https:\/\/moroen.com\/fr\/wp-json\/wp\/v2\/media\/793916"}],"wp:attachment":[{"href":"https:\/\/moroen.com\/fr\/wp-json\/wp\/v2\/media?parent=793727"}],"wp:term":[{"taxonomy":"product_cat","embeddable":true,"href":"https:\/\/moroen.com\/fr\/wp-json\/wp\/v2\/product_cat?post=793727"},{"taxonomy":"product_tag","embeddable":true,"href":"https:\/\/moroen.com\/fr\/wp-json\/wp\/v2\/product_tag?post=793727"}],"curies":[{"name":"wp","href":"https:\/\/api.w.org\/{rel}","templated":true}]}}