{"id":794500,"date":"2026-04-19T13:34:07","date_gmt":"2026-04-19T18:34:07","guid":{"rendered":"https:\/\/moroen.com\/fr\/?p=794500"},"modified":"2026-04-19T13:34:07","modified_gmt":"2026-04-19T18:34:07","slug":"sabot-crocs-dylan-cognac-209366-21n","status":"publish","type":"product","link":"https:\/\/moroen.com\/fr\/produit\/sabot-crocs-dylan-cognac-209366-21n\/","title":{"rendered":"Sabot Crocs Dylan &lsquo;Cognac&rsquo; 209366-21N"},"content":{"rendered":"<p>Adoptez un style sans effort avec les sabots Crocs Dylan &lsquo;Cognac&rsquo; ! Fabriqu\u00e9s \u00e0 partir de mat\u00e9riau Croslite, ces sabots offrent un confort et une durabilit\u00e9 in\u00e9gal\u00e9s. Son design minimaliste et sa teinte terreuse \u00ab Cognac \u00bb la rendent parfaite pour une tenue d\u00e9contract\u00e9e, tandis que sa semelle ext\u00e9rieure Croslite offre une adh\u00e9rence exceptionnelle. Profitez d&rsquo;un confort tout au long de la journ\u00e9e avec Crocs Dylan Clog \u2013 un choix \u00e9l\u00e9gant et pratique pour votre garde-robe.<\/p>\n<ul>\n<li><strong>Coloris:<\/strong> Cognac<\/li>\n<li><strong>Code style:<\/strong> 209366-21N<\/li>\n<li><strong>Tige:<\/strong> Croslite<\/li>\n<li><strong>Couleur:<\/strong> Brown<\/li>\n<li><strong>Saison:<\/strong> Summer<\/li>\n<li><strong>Ann\u00e9e de sortie:<\/strong> 2023<\/li>\n<\/ul>\n","protected":false},"excerpt":{"rendered":"<p>Adoptez un style sans effort avec les sabots Crocs Dylan &lsquo;Cognac&rsquo; ! Fabriqu\u00e9s \u00e0 partir de mat\u00e9riau Croslite, ces sabots offrent un confort et une durabilit\u00e9 in\u00e9gal\u00e9s. Son design minimaliste et sa teinte terreuse \u00ab Cognac \u00bb la rendent parfaite pour une tenue d\u00e9contract\u00e9e, tandis que sa semelle ext\u00e9rieure Croslite offre une adh\u00e9rence exceptionnelle. Profitez [&hellip;]<\/p>\n","protected":false},"featured_media":794976,"template":"","meta":{"_acf_changed":false},"product_cat":[41082],"product_tag":[10612,15318,41083,39096,10564,39058],"class_list":{"0":"post-794500","1":"product","2":"type-product","3":"status-publish","4":"has-post-thumbnail","6":"product_cat-crocs","7":"product_tag-casual-sandals","8":"product_tag-clogs","9":"product_tag-crocs","10":"product_tag-idee-cadeau-pour-lui","11":"product_tag-lifestyle-casual-shoes","12":"product_tag-sous-le-prix-de-detail","14":"first","15":"instock","16":"shipping-taxable","17":"purchasable","18":"product-type-simple","swatches":"rey-swatches","show_selected":""},"acf":[],"wcpa_form_fields":null,"_links":{"self":[{"href":"https:\/\/moroen.com\/fr\/wp-json\/wp\/v2\/product\/794500","targetHints":{"allow":["GET"]}}],"collection":[{"href":"https:\/\/moroen.com\/fr\/wp-json\/wp\/v2\/product"}],"about":[{"href":"https:\/\/moroen.com\/fr\/wp-json\/wp\/v2\/types\/product"}],"wp:featuredmedia":[{"embeddable":true,"href":"https:\/\/moroen.com\/fr\/wp-json\/wp\/v2\/media\/794976"}],"wp:attachment":[{"href":"https:\/\/moroen.com\/fr\/wp-json\/wp\/v2\/media?parent=794500"}],"wp:term":[{"taxonomy":"product_cat","embeddable":true,"href":"https:\/\/moroen.com\/fr\/wp-json\/wp\/v2\/product_cat?post=794500"},{"taxonomy":"product_tag","embeddable":true,"href":"https:\/\/moroen.com\/fr\/wp-json\/wp\/v2\/product_tag?post=794500"}],"curies":[{"name":"wp","href":"https:\/\/api.w.org\/{rel}","templated":true}]}}