{"id":795119,"date":"2026-04-19T13:34:07","date_gmt":"2026-04-19T18:34:07","guid":{"rendered":"https:\/\/moroen.com\/fr\/?p=795119"},"modified":"2026-04-19T13:34:07","modified_gmt":"2026-04-19T18:34:07","slug":"converse-chuck-taylor-all-star-high-construct-colorblock-alligator-a03471c","status":"publish","type":"product","link":"https:\/\/moroen.com\/fr\/produit\/converse-chuck-taylor-all-star-high-construct-colorblock-alligator-a03471c\/","title":{"rendered":"Converse Chuck Taylor All Star High &lsquo;Construct Colorblock &#8211; Alligator&rsquo; A03471C"},"content":{"rendered":"<p>Pr\u00e9sentation de la Converse Chuck Taylor All Star High &lsquo;Construct Colorblock &#8211; Alligator&rsquo; A03471C, une fusion \u00e9l\u00e9gante de design intemporel et de style moderne. Cette sneaker embl\u00e9matique pr\u00e9sente un motif color block dynamique, apportant une touche audacieuse \u00e0 n&rsquo;importe quelle tenue. Son ext\u00e9rieur en toile durable offre confort et long\u00e9vit\u00e9, tandis que l&rsquo;\u00e9cusson All Star embl\u00e9matique \u00e0 la cheville d\u00e9gage un attrait classique. Parfaite pour les cr\u00e9ateurs de tendances du monde entier, cette sneaker passe sans effort des sorties d\u00e9contract\u00e9es aux aventures urbaines, vous assurant de vous d\u00e9marquer partout o\u00f9 vous allez. \u00c9levez vos chaussures<\/p>\n<ul>\n<li><strong>Coloris:<\/strong> Alligator Friend Green\/Grassy<\/li>\n<li><strong>Code style:<\/strong> A03471C<\/li>\n<li><strong>Tige:<\/strong> Canvas<\/li>\n<li><strong>Couleur:<\/strong> Green<\/li>\n<li><strong>Designer:<\/strong> Marquis Mills<\/li>\n<li><strong>Saison:<\/strong> Spring<\/li>\n<li><strong>Ann\u00e9e de sortie:<\/strong> 2023<\/li>\n<\/ul>\n","protected":false},"excerpt":{"rendered":"<p>Pr\u00e9sentation de la Converse Chuck Taylor All Star High &lsquo;Construct Colorblock &#8211; Alligator&rsquo; A03471C, une fusion \u00e9l\u00e9gante de design intemporel et de style moderne. Cette sneaker embl\u00e9matique pr\u00e9sente un motif color block dynamique, apportant une touche audacieuse \u00e0 n&rsquo;importe quelle tenue. Son ext\u00e9rieur en toile durable offre confort et long\u00e9vit\u00e9, tandis que l&rsquo;\u00e9cusson All Star [&hellip;]<\/p>\n","protected":false},"featured_media":795468,"template":"","meta":{"_acf_changed":false},"product_cat":[41092],"product_tag":[10561,41093,39096,10564,10585,10579],"class_list":{"0":"post-795119","1":"product","2":"type-product","3":"status-publish","4":"has-post-thumbnail","6":"product_cat-converse","7":"product_tag-athleisure-shoes","8":"product_tag-converse","9":"product_tag-idee-cadeau-pour-lui","10":"product_tag-lifestyle-casual-shoes","11":"product_tag-lifestyle-shoes-basketball-inspired","12":"product_tag-retro-casual-shoes","14":"first","15":"instock","16":"shipping-taxable","17":"purchasable","18":"product-type-simple","swatches":"rey-swatches","show_selected":""},"acf":[],"wcpa_form_fields":null,"_links":{"self":[{"href":"https:\/\/moroen.com\/fr\/wp-json\/wp\/v2\/product\/795119","targetHints":{"allow":["GET"]}}],"collection":[{"href":"https:\/\/moroen.com\/fr\/wp-json\/wp\/v2\/product"}],"about":[{"href":"https:\/\/moroen.com\/fr\/wp-json\/wp\/v2\/types\/product"}],"wp:featuredmedia":[{"embeddable":true,"href":"https:\/\/moroen.com\/fr\/wp-json\/wp\/v2\/media\/795468"}],"wp:attachment":[{"href":"https:\/\/moroen.com\/fr\/wp-json\/wp\/v2\/media?parent=795119"}],"wp:term":[{"taxonomy":"product_cat","embeddable":true,"href":"https:\/\/moroen.com\/fr\/wp-json\/wp\/v2\/product_cat?post=795119"},{"taxonomy":"product_tag","embeddable":true,"href":"https:\/\/moroen.com\/fr\/wp-json\/wp\/v2\/product_tag?post=795119"}],"curies":[{"name":"wp","href":"https:\/\/api.w.org\/{rel}","templated":true}]}}