{"id":795121,"date":"2026-04-19T13:34:07","date_gmt":"2026-04-19T18:34:07","guid":{"rendered":"https:\/\/moroen.com\/fr\/?p=795121"},"modified":"2026-04-19T13:34:07","modified_gmt":"2026-04-19T18:34:07","slug":"crocs-echo-sabot-marbled-moonlight-208454-1nl","status":"publish","type":"product","link":"https:\/\/moroen.com\/fr\/produit\/crocs-echo-sabot-marbled-moonlight-208454-1nl\/","title":{"rendered":"Crocs Echo Sabot &lsquo;Marbled Moonlight&rsquo; 208454-1NL"},"content":{"rendered":"<p>D\u00e9couvrez un confort et un style ultimes avec le Crocs Echo Clog Marbled Moonlight 208454-1NL, dot\u00e9 d&rsquo;un design marbr\u00e9 unique, d&rsquo;une construction l\u00e9g\u00e8re et d&rsquo;un ajustement s\u00fbr pour un usage quotidien.<\/p>\n<ul>\n<li><strong>Coloris:<\/strong> Moonlight\/Multi<\/li>\n<li><strong>Code style:<\/strong> 208454-1NL<\/li>\n<li><strong>Tige:<\/strong> EVA Foam<\/li>\n<li><strong>Couleur:<\/strong> Grey<\/li>\n<li><strong>Ann\u00e9e de sortie:<\/strong> 2023<\/li>\n<\/ul>\n","protected":false},"excerpt":{"rendered":"<p>D\u00e9couvrez un confort et un style ultimes avec le Crocs Echo Clog Marbled Moonlight 208454-1NL, dot\u00e9 d&rsquo;un design marbr\u00e9 unique, d&rsquo;une construction l\u00e9g\u00e8re et d&rsquo;un ajustement s\u00fbr pour un usage quotidien. Coloris: Moonlight\/Multi Code style: 208454-1NL Tige: EVA Foam Couleur: Grey Ann\u00e9e de sortie: 2023<\/p>\n","protected":false},"featured_media":795473,"template":"","meta":{"_acf_changed":false},"product_cat":[41082],"product_tag":[10612,15318,41083,10564,39058],"class_list":{"0":"post-795121","1":"product","2":"type-product","3":"status-publish","4":"has-post-thumbnail","6":"product_cat-crocs","7":"product_tag-casual-sandals","8":"product_tag-clogs","9":"product_tag-crocs","10":"product_tag-lifestyle-casual-shoes","11":"product_tag-sous-le-prix-de-detail","13":"first","14":"instock","15":"shipping-taxable","16":"purchasable","17":"product-type-simple","swatches":"rey-swatches","show_selected":""},"acf":[],"wcpa_form_fields":null,"_links":{"self":[{"href":"https:\/\/moroen.com\/fr\/wp-json\/wp\/v2\/product\/795121","targetHints":{"allow":["GET"]}}],"collection":[{"href":"https:\/\/moroen.com\/fr\/wp-json\/wp\/v2\/product"}],"about":[{"href":"https:\/\/moroen.com\/fr\/wp-json\/wp\/v2\/types\/product"}],"wp:featuredmedia":[{"embeddable":true,"href":"https:\/\/moroen.com\/fr\/wp-json\/wp\/v2\/media\/795473"}],"wp:attachment":[{"href":"https:\/\/moroen.com\/fr\/wp-json\/wp\/v2\/media?parent=795121"}],"wp:term":[{"taxonomy":"product_cat","embeddable":true,"href":"https:\/\/moroen.com\/fr\/wp-json\/wp\/v2\/product_cat?post=795121"},{"taxonomy":"product_tag","embeddable":true,"href":"https:\/\/moroen.com\/fr\/wp-json\/wp\/v2\/product_tag?post=795121"}],"curies":[{"name":"wp","href":"https:\/\/api.w.org\/{rel}","templated":true}]}}