{"id":795131,"date":"2026-04-19T13:34:07","date_gmt":"2026-04-19T18:34:07","guid":{"rendered":"https:\/\/moroen.com\/fr\/?p=795131"},"modified":"2026-04-19T13:34:07","modified_gmt":"2026-04-19T18:34:07","slug":"crocs-echo-wave-craie-210521-0wv","status":"publish","type":"product","link":"https:\/\/moroen.com\/fr\/produit\/crocs-echo-wave-craie-210521-0wv\/","title":{"rendered":"Crocs Echo Wave &lsquo;Craie&rsquo; 210521-0WV"},"content":{"rendered":"<p>D\u00e9couvrez le m\u00e9lange parfait de confort et de style contemporain avec les Crocs Echo Wave &lsquo;Chalk&rsquo;, con\u00e7ues pour \u00eatre port\u00e9es toute la journ\u00e9e et polyvalentes sans effort.<\/p>\n<ul>\n<li><strong>Coloris:<\/strong> Chalk<\/li>\n<li><strong>Code style:<\/strong> 210521-0WV<\/li>\n<li><strong>Tige:<\/strong> Croslite<\/li>\n<li><strong>Couleur:<\/strong> Beige<\/li>\n<li><strong>Saison:<\/strong> Summer<\/li>\n<li><strong>Ann\u00e9e de sortie:<\/strong> 2025<\/li>\n<\/ul>\n","protected":false},"excerpt":{"rendered":"<p>D\u00e9couvrez le m\u00e9lange parfait de confort et de style contemporain avec les Crocs Echo Wave &lsquo;Chalk&rsquo;, con\u00e7ues pour \u00eatre port\u00e9es toute la journ\u00e9e et polyvalentes sans effort. Coloris: Chalk Code style: 210521-0WV Tige: Croslite Couleur: Beige Saison: Summer Ann\u00e9e de sortie: 2025<\/p>\n","protected":false},"featured_media":795541,"template":"","meta":{"_acf_changed":false},"product_cat":[41082],"product_tag":[10612,15318,41083,10564],"class_list":{"0":"post-795131","1":"product","2":"type-product","3":"status-publish","4":"has-post-thumbnail","6":"product_cat-crocs","7":"product_tag-casual-sandals","8":"product_tag-clogs","9":"product_tag-crocs","10":"product_tag-lifestyle-casual-shoes","12":"first","13":"instock","14":"shipping-taxable","15":"purchasable","16":"product-type-simple","swatches":"rey-swatches","show_selected":""},"acf":[],"wcpa_form_fields":null,"_links":{"self":[{"href":"https:\/\/moroen.com\/fr\/wp-json\/wp\/v2\/product\/795131","targetHints":{"allow":["GET"]}}],"collection":[{"href":"https:\/\/moroen.com\/fr\/wp-json\/wp\/v2\/product"}],"about":[{"href":"https:\/\/moroen.com\/fr\/wp-json\/wp\/v2\/types\/product"}],"wp:featuredmedia":[{"embeddable":true,"href":"https:\/\/moroen.com\/fr\/wp-json\/wp\/v2\/media\/795541"}],"wp:attachment":[{"href":"https:\/\/moroen.com\/fr\/wp-json\/wp\/v2\/media?parent=795131"}],"wp:term":[{"taxonomy":"product_cat","embeddable":true,"href":"https:\/\/moroen.com\/fr\/wp-json\/wp\/v2\/product_cat?post=795131"},{"taxonomy":"product_tag","embeddable":true,"href":"https:\/\/moroen.com\/fr\/wp-json\/wp\/v2\/product_tag?post=795131"}],"curies":[{"name":"wp","href":"https:\/\/api.w.org\/{rel}","templated":true}]}}