{"id":795146,"date":"2026-04-19T13:34:07","date_gmt":"2026-04-19T18:34:07","guid":{"rendered":"https:\/\/moroen.com\/fr\/?p=795146"},"modified":"2026-04-19T13:34:07","modified_gmt":"2026-04-19T18:34:07","slug":"vans-authentique-true-white-vn000ee3w00","status":"publish","type":"product","link":"https:\/\/moroen.com\/fr\/produit\/vans-authentique-true-white-vn000ee3w00\/","title":{"rendered":"Vans Authentique &lsquo;True White&rsquo; VN000EE3W00"},"content":{"rendered":"<p>Pr\u00e9sentation des baskets Vans Authentic True White de Vans. Ces chaussures classiques pr\u00e9sentent une couleur blanche \u00e9pur\u00e9e, parfaites pour toute tenue d\u00e9contract\u00e9e. Avec leur design authentique et leur coupe confortable, ils sont un incontournable de votre collection de chaussures. Achetez maintenant et sortez avec style avec ces baskets True White Vans Authentic.<\/p>\n<ul>\n<li><strong>Coloris:<\/strong> True White<\/li>\n<li><strong>Code style:<\/strong> VN000EE3W00<\/li>\n<li><strong>Couleur:<\/strong> White<\/li>\n<li><strong>Designer:<\/strong> Paul Van Doren<\/li>\n<li><strong>Saison:<\/strong> All Season<\/li>\n<\/ul>\n","protected":false},"excerpt":{"rendered":"<p>Pr\u00e9sentation des baskets Vans Authentic True White de Vans. Ces chaussures classiques pr\u00e9sentent une couleur blanche \u00e9pur\u00e9e, parfaites pour toute tenue d\u00e9contract\u00e9e. Avec leur design authentique et leur coupe confortable, ils sont un incontournable de votre collection de chaussures. Achetez maintenant et sortez avec style avec ces baskets True White Vans Authentic. Coloris: True White [&hellip;]<\/p>\n","protected":false},"featured_media":795628,"template":"","meta":{"_acf_changed":false},"product_cat":[40965],"product_tag":[10561,10564,10753,10579,39058,40966],"class_list":{"0":"post-795146","1":"product","2":"type-product","3":"status-publish","4":"has-post-thumbnail","6":"product_cat-vans","7":"product_tag-athleisure-shoes","8":"product_tag-lifestyle-casual-shoes","9":"product_tag-lifestyle-shoes-skateboarding-inspired","10":"product_tag-retro-casual-shoes","11":"product_tag-sous-le-prix-de-detail","12":"product_tag-vans","14":"first","15":"instock","16":"shipping-taxable","17":"purchasable","18":"product-type-simple","swatches":"rey-swatches","show_selected":""},"acf":[],"wcpa_form_fields":null,"_links":{"self":[{"href":"https:\/\/moroen.com\/fr\/wp-json\/wp\/v2\/product\/795146","targetHints":{"allow":["GET"]}}],"collection":[{"href":"https:\/\/moroen.com\/fr\/wp-json\/wp\/v2\/product"}],"about":[{"href":"https:\/\/moroen.com\/fr\/wp-json\/wp\/v2\/types\/product"}],"wp:featuredmedia":[{"embeddable":true,"href":"https:\/\/moroen.com\/fr\/wp-json\/wp\/v2\/media\/795628"}],"wp:attachment":[{"href":"https:\/\/moroen.com\/fr\/wp-json\/wp\/v2\/media?parent=795146"}],"wp:term":[{"taxonomy":"product_cat","embeddable":true,"href":"https:\/\/moroen.com\/fr\/wp-json\/wp\/v2\/product_cat?post=795146"},{"taxonomy":"product_tag","embeddable":true,"href":"https:\/\/moroen.com\/fr\/wp-json\/wp\/v2\/product_tag?post=795146"}],"curies":[{"name":"wp","href":"https:\/\/api.w.org\/{rel}","templated":true}]}}