{"id":795158,"date":"2026-04-19T13:34:07","date_gmt":"2026-04-19T18:34:07","guid":{"rendered":"https:\/\/moroen.com\/fr\/?p=795158"},"modified":"2026-04-19T13:34:07","modified_gmt":"2026-04-19T18:34:07","slug":"converse-chuck-taylor-all-star-totalement-neutre-a06565c","status":"publish","type":"product","link":"https:\/\/moroen.com\/fr\/produit\/converse-chuck-taylor-all-star-totalement-neutre-a06565c\/","title":{"rendered":"Converse Chuck Taylor All Star &lsquo;Totalement Neutre&rsquo; A06565C"},"content":{"rendered":"<p>Pr\u00e9sentation des baskets Converse Chuck Taylor All Star \u00ab Totally Neutral \u00bb, o\u00f9 le style embl\u00e9matique rencontre un confort in\u00e9gal\u00e9. Fabriqu\u00e9es \u00e0 partir de toile de qualit\u00e9 sup\u00e9rieure dans une teinte beige polyvalente, ces baskets offrent un look intemporel et sans effort. La silhouette classique des Chuck Taylor est dot\u00e9e d&rsquo;une semelle ext\u00e9rieure en caoutchouc durable pour une traction fiable, tandis que la semelle int\u00e9rieure OrthoLite assure un amorti toute la journ\u00e9e. \u00c9levez votre garde-robe avec le m\u00e9lange parfait de mode et de fonctionnalit\u00e9, avec les baskets Converse Chuck Taylor All Star \u00ab Totally Neutral \u00bb.<\/p>\n<ul>\n<li><strong>Coloris:<\/strong> Totally Neutral<\/li>\n<li><strong>Code style:<\/strong> A06565C<\/li>\n<li><strong>Couleur:<\/strong> Grey<\/li>\n<\/ul>\n","protected":false},"excerpt":{"rendered":"<p>Pr\u00e9sentation des baskets Converse Chuck Taylor All Star \u00ab Totally Neutral \u00bb, o\u00f9 le style embl\u00e9matique rencontre un confort in\u00e9gal\u00e9. Fabriqu\u00e9es \u00e0 partir de toile de qualit\u00e9 sup\u00e9rieure dans une teinte beige polyvalente, ces baskets offrent un look intemporel et sans effort. La silhouette classique des Chuck Taylor est dot\u00e9e d&rsquo;une semelle ext\u00e9rieure en caoutchouc [&hellip;]<\/p>\n","protected":false},"featured_media":795703,"template":"","meta":{"_acf_changed":false},"product_cat":[41092],"product_tag":[10561,41093,39096,10564,10585,10579,39058],"class_list":{"0":"post-795158","1":"product","2":"type-product","3":"status-publish","4":"has-post-thumbnail","6":"product_cat-converse","7":"product_tag-athleisure-shoes","8":"product_tag-converse","9":"product_tag-idee-cadeau-pour-lui","10":"product_tag-lifestyle-casual-shoes","11":"product_tag-lifestyle-shoes-basketball-inspired","12":"product_tag-retro-casual-shoes","13":"product_tag-sous-le-prix-de-detail","15":"first","16":"instock","17":"shipping-taxable","18":"purchasable","19":"product-type-simple","swatches":"rey-swatches","show_selected":""},"acf":[],"wcpa_form_fields":null,"_links":{"self":[{"href":"https:\/\/moroen.com\/fr\/wp-json\/wp\/v2\/product\/795158","targetHints":{"allow":["GET"]}}],"collection":[{"href":"https:\/\/moroen.com\/fr\/wp-json\/wp\/v2\/product"}],"about":[{"href":"https:\/\/moroen.com\/fr\/wp-json\/wp\/v2\/types\/product"}],"wp:featuredmedia":[{"embeddable":true,"href":"https:\/\/moroen.com\/fr\/wp-json\/wp\/v2\/media\/795703"}],"wp:attachment":[{"href":"https:\/\/moroen.com\/fr\/wp-json\/wp\/v2\/media?parent=795158"}],"wp:term":[{"taxonomy":"product_cat","embeddable":true,"href":"https:\/\/moroen.com\/fr\/wp-json\/wp\/v2\/product_cat?post=795158"},{"taxonomy":"product_tag","embeddable":true,"href":"https:\/\/moroen.com\/fr\/wp-json\/wp\/v2\/product_tag?post=795158"}],"curies":[{"name":"wp","href":"https:\/\/api.w.org\/{rel}","templated":true}]}}