{"id":795803,"date":"2026-04-19T13:34:07","date_gmt":"2026-04-19T18:34:07","guid":{"rendered":"https:\/\/moroen.com\/fr\/?p=795803"},"modified":"2026-04-19T13:34:07","modified_gmt":"2026-04-19T18:34:07","slug":"vans-trek-slip-on-noir-vn0a5hf8blk","status":"publish","type":"product","link":"https:\/\/moroen.com\/fr\/produit\/vans-trek-slip-on-noir-vn0a5hf8blk\/","title":{"rendered":"Vans Trek Slip-On &lsquo;Noir&rsquo; VN0A5HF8BLK"},"content":{"rendered":"<p>La Vans Trek Slip-On Black est une chaussure \u00e9l\u00e9gante et polyvalente de la c\u00e9l\u00e8bre marque Vans. Sa couleur noire \u00e9l\u00e9gante ajoute une touche de sophistication \u00e0 n&rsquo;importe quelle tenue. Enfilez ces slip-ons confortables et durables, parfaits pour un usage quotidien ou pour explorer le plein air.<\/p>\n<ul>\n<li><strong>Coloris:<\/strong> Black\/Black<\/li>\n<li><strong>Code style:<\/strong> VN0A5HF8BLK<\/li>\n<li><strong>Tige:<\/strong> TPU<\/li>\n<li><strong>Couleur:<\/strong> Black<\/li>\n<li><strong>Designer:<\/strong> Paul Van Doren<\/li>\n<li><strong>Saison:<\/strong> Summer<\/li>\n<\/ul>\n","protected":false},"excerpt":{"rendered":"<p>La Vans Trek Slip-On Black est une chaussure \u00e9l\u00e9gante et polyvalente de la c\u00e9l\u00e8bre marque Vans. Sa couleur noire \u00e9l\u00e9gante ajoute une touche de sophistication \u00e0 n&rsquo;importe quelle tenue. Enfilez ces slip-ons confortables et durables, parfaits pour un usage quotidien ou pour explorer le plein air. Coloris: Black\/Black Code style: VN0A5HF8BLK Tige: TPU Couleur: Black [&hellip;]<\/p>\n","protected":false},"featured_media":796075,"template":"","meta":{"_acf_changed":false},"product_cat":[40965],"product_tag":[10561,10562,10576,39096,10564,10753,10579,40966],"class_list":{"0":"post-795803","1":"product","2":"type-product","3":"status-publish","4":"has-post-thumbnail","6":"product_cat-vans","7":"product_tag-athleisure-shoes","8":"product_tag-best-seller","9":"product_tag-gallery-look","10":"product_tag-idee-cadeau-pour-lui","11":"product_tag-lifestyle-casual-shoes","12":"product_tag-lifestyle-shoes-skateboarding-inspired","13":"product_tag-retro-casual-shoes","14":"product_tag-vans","16":"first","17":"instock","18":"shipping-taxable","19":"purchasable","20":"product-type-simple","swatches":"rey-swatches","show_selected":""},"acf":[],"wcpa_form_fields":null,"_links":{"self":[{"href":"https:\/\/moroen.com\/fr\/wp-json\/wp\/v2\/product\/795803","targetHints":{"allow":["GET"]}}],"collection":[{"href":"https:\/\/moroen.com\/fr\/wp-json\/wp\/v2\/product"}],"about":[{"href":"https:\/\/moroen.com\/fr\/wp-json\/wp\/v2\/types\/product"}],"wp:featuredmedia":[{"embeddable":true,"href":"https:\/\/moroen.com\/fr\/wp-json\/wp\/v2\/media\/796075"}],"wp:attachment":[{"href":"https:\/\/moroen.com\/fr\/wp-json\/wp\/v2\/media?parent=795803"}],"wp:term":[{"taxonomy":"product_cat","embeddable":true,"href":"https:\/\/moroen.com\/fr\/wp-json\/wp\/v2\/product_cat?post=795803"},{"taxonomy":"product_tag","embeddable":true,"href":"https:\/\/moroen.com\/fr\/wp-json\/wp\/v2\/product_tag?post=795803"}],"curies":[{"name":"wp","href":"https:\/\/api.w.org\/{rel}","templated":true}]}}