{"id":795814,"date":"2026-04-19T13:34:07","date_gmt":"2026-04-19T18:34:07","guid":{"rendered":"https:\/\/moroen.com\/fr\/?p=795814"},"modified":"2026-04-19T13:34:07","modified_gmt":"2026-04-19T18:34:07","slug":"asics-gel-dedicate-7-dive-bleu-1041a223-400","status":"publish","type":"product","link":"https:\/\/moroen.com\/fr\/produit\/asics-gel-dedicate-7-dive-bleu-1041a223-400\/","title":{"rendered":"ASICS Gel Dedicate 7 &lsquo;Dive Bleu&rsquo; 1041A223-400"},"content":{"rendered":"<p>Pr\u00e9sentation des baskets ASICS Gel Dedicate 7 Dive Blue, pr\u00e9sent\u00e9es par ASICS. Ces baskets sont con\u00e7ues pour les personnes actives, offrant confort, soutien et durabilit\u00e9. Avec leur design \u00e9l\u00e9gant et leur couleur bleu plong\u00e9e vibrante, ils feront assur\u00e9ment une d\u00e9claration \u00e9l\u00e9gante. Parfaites pour une tenue d\u00e9contract\u00e9e ou sportive, ces baskets sont un incontournable pour tous ceux qui recherchent une combinaison de mode et de performance.<\/p>\n<ul>\n<li><strong>Coloris:<\/strong> Dive Blue\/White<\/li>\n<li><strong>Code style:<\/strong> 1041A223-400<\/li>\n<li><strong>Tige:<\/strong> Synthetic<\/li>\n<li><strong>Semelle interm\u00e9diaire:<\/strong> Gel<\/li>\n<li><strong>Couleur:<\/strong> Blue<\/li>\n<li><strong>Saison:<\/strong> Summer<\/li>\n<li><strong>Ann\u00e9e de sortie:<\/strong> 2022<\/li>\n<\/ul>\n","protected":false},"excerpt":{"rendered":"<p>Pr\u00e9sentation des baskets ASICS Gel Dedicate 7 Dive Blue, pr\u00e9sent\u00e9es par ASICS. Ces baskets sont con\u00e7ues pour les personnes actives, offrant confort, soutien et durabilit\u00e9. Avec leur design \u00e9l\u00e9gant et leur couleur bleu plong\u00e9e vibrante, ils feront assur\u00e9ment une d\u00e9claration \u00e9l\u00e9gante. Parfaites pour une tenue d\u00e9contract\u00e9e ou sportive, ces baskets sont un incontournable pour tous [&hellip;]<\/p>\n","protected":false},"featured_media":796137,"template":"","meta":{"_acf_changed":false},"product_cat":[10554],"product_tag":[10555,10889,39057,39134,39096,39058],"class_list":{"0":"post-795814","1":"product","2":"type-product","3":"status-publish","4":"has-post-thumbnail","6":"product_cat-asics","7":"product_tag-asics","8":"product_tag-asics-running-shoes","9":"product_tag-chaussures-de-sport-performance","10":"product_tag-chaussures-de-tennis","11":"product_tag-idee-cadeau-pour-lui","12":"product_tag-sous-le-prix-de-detail","13":"wcpa_has_options","15":"first","16":"instock","17":"shipping-taxable","18":"purchasable","19":"product-type-simple","swatches":"rey-swatches","show_selected":""},"acf":[],"wcpa_form_fields":{"rules":{"pric_overide_base_price":false,"pric_overide_base_price_if_gt_zero":false,"pric_overide_base_price_fully":false,"pric_cal_option_once":false,"pric_use_as_fee":false,"bind_quantity":false,"quantity_bind_formula":false},"fields":[{"type":"color-group","required":true,"elementId":"wcpa-color-group-69af1a028ab9c","label":"Taille","inline":true,"priceOptions":"different_for_all","pricingType":"fixed","className":"product-shoes-size","name":"color-group-69af1a028abac","disp_type":"square","selection_type":"tick-border","disp_size":"50","show_label_inside":true,"adjust_width":true,"cart_display_type":"text","other_text":"Other","cl_rule":"show","cl_val":"EU","col":6,"values":[{"label":"36","value":"EU 36","price":"","pimage":"","pimage_id":"","pthumb":"","color":"","selected":true},{"label":"37.5","value":"EU 37.5","price":"","pimage":"","pimage_id":"","pthumb":"","color":""},{"label":"38","value":"EU 38","price":"","pimage":"","pimage_id":"","pthumb":"","color":""},{"label":"39","value":"EU 39","price":"","pimage":"","pimage_id":"","pthumb":"","color":""},{"label":"40","value":"EU 40","price":"","pimage":"","pimage_id":"","pthumb":"","color":""},{"label":"40.5","value":"EU 40.5","price":"","pimage":"","pimage_id":"","pthumb":"","color":""},{"label":"41","value":"EU 41","price":"","pimage":"","pimage_id":"","pthumb":"","color":""},{"label":"42","value":"EU 42","price":"","pimage":"","pimage_id":"","pthumb":"","color":""},{"label":"42.5","value":"EU 42.5","price":"","pimage":"","pimage_id":"","pthumb":"","color":""},{"label":"44","value":"EU 44","price":"","pimage":"","pimage_id":"","pthumb":"","color":""},{"label":"44.5","value":"EU 44.5","price":"","pimage":"","pimage_id":"","pthumb":"","color":""},{"label":"45","value":"EU 45","price":"","pimage":"","pimage_id":"","pthumb":"","color":""},{"label":"45.5","value":"EU 45.5","price":"","pimage":"","pimage_id":"","pthumb":"","color":""},{"label":"46","value":"EU 46","price":"","pimage":"","pimage_id":"","pthumb":"","color":""},{"label":"46.5","value":"EU 46.5","price":"","pimage":"","pimage_id":"","pthumb":"","color":""},{"label":"47","value":"EU 47","price":"","pimage":"","pimage_id":"","pthumb":"","color":""},{"label":"48","value":"EU 48","price":"","pimage":"","pimage_id":"","pthumb":"","color":""}],"relations":[{"operator":false,"rules":[{"operator":false,"rules":{"cl_field":"wcpa-select-69af1a028ab54","cl_relation":"is","cl_val":{"i":"0","value":"EU"}}}]}],"form_id":630902,"form_rules":{"pric_cal_option_once":false,"exclude_from_discount":false,"pric_use_as_fee":false,"fee_label":"Fee","render_after_acb":false,"disp_hide_options_price":false}},{"type":"color-group","required":true,"elementId":"wcpa-color-group-66bcbc31e01ac","label":"Taille","inline":true,"priceOptions":"different_for_all","pricingType":"fixed","className":"product-shoes-size","name":"color-group-66bcbc31e01be","disp_type":"square","selection_type":"tick-border","disp_size":"50","show_label_inside":true,"adjust_width":true,"cart_display_type":"text","other_text":"Other","cl_rule":"show","cl_val":"EU","col":6,"values":[{"label":"35.5","value":"EU 35.5","price":"","pimage":"","pimage_id":"","pthumb":"","color":"","selected":true},{"label":"36","value":"EU 36","price":"","pimage":"","pimage_id":"","pthumb":"","color":""},{"label":"36.5","value":"EU 36.5","price":"","pimage":"","pimage_id":"","pthumb":"","color":""},{"label":"37.5","value":"EU 37.5","price":"","pimage":"","pimage_id":"","pthumb":"","color":""},{"label":"38","value":"EU 38","price":"","pimage":"","pimage_id":"","pthumb":"","color":""},{"label":"38.5","value":"EU 38.5","price":"","pimage":"","pimage_id":"","pthumb":"","color":""},{"label":"39","value":"EU 39","price":"","pimage":"","pimage_id":"","pthumb":"","color":""},{"label":"40","value":"EU 40","price":"","pimage":"","pimage_id":"","pthumb":"","color":""},{"label":"40.5","value":"EU 40.5","price":"","pimage":"","pimage_id":"","pthumb":"","color":""},{"label":"41","value":"EU 41","price":"","pimage":"","pimage_id":"","pthumb":"","color":""},{"label":"42","value":"EU 42","price":"","pimage":"","pimage_id":"","pthumb":"","color":""},{"label":"42.5","value":"EU 42.5","price":"","pimage":"","pimage_id":"","pthumb":"","color":""},{"label":"43","value":"EU 43","price":"","pimage":"","pimage_id":"","pthumb":"","color":""},{"label":"44","value":"EU 44","price":"","pimage":"","pimage_id":"","pthumb":"","color":""},{"label":"44.5","value":"EU 44.5","price":"","pimage":"","pimage_id":"","pthumb":"","color":""},{"label":"45","value":"EU 45","price":"","pimage":"","pimage_id":"","pthumb":"","color":""},{"label":"45.5","value":"EU 45.5","price":"","pimage":"","pimage_id":"","pthumb":"","color":""},{"label":"46","value":"EU 46","price":"","pimage":"","pimage_id":"","pthumb":"","color":""}],"relations":[{"operator":false,"rules":[{"operator":false,"rules":{"cl_field":"wcpa-color-group-66bcbc31e018d","cl_relation":"is","cl_val":{"i":"0","value":"EU"}}}]}],"form_id":401138,"form_rules":{"pric_cal_option_once":false,"exclude_from_discount":false,"pric_use_as_fee":false,"fee_label":"Fee","render_after_acb":false,"disp_hide_options_price":false}}]},"_links":{"self":[{"href":"https:\/\/moroen.com\/fr\/wp-json\/wp\/v2\/product\/795814","targetHints":{"allow":["GET"]}}],"collection":[{"href":"https:\/\/moroen.com\/fr\/wp-json\/wp\/v2\/product"}],"about":[{"href":"https:\/\/moroen.com\/fr\/wp-json\/wp\/v2\/types\/product"}],"wp:featuredmedia":[{"embeddable":true,"href":"https:\/\/moroen.com\/fr\/wp-json\/wp\/v2\/media\/796137"}],"wp:attachment":[{"href":"https:\/\/moroen.com\/fr\/wp-json\/wp\/v2\/media?parent=795814"}],"wp:term":[{"taxonomy":"product_cat","embeddable":true,"href":"https:\/\/moroen.com\/fr\/wp-json\/wp\/v2\/product_cat?post=795814"},{"taxonomy":"product_tag","embeddable":true,"href":"https:\/\/moroen.com\/fr\/wp-json\/wp\/v2\/product_tag?post=795814"}],"curies":[{"name":"wp","href":"https:\/\/api.w.org\/{rel}","templated":true}]}}