{"id":796574,"date":"2026-04-19T13:34:07","date_gmt":"2026-04-19T18:34:07","guid":{"rendered":"https:\/\/moroen.com\/fr\/?p=796574"},"modified":"2026-04-19T13:34:07","modified_gmt":"2026-04-19T18:34:07","slug":"femme-reebok-nano-9-gris-fu7571","status":"publish","type":"product","link":"https:\/\/moroen.com\/fr\/produit\/femme-reebok-nano-9-gris-fu7571\/","title":{"rendered":"(Femme) Reebok Nano 9 &lsquo;Gris&rsquo; FU7571"},"content":{"rendered":"<p>Gardez une longueur d&rsquo;avance avec la sneaker Reebok Nano 9 Grey FU7571 pour femme. Con\u00e7ues par Reebok, ces baskets \u00e9l\u00e9gantes offrent confort, flexibilit\u00e9 et durabilit\u00e9 \u00e0 porter toute la journ\u00e9e. Parfaites pour les entra\u00eenements ou les sorties d\u00e9contract\u00e9es, ces baskets sont un incontournable pour toute femme active.<\/p>\n<ul>\n<li><strong>Code style:<\/strong> FU7571<\/li>\n<li><strong>Couleur:<\/strong> Grey<\/li>\n<li><strong>Ann\u00e9e de sortie:<\/strong> 2019<\/li>\n<\/ul>\n","protected":false},"excerpt":{"rendered":"<p>Gardez une longueur d&rsquo;avance avec la sneaker Reebok Nano 9 Grey FU7571 pour femme. Con\u00e7ues par Reebok, ces baskets \u00e9l\u00e9gantes offrent confort, flexibilit\u00e9 et durabilit\u00e9 \u00e0 porter toute la journ\u00e9e. Parfaites pour les entra\u00eenements ou les sorties d\u00e9contract\u00e9es, ces baskets sont un incontournable pour toute femme active. Code style: FU7571 Couleur: Grey Ann\u00e9e de sortie: [&hellip;]<\/p>\n","protected":false},"featured_media":797056,"template":"","meta":{"_acf_changed":false},"product_cat":[40961],"product_tag":[39652,39057,39131,40962,39058],"class_list":{"0":"post-796574","1":"product","2":"type-product","3":"status-publish","4":"has-post-thumbnail","6":"product_cat-reebok","7":"product_tag-chaussures-dentrainement","8":"product_tag-chaussures-de-sport-performance","9":"product_tag-idee-cadeau-pour-elle","10":"product_tag-reebok","11":"product_tag-sous-le-prix-de-detail","13":"first","14":"instock","15":"shipping-taxable","16":"purchasable","17":"product-type-simple","swatches":"rey-swatches","show_selected":""},"acf":[],"wcpa_form_fields":null,"_links":{"self":[{"href":"https:\/\/moroen.com\/fr\/wp-json\/wp\/v2\/product\/796574","targetHints":{"allow":["GET"]}}],"collection":[{"href":"https:\/\/moroen.com\/fr\/wp-json\/wp\/v2\/product"}],"about":[{"href":"https:\/\/moroen.com\/fr\/wp-json\/wp\/v2\/types\/product"}],"wp:featuredmedia":[{"embeddable":true,"href":"https:\/\/moroen.com\/fr\/wp-json\/wp\/v2\/media\/797056"}],"wp:attachment":[{"href":"https:\/\/moroen.com\/fr\/wp-json\/wp\/v2\/media?parent=796574"}],"wp:term":[{"taxonomy":"product_cat","embeddable":true,"href":"https:\/\/moroen.com\/fr\/wp-json\/wp\/v2\/product_cat?post=796574"},{"taxonomy":"product_tag","embeddable":true,"href":"https:\/\/moroen.com\/fr\/wp-json\/wp\/v2\/product_tag?post=796574"}],"curies":[{"name":"wp","href":"https:\/\/api.w.org\/{rel}","templated":true}]}}