{"id":796599,"date":"2026-04-19T13:34:07","date_gmt":"2026-04-19T18:34:07","guid":{"rendered":"https:\/\/moroen.com\/fr\/?p=796599"},"modified":"2026-04-19T13:34:07","modified_gmt":"2026-04-19T18:34:07","slug":"fila-athletics-lynx-boa-baskets-blanc-gris-a12m231210fbb","status":"publish","type":"product","link":"https:\/\/moroen.com\/fr\/produit\/fila-athletics-lynx-boa-baskets-blanc-gris-a12m231210fbb\/","title":{"rendered":"FILA Athletics Lynx BOA Baskets &lsquo;Blanc Gris&rsquo; A12M231210FBB"},"content":{"rendered":"<p>Faites l&rsquo;exp\u00e9rience d&rsquo;un athl\u00e9tisme sup\u00e9rieur avec les baskets FILA Athletics Lynx BOA en blanc et gris. Ces baskets pr\u00e9sentent un design l\u00e9ger avec une tige en mesh respirant et une superposition de soutien. Le syst\u00e8me de la\u00e7age BOA offre un ajustement s\u00fbr et personnalis\u00e9. Avec une semelle ext\u00e9rieure en caoutchouc durable pour une traction am\u00e9lior\u00e9e, ces baskets sont parfaites pour les activit\u00e9s int\u00e9rieures et ext\u00e9rieures. Am\u00e9liorez vos performances et votre style avec les baskets FILA Lynx BOA en blanc gris.<\/p>\n<ul>\n<li><strong>Coloris:<\/strong> White\/Grey<\/li>\n<li><strong>Code style:<\/strong> A12M231210FBB<\/li>\n<li><strong>Couleur:<\/strong> White<\/li>\n<\/ul>\n","protected":false},"excerpt":{"rendered":"<p>Faites l&rsquo;exp\u00e9rience d&rsquo;un athl\u00e9tisme sup\u00e9rieur avec les baskets FILA Athletics Lynx BOA en blanc et gris. Ces baskets pr\u00e9sentent un design l\u00e9ger avec une tige en mesh respirant et une superposition de soutien. Le syst\u00e8me de la\u00e7age BOA offre un ajustement s\u00fbr et personnalis\u00e9. Avec une semelle ext\u00e9rieure en caoutchouc durable pour une traction am\u00e9lior\u00e9e, [&hellip;]<\/p>\n","protected":false},"featured_media":797235,"template":"","meta":{"_acf_changed":false},"product_cat":[40911],"product_tag":[14296,39064,39057,40912,39096],"class_list":{"0":"post-796599","1":"product","2":"type-product","3":"status-publish","4":"has-post-thumbnail","6":"product_cat-fila","7":"product_tag-boa-disc-golf-shoes","8":"product_tag-chaussures-de-golf","9":"product_tag-chaussures-de-sport-performance","10":"product_tag-fila","11":"product_tag-idee-cadeau-pour-lui","13":"first","14":"instock","15":"shipping-taxable","16":"purchasable","17":"product-type-simple","swatches":"rey-swatches","show_selected":""},"acf":[],"wcpa_form_fields":null,"_links":{"self":[{"href":"https:\/\/moroen.com\/fr\/wp-json\/wp\/v2\/product\/796599","targetHints":{"allow":["GET"]}}],"collection":[{"href":"https:\/\/moroen.com\/fr\/wp-json\/wp\/v2\/product"}],"about":[{"href":"https:\/\/moroen.com\/fr\/wp-json\/wp\/v2\/types\/product"}],"wp:featuredmedia":[{"embeddable":true,"href":"https:\/\/moroen.com\/fr\/wp-json\/wp\/v2\/media\/797235"}],"wp:attachment":[{"href":"https:\/\/moroen.com\/fr\/wp-json\/wp\/v2\/media?parent=796599"}],"wp:term":[{"taxonomy":"product_cat","embeddable":true,"href":"https:\/\/moroen.com\/fr\/wp-json\/wp\/v2\/product_cat?post=796599"},{"taxonomy":"product_tag","embeddable":true,"href":"https:\/\/moroen.com\/fr\/wp-json\/wp\/v2\/product_tag?post=796599"}],"curies":[{"name":"wp","href":"https:\/\/api.w.org\/{rel}","templated":true}]}}