{"id":796603,"date":"2026-04-19T13:34:07","date_gmt":"2026-04-19T18:34:07","guid":{"rendered":"https:\/\/moroen.com\/fr\/?p=796603"},"modified":"2026-04-19T13:34:07","modified_gmt":"2026-04-19T18:34:07","slug":"vans-authentic-multicolore-vn0a5krduuw","status":"publish","type":"product","link":"https:\/\/moroen.com\/fr\/produit\/vans-authentic-multicolore-vn0a5krduuw\/","title":{"rendered":"Vans Authentic &lsquo;Multicolore&rsquo; VN0A5KRDUUW"},"content":{"rendered":"<p>Ajoutez une touche de couleur \u00e0 votre garde-robe avec Vans Authentic &lsquo;Multi Color&rsquo; VN0A5KRDUUW. Cette sneaker classique pr\u00e9sente une gamme de couleurs vives sur sa tige en toile durable, offrant un style unique et accrocheur. La semelle ext\u00e9rieure gaufr\u00e9e en caoutchouc offre une adh\u00e9rence et un soutien exceptionnels, tandis que le col rembourr\u00e9 assure un confort tout au long de la journ\u00e9e. Parfaites pour une tenue d\u00e9contract\u00e9e ou pour ajouter une touche de couleur \u00e0 n&rsquo;importe quelle tenue, ces baskets Vans Authentic sont un incontournable pour les personnes avant-gardistes.<\/p>\n<ul>\n<li><strong>Coloris:<\/strong> Multi-Color<\/li>\n<li><strong>Code style:<\/strong> VN0A5KRDUUW<\/li>\n<li><strong>Couleur:<\/strong> Black<\/li>\n<\/ul>\n","protected":false},"excerpt":{"rendered":"<p>Ajoutez une touche de couleur \u00e0 votre garde-robe avec Vans Authentic &lsquo;Multi Color&rsquo; VN0A5KRDUUW. Cette sneaker classique pr\u00e9sente une gamme de couleurs vives sur sa tige en toile durable, offrant un style unique et accrocheur. La semelle ext\u00e9rieure gaufr\u00e9e en caoutchouc offre une adh\u00e9rence et un soutien exceptionnels, tandis que le col rembourr\u00e9 assure un [&hellip;]<\/p>\n","protected":false},"featured_media":797260,"template":"","meta":{"_acf_changed":false},"product_cat":[40965],"product_tag":[10561,39096,10564,10753,10579,40966],"class_list":{"0":"post-796603","1":"product","2":"type-product","3":"status-publish","4":"has-post-thumbnail","6":"product_cat-vans","7":"product_tag-athleisure-shoes","8":"product_tag-idee-cadeau-pour-lui","9":"product_tag-lifestyle-casual-shoes","10":"product_tag-lifestyle-shoes-skateboarding-inspired","11":"product_tag-retro-casual-shoes","12":"product_tag-vans","14":"first","15":"instock","16":"shipping-taxable","17":"purchasable","18":"product-type-simple","swatches":"rey-swatches","show_selected":""},"acf":[],"wcpa_form_fields":null,"_links":{"self":[{"href":"https:\/\/moroen.com\/fr\/wp-json\/wp\/v2\/product\/796603","targetHints":{"allow":["GET"]}}],"collection":[{"href":"https:\/\/moroen.com\/fr\/wp-json\/wp\/v2\/product"}],"about":[{"href":"https:\/\/moroen.com\/fr\/wp-json\/wp\/v2\/types\/product"}],"wp:featuredmedia":[{"embeddable":true,"href":"https:\/\/moroen.com\/fr\/wp-json\/wp\/v2\/media\/797260"}],"wp:attachment":[{"href":"https:\/\/moroen.com\/fr\/wp-json\/wp\/v2\/media?parent=796603"}],"wp:term":[{"taxonomy":"product_cat","embeddable":true,"href":"https:\/\/moroen.com\/fr\/wp-json\/wp\/v2\/product_cat?post=796603"},{"taxonomy":"product_tag","embeddable":true,"href":"https:\/\/moroen.com\/fr\/wp-json\/wp\/v2\/product_tag?post=796603"}],"curies":[{"name":"wp","href":"https:\/\/api.w.org\/{rel}","templated":true}]}}