{"id":798035,"date":"2026-04-19T13:34:07","date_gmt":"2026-04-19T18:34:07","guid":{"rendered":"https:\/\/moroen.com\/fr\/?p=798035"},"modified":"2026-04-19T13:34:07","modified_gmt":"2026-04-19T18:34:07","slug":"femme-common-projects-retro-wool-blanc-6079-0506","status":"publish","type":"product","link":"https:\/\/moroen.com\/fr\/produit\/femme-common-projects-retro-wool-blanc-6079-0506\/","title":{"rendered":"(Femme) Common Projects Retro Wool &lsquo;Blanc&rsquo; 6079-0506"},"content":{"rendered":"<p>Adoptez un style embl\u00e9matique avec nos baskets Common Projects Retro Wool &lsquo;White&rsquo;. Fabriqu\u00e9es \u00e0 partir de laine de qualit\u00e9 sup\u00e9rieure, ces baskets d\u00e9gagent une \u00e9l\u00e9gance et une durabilit\u00e9 intemporelles. Le design minimaliste pr\u00e9sente la marque dor\u00e9e embl\u00e9matique et un rembourrage pour un confort tout au long de la journ\u00e9e. Parfaites pour rehausser n&rsquo;importe quelle tenue, ces baskets deviendront un incontournable de votre garde-robe pour les saisons \u00e0 venir. D\u00e9couvrez l&rsquo;intersection du luxe et du style sans effort \u00e0 chaque \u00e9tape.<\/p>\n<ul>\n<li><strong>Code style:<\/strong> 6079-0506<\/li>\n<li><strong>Tige:<\/strong> Wool<\/li>\n<li><strong>Couleur:<\/strong> Beige<\/li>\n<\/ul>\n","protected":false},"excerpt":{"rendered":"<p>Adoptez un style embl\u00e9matique avec nos baskets Common Projects Retro Wool &lsquo;White&rsquo;. Fabriqu\u00e9es \u00e0 partir de laine de qualit\u00e9 sup\u00e9rieure, ces baskets d\u00e9gagent une \u00e9l\u00e9gance et une durabilit\u00e9 intemporelles. Le design minimaliste pr\u00e9sente la marque dor\u00e9e embl\u00e9matique et un rembourrage pour un confort tout au long de la journ\u00e9e. Parfaites pour rehausser n&rsquo;importe quelle tenue, [&hellip;]<\/p>\n","protected":false},"featured_media":798331,"template":"","meta":{"_acf_changed":false},"product_cat":[42255],"product_tag":[42256,39131,10564,10593,10579],"class_list":{"0":"post-798035","1":"product","2":"type-product","3":"status-publish","4":"has-post-thumbnail","6":"product_cat-common-projects","7":"product_tag-common-projects","8":"product_tag-idee-cadeau-pour-elle","9":"product_tag-lifestyle-casual-shoes","10":"product_tag-lifestyle-shoes-casual","11":"product_tag-retro-casual-shoes","13":"first","14":"instock","15":"shipping-taxable","16":"purchasable","17":"product-type-simple","swatches":"rey-swatches","show_selected":""},"acf":[],"wcpa_form_fields":null,"_links":{"self":[{"href":"https:\/\/moroen.com\/fr\/wp-json\/wp\/v2\/product\/798035","targetHints":{"allow":["GET"]}}],"collection":[{"href":"https:\/\/moroen.com\/fr\/wp-json\/wp\/v2\/product"}],"about":[{"href":"https:\/\/moroen.com\/fr\/wp-json\/wp\/v2\/types\/product"}],"wp:featuredmedia":[{"embeddable":true,"href":"https:\/\/moroen.com\/fr\/wp-json\/wp\/v2\/media\/798331"}],"wp:attachment":[{"href":"https:\/\/moroen.com\/fr\/wp-json\/wp\/v2\/media?parent=798035"}],"wp:term":[{"taxonomy":"product_cat","embeddable":true,"href":"https:\/\/moroen.com\/fr\/wp-json\/wp\/v2\/product_cat?post=798035"},{"taxonomy":"product_tag","embeddable":true,"href":"https:\/\/moroen.com\/fr\/wp-json\/wp\/v2\/product_tag?post=798035"}],"curies":[{"name":"wp","href":"https:\/\/api.w.org\/{rel}","templated":true}]}}