{"id":799166,"date":"2026-04-19T13:34:07","date_gmt":"2026-04-19T18:34:07","guid":{"rendered":"https:\/\/moroen.com\/fr\/?p=799166"},"modified":"2026-04-19T13:34:07","modified_gmt":"2026-04-19T18:34:07","slug":"salomon-s-lab-xt-6-bleu-410142","status":"publish","type":"product","link":"https:\/\/moroen.com\/fr\/produit\/salomon-s-lab-xt-6-bleu-410142\/","title":{"rendered":"Salomon S\/Lab XT-6 &lsquo;Bleu&rsquo; 410142"},"content":{"rendered":"<p>Partez \u00e0 la conqu\u00eate de tous les terrains avec le Salomon S\/Lab XT-6 &lsquo;Blue&rsquo;. Con\u00e7ues pour des performances maximales, ces chaussures de trail running pr\u00e9sentent :<\/p>\n<p>* Mousse Advanced Energy Surge pour un amorti r\u00e9actif<br \/>\n* Enveloppement SensiFit pour un ajustement s\u00e9curis\u00e9 et personnalis\u00e9<br \/>\n* Semelle ext\u00e9rieure Contragrip pour une adh\u00e9rence exceptionnelle sur toutes les surfaces<br \/>\n* Coloris bleu vif pour une touche \u00e9l\u00e9gante<\/p>\n<p>Faites l&rsquo;exp\u00e9rience d&rsquo;un confort, d&rsquo;un soutien et d&rsquo;une traction in\u00e9gal\u00e9s avec le Salomon S\/Lab XT-6 \u00ab Blue \u00bb. Parfait pour les aventuriers \u00e0 la recherche du compagnon de trail ultime.<\/p>\n<ul>\n<li><strong>Code style:<\/strong> 410142<\/li>\n<li><strong>Couleur:<\/strong> Blue<\/li>\n<\/ul>\n","protected":false},"excerpt":{"rendered":"<p>Partez \u00e0 la conqu\u00eate de tous les terrains avec le Salomon S\/Lab XT-6 &lsquo;Blue&rsquo;. Con\u00e7ues pour des performances maximales, ces chaussures de trail running pr\u00e9sentent : * Mousse Advanced Energy Surge pour un amorti r\u00e9actif * Enveloppement SensiFit pour un ajustement s\u00e9curis\u00e9 et personnalis\u00e9 * Semelle ext\u00e9rieure Contragrip pour une adh\u00e9rence exceptionnelle sur toutes les [&hellip;]<\/p>\n","protected":false},"featured_media":799294,"template":"","meta":{"_acf_changed":false},"product_cat":[40884],"product_tag":[39203,39057,39096,11647,40885,42336],"class_list":{"0":"post-799166","1":"product","2":"type-product","3":"status-publish","4":"has-post-thumbnail","6":"product_cat-salomon","7":"product_tag-chaussures-de-randonnee","8":"product_tag-chaussures-de-sport-performance","9":"product_tag-idee-cadeau-pour-lui","10":"product_tag-lightweight-hiking-shoes","11":"product_tag-salomon","12":"product_tag-salomon-running-shoes","13":"wcpa_has_options","15":"first","16":"instock","17":"shipping-taxable","18":"purchasable","19":"product-type-simple","swatches":"rey-swatches","show_selected":""},"acf":[],"wcpa_form_fields":{"rules":{"pric_overide_base_price":false,"pric_overide_base_price_if_gt_zero":false,"pric_overide_base_price_fully":false,"pric_cal_option_once":false,"pric_use_as_fee":false,"bind_quantity":false,"quantity_bind_formula":false},"fields":[{"type":"color-group","required":true,"elementId":"wcpa-color-group-66866c84d9a20","label":"Taille","inline":true,"priceOptions":"different_for_all","pricingType":"fixed","className":"product-shoes-size","name":"color-group-66866c84d9a31","disp_type":"square","selection_type":"tick-border","disp_size":"50","show_label_inside":true,"adjust_width":true,"cart_display_type":"text","other_text":"Other","cl_rule":"show","cl_val":"EU","col":6,"values":[{"label":"36","value":"EU 36","price":"","pimage":"","pimage_id":"","pthumb":"","color":"","selected":true},{"label":"36.5","value":"EU 36.5","price":"","pimage":"","pimage_id":"","pthumb":"","color":""},{"label":"37.5","value":"EU 37.5","price":"","pimage":"","pimage_id":"","pthumb":"","color":""},{"label":"38","value":"EU 38","price":"","pimage":"","pimage_id":"","pthumb":"","color":""},{"label":"38.5","value":"EU 38.5","price":"","pimage":"","pimage_id":"","pthumb":"","color":""},{"label":"39","value":"EU 39","price":"","pimage":"","pimage_id":"","pthumb":"","color":""},{"label":"40","value":"EU 40","price":"","pimage":"","pimage_id":"","pthumb":"","color":""},{"label":"40.5","value":"EU 40.5","price":"","pimage":"","pimage_id":"","pthumb":"","color":""},{"label":"41","value":"EU 41","price":"","pimage":"","pimage_id":"","pthumb":"","color":""},{"label":"42","value":"EU 42","price":"","pimage":"","pimage_id":"","pthumb":"","color":""},{"label":"42.5","value":"EU 42.5","price":"","pimage":"","pimage_id":"","pthumb":"","color":""},{"label":"43","value":"EU 43","price":"","pimage":"","pimage_id":"","pthumb":"","color":""},{"label":"44","value":"EU 44","price":"","pimage":"","pimage_id":"","pthumb":"","color":""},{"label":"44.5","value":"EU 44.5","price":"","pimage":"","pimage_id":"","pthumb":"","color":""},{"label":"45","value":"EU 45","price":"","pimage":"","pimage_id":"","pthumb":"","color":""},{"label":"45.5","value":"EU 45.5","price":"","pimage":"","pimage_id":"","pthumb":"","color":""},{"label":"46","value":"EU 46","price":"","pimage":"","pimage_id":"","pthumb":"","color":""},{"label":"47","value":"EU 47","price":"","pimage":"","pimage_id":"","pthumb":"","color":""},{"label":"47.5","value":"EU 47.5","price":"","pimage":"","pimage_id":"","pthumb":"","color":""},{"label":"48","value":"EU 48","price":"","pimage":"","pimage_id":"","pthumb":"","color":""}],"relations":[{"operator":false,"rules":[{"operator":false,"rules":{"cl_field":"wcpa-select-1763976798612","cl_relation":"is","cl_val":{"i":"0","value":"EU"}}}]}],"form_id":799609,"form_rules":{"pric_cal_option_once":false,"exclude_from_discount":false,"pric_use_as_fee":false,"fee_label":"Fee","render_after_acb":false,"disp_hide_options_price":false}}]},"_links":{"self":[{"href":"https:\/\/moroen.com\/fr\/wp-json\/wp\/v2\/product\/799166","targetHints":{"allow":["GET"]}}],"collection":[{"href":"https:\/\/moroen.com\/fr\/wp-json\/wp\/v2\/product"}],"about":[{"href":"https:\/\/moroen.com\/fr\/wp-json\/wp\/v2\/types\/product"}],"wp:featuredmedia":[{"embeddable":true,"href":"https:\/\/moroen.com\/fr\/wp-json\/wp\/v2\/media\/799294"}],"wp:attachment":[{"href":"https:\/\/moroen.com\/fr\/wp-json\/wp\/v2\/media?parent=799166"}],"wp:term":[{"taxonomy":"product_cat","embeddable":true,"href":"https:\/\/moroen.com\/fr\/wp-json\/wp\/v2\/product_cat?post=799166"},{"taxonomy":"product_tag","embeddable":true,"href":"https:\/\/moroen.com\/fr\/wp-json\/wp\/v2\/product_tag?post=799166"}],"curies":[{"name":"wp","href":"https:\/\/api.w.org\/{rel}","templated":true}]}}