{"id":799181,"date":"2026-04-19T13:34:07","date_gmt":"2026-04-19T18:34:07","guid":{"rendered":"https:\/\/moroen.com\/fr\/?p=799181"},"modified":"2026-04-19T13:34:07","modified_gmt":"2026-04-19T18:34:07","slug":"femme-salomon-xt-6-jaune-l471170","status":"publish","type":"product","link":"https:\/\/moroen.com\/fr\/produit\/femme-salomon-xt-6-jaune-l471170\/","title":{"rendered":"(Femme) Salomon XT-6 &lsquo;Jaune&rsquo; L471170"},"content":{"rendered":"<p>Pr\u00e9sentation du Salomon XT-6 &lsquo;Yellow&rsquo; L471170, la fusion parfaite entre style et performance. Ces chaussures pour femmes pr\u00e9sentent une teinte jaune vif et une tige en mesh pour plus de respirabilit\u00e9. La technologie Advanced Chassis\u2122 assure la stabilit\u00e9, tandis que la semelle interm\u00e9diaire EnergyCell\u2122 offre une excellente absorption des chocs. La semelle ext\u00e9rieure Contagrip\u00ae offre une traction exceptionnelle sur tous les terrains. Que vous parcouriez les sentiers ou exploriez les rues urbaines, le XT-6 \u00ab Jaune \u00bb rehaussera votre style et vous gardera \u00e0 l&rsquo;aise \u00e0 chaque \u00e9tape du chemin.<\/p>\n<ul>\n<li><strong>Code style:<\/strong> L471170<\/li>\n<li><strong>Couleur:<\/strong> Brown<\/li>\n<\/ul>\n","protected":false},"excerpt":{"rendered":"<p>Pr\u00e9sentation du Salomon XT-6 &lsquo;Yellow&rsquo; L471170, la fusion parfaite entre style et performance. Ces chaussures pour femmes pr\u00e9sentent une teinte jaune vif et une tige en mesh pour plus de respirabilit\u00e9. La technologie Advanced Chassis\u2122 assure la stabilit\u00e9, tandis que la semelle interm\u00e9diaire EnergyCell\u2122 offre une excellente absorption des chocs. La semelle ext\u00e9rieure Contagrip\u00ae offre [&hellip;]<\/p>\n","protected":false},"featured_media":799327,"template":"","meta":{"_acf_changed":false},"product_cat":[40884],"product_tag":[39203,39057,39131,11647,40885,10868],"class_list":{"0":"post-799181","1":"product","2":"type-product","3":"status-publish","4":"has-post-thumbnail","6":"product_cat-salomon","7":"product_tag-chaussures-de-randonnee","8":"product_tag-chaussures-de-sport-performance","9":"product_tag-idee-cadeau-pour-elle","10":"product_tag-lightweight-hiking-shoes","11":"product_tag-salomon","12":"product_tag-trail-running-shoes","13":"wcpa_has_options","15":"first","16":"instock","17":"shipping-taxable","18":"purchasable","19":"product-type-simple","swatches":"rey-swatches","show_selected":""},"acf":[],"wcpa_form_fields":{"rules":{"pric_overide_base_price":false,"pric_overide_base_price_if_gt_zero":false,"pric_overide_base_price_fully":false,"pric_cal_option_once":false,"pric_use_as_fee":false,"bind_quantity":false,"quantity_bind_formula":false},"fields":[{"type":"color-group","required":true,"elementId":"wcpa-color-group-66866c84d9a20","label":"Taille","inline":true,"priceOptions":"different_for_all","pricingType":"fixed","className":"product-shoes-size","name":"color-group-66866c84d9a31","disp_type":"square","selection_type":"tick-border","disp_size":"50","show_label_inside":true,"adjust_width":true,"cart_display_type":"text","other_text":"Other","cl_rule":"show","cl_val":"EU","col":6,"values":[{"label":"35.5","value":"EU 35.5","price":"","pimage":"","pimage_id":"","pthumb":"","color":"","selected":true},{"label":"36","value":"EU 36","price":"","pimage":"","pimage_id":"","pthumb":"","color":""},{"label":"37.5","value":"EU 37.5","price":"","pimage":"","pimage_id":"","pthumb":"","color":""},{"label":"38","value":"EU 38","price":"","pimage":"","pimage_id":"","pthumb":"","color":""},{"label":"38.5","value":"EU 38.5","price":"","pimage":"","pimage_id":"","pthumb":"","color":""},{"label":"39","value":"EU 39","price":"","pimage":"","pimage_id":"","pthumb":"","color":""},{"label":"40","value":"EU 40","price":"","pimage":"","pimage_id":"","pthumb":"","color":""},{"label":"40.5","value":"EU 40.5","price":"","pimage":"","pimage_id":"","pthumb":"","color":""},{"label":"41","value":"EU 41","price":"","pimage":"","pimage_id":"","pthumb":"","color":""},{"label":"42","value":"EU 42","price":"","pimage":"","pimage_id":"","pthumb":"","color":""},{"label":"42.5","value":"EU 42.5","price":"","pimage":"","pimage_id":"","pthumb":"","color":""},{"label":"43","value":"EU 43","price":"","pimage":"","pimage_id":"","pthumb":"","color":""},{"label":"44","value":"EU 44","price":"","pimage":"","pimage_id":"","pthumb":"","color":""}],"relations":[{"operator":false,"rules":[{"operator":false,"rules":{"cl_field":"wcpa-select-1763976798612","cl_relation":"is","cl_val":{"i":"0","value":"EU"}}}]}],"form_id":799609,"form_rules":{"pric_cal_option_once":false,"exclude_from_discount":false,"pric_use_as_fee":false,"fee_label":"Fee","render_after_acb":false,"disp_hide_options_price":false}}]},"_links":{"self":[{"href":"https:\/\/moroen.com\/fr\/wp-json\/wp\/v2\/product\/799181","targetHints":{"allow":["GET"]}}],"collection":[{"href":"https:\/\/moroen.com\/fr\/wp-json\/wp\/v2\/product"}],"about":[{"href":"https:\/\/moroen.com\/fr\/wp-json\/wp\/v2\/types\/product"}],"wp:featuredmedia":[{"embeddable":true,"href":"https:\/\/moroen.com\/fr\/wp-json\/wp\/v2\/media\/799327"}],"wp:attachment":[{"href":"https:\/\/moroen.com\/fr\/wp-json\/wp\/v2\/media?parent=799181"}],"wp:term":[{"taxonomy":"product_cat","embeddable":true,"href":"https:\/\/moroen.com\/fr\/wp-json\/wp\/v2\/product_cat?post=799181"},{"taxonomy":"product_tag","embeddable":true,"href":"https:\/\/moroen.com\/fr\/wp-json\/wp\/v2\/product_tag?post=799181"}],"curies":[{"name":"wp","href":"https:\/\/api.w.org\/{rel}","templated":true}]}}