{"id":799196,"date":"2026-04-19T13:34:07","date_gmt":"2026-04-19T18:34:07","guid":{"rendered":"https:\/\/moroen.com\/fr\/?p=799196"},"modified":"2026-04-19T13:34:07","modified_gmt":"2026-04-19T18:34:07","slug":"salomon-acs-pro-sulphur-spring-l47448500","status":"publish","type":"product","link":"https:\/\/moroen.com\/fr\/produit\/salomon-acs-pro-sulphur-spring-l47448500\/","title":{"rendered":"Salomon ACS Pro &lsquo;Sulphur Spring&rsquo; L47448500"},"content":{"rendered":"<p>Embrassez le plein air avec le Salomon ACS Pro &lsquo;Sulphur Spring&rsquo; L47448500, la fusion ultime entre style et performance. Dot\u00e9es d&rsquo;un syst\u00e8me avanc\u00e9 d&rsquo;amorti d&rsquo;agilit\u00e9 et d&rsquo;une adh\u00e9rence tout-terrain, ces chaussures assurent stabilit\u00e9 et confort sur n&rsquo;importe quel sentier. Le coloris vibrant Sulphur Spring ajoute une touche d&rsquo;\u00e9nergie \u00e0 vos aventures, tandis que la tige en mesh respirant garde vos pieds au frais et au sec. Parfaites pour les coureurs de trail et les amateurs de plein air, ces chaussures sont con\u00e7ues pour am\u00e9liorer chaque \u00e9tape de votre voyage.<\/p>\n<ul>\n<li><strong>Code style:<\/strong> L47448500<\/li>\n<li><strong>Tige:<\/strong> Mesh<\/li>\n<li><strong>Semelle interm\u00e9diaire:<\/strong> EnergyCell<\/li>\n<li><strong>Couleur:<\/strong> Yellow<\/li>\n<li><strong>Ann\u00e9e de sortie:<\/strong> 2024<\/li>\n<\/ul>\n","protected":false},"excerpt":{"rendered":"<p>Embrassez le plein air avec le Salomon ACS Pro &lsquo;Sulphur Spring&rsquo; L47448500, la fusion ultime entre style et performance. Dot\u00e9es d&rsquo;un syst\u00e8me avanc\u00e9 d&rsquo;amorti d&rsquo;agilit\u00e9 et d&rsquo;une adh\u00e9rence tout-terrain, ces chaussures assurent stabilit\u00e9 et confort sur n&rsquo;importe quel sentier. Le coloris vibrant Sulphur Spring ajoute une touche d&rsquo;\u00e9nergie \u00e0 vos aventures, tandis que la tige [&hellip;]<\/p>\n","protected":false},"featured_media":799399,"template":"","meta":{"_acf_changed":false},"product_cat":[40884],"product_tag":[10561,39096,10564,10596,10565,40885,39058],"class_list":{"0":"post-799196","1":"product","2":"type-product","3":"status-publish","4":"has-post-thumbnail","6":"product_cat-salomon","7":"product_tag-athleisure-shoes","8":"product_tag-idee-cadeau-pour-lui","9":"product_tag-lifestyle-casual-shoes","10":"product_tag-lifestyle-shoes-running-inspired","11":"product_tag-retro-running-shoes","12":"product_tag-salomon","13":"product_tag-sous-le-prix-de-detail","14":"wcpa_has_options","16":"first","17":"instock","18":"shipping-taxable","19":"purchasable","20":"product-type-simple","swatches":"rey-swatches","show_selected":""},"acf":[],"wcpa_form_fields":{"rules":{"pric_overide_base_price":false,"pric_overide_base_price_if_gt_zero":false,"pric_overide_base_price_fully":false,"pric_cal_option_once":false,"pric_use_as_fee":false,"bind_quantity":false,"quantity_bind_formula":false},"fields":[{"type":"color-group","required":true,"elementId":"wcpa-color-group-66866c84d9a20","label":"Taille","inline":true,"priceOptions":"different_for_all","pricingType":"fixed","className":"product-shoes-size","name":"color-group-66866c84d9a31","disp_type":"square","selection_type":"tick-border","disp_size":"50","show_label_inside":true,"adjust_width":true,"cart_display_type":"text","other_text":"Other","cl_rule":"show","cl_val":"EU","col":6,"values":[{"label":"36","value":"EU 36","price":"","pimage":"","pimage_id":"","pthumb":"","color":"","selected":true},{"label":"36.5","value":"EU 36.5","price":"","pimage":"","pimage_id":"","pthumb":"","color":""},{"label":"37.5","value":"EU 37.5","price":"","pimage":"","pimage_id":"","pthumb":"","color":""},{"label":"38","value":"EU 38","price":"","pimage":"","pimage_id":"","pthumb":"","color":""},{"label":"38.5","value":"EU 38.5","price":"","pimage":"","pimage_id":"","pthumb":"","color":""},{"label":"39","value":"EU 39","price":"","pimage":"","pimage_id":"","pthumb":"","color":""},{"label":"40","value":"EU 40","price":"","pimage":"","pimage_id":"","pthumb":"","color":""},{"label":"40.5","value":"EU 40.5","price":"","pimage":"","pimage_id":"","pthumb":"","color":""},{"label":"41","value":"EU 41","price":"","pimage":"","pimage_id":"","pthumb":"","color":""},{"label":"42","value":"EU 42","price":"","pimage":"","pimage_id":"","pthumb":"","color":""},{"label":"42.5","value":"EU 42.5","price":"","pimage":"","pimage_id":"","pthumb":"","color":""},{"label":"43","value":"EU 43","price":"","pimage":"","pimage_id":"","pthumb":"","color":""},{"label":"44","value":"EU 44","price":"","pimage":"","pimage_id":"","pthumb":"","color":""},{"label":"44.5","value":"EU 44.5","price":"","pimage":"","pimage_id":"","pthumb":"","color":""},{"label":"45","value":"EU 45","price":"","pimage":"","pimage_id":"","pthumb":"","color":""},{"label":"45.5","value":"EU 45.5","price":"","pimage":"","pimage_id":"","pthumb":"","color":""},{"label":"46","value":"EU 46","price":"","pimage":"","pimage_id":"","pthumb":"","color":""},{"label":"47","value":"EU 47","price":"","pimage":"","pimage_id":"","pthumb":"","color":""},{"label":"47.5","value":"EU 47.5","price":"","pimage":"","pimage_id":"","pthumb":"","color":""},{"label":"48","value":"EU 48","price":"","pimage":"","pimage_id":"","pthumb":"","color":""}],"relations":[{"operator":false,"rules":[{"operator":false,"rules":{"cl_field":"wcpa-select-1763976798612","cl_relation":"is","cl_val":{"i":"0","value":"EU"}}}]}],"form_id":799609,"form_rules":{"pric_cal_option_once":false,"exclude_from_discount":false,"pric_use_as_fee":false,"fee_label":"Fee","render_after_acb":false,"disp_hide_options_price":false}}]},"_links":{"self":[{"href":"https:\/\/moroen.com\/fr\/wp-json\/wp\/v2\/product\/799196","targetHints":{"allow":["GET"]}}],"collection":[{"href":"https:\/\/moroen.com\/fr\/wp-json\/wp\/v2\/product"}],"about":[{"href":"https:\/\/moroen.com\/fr\/wp-json\/wp\/v2\/types\/product"}],"wp:featuredmedia":[{"embeddable":true,"href":"https:\/\/moroen.com\/fr\/wp-json\/wp\/v2\/media\/799399"}],"wp:attachment":[{"href":"https:\/\/moroen.com\/fr\/wp-json\/wp\/v2\/media?parent=799196"}],"wp:term":[{"taxonomy":"product_cat","embeddable":true,"href":"https:\/\/moroen.com\/fr\/wp-json\/wp\/v2\/product_cat?post=799196"},{"taxonomy":"product_tag","embeddable":true,"href":"https:\/\/moroen.com\/fr\/wp-json\/wp\/v2\/product_tag?post=799196"}],"curies":[{"name":"wp","href":"https:\/\/api.w.org\/{rel}","templated":true}]}}