{"id":799197,"date":"2026-04-19T13:34:07","date_gmt":"2026-04-19T18:34:07","guid":{"rendered":"https:\/\/moroen.com\/fr\/?p=799197"},"modified":"2026-04-19T13:34:07","modified_gmt":"2026-04-19T18:34:07","slug":"salomon-acs-pro-blanc-confort-l472988","status":"publish","type":"product","link":"https:\/\/moroen.com\/fr\/produit\/salomon-acs-pro-blanc-confort-l472988\/","title":{"rendered":"Salomon ACS Pro &lsquo;Blanc Confort&rsquo; L472988"},"content":{"rendered":"<p>Pr\u00e9sentation du Salomon ACS Pro &lsquo;White Comfort&rsquo; L472988, o\u00f9 les performances de pointe rencontrent le confort ultime. Con\u00e7ues pour les amateurs de plein air, ces chaussures avanc\u00e9es sont dot\u00e9es d&rsquo;une tige en mesh r\u00e9sistante et respirante et d&rsquo;une semelle Contagrip\u00ae durable pour une traction in\u00e9gal\u00e9e. Le syst\u00e8me Agile Chassis\u2122 assure la stabilit\u00e9, tandis que la technologie Quicklace\u2122 offre un ajustement s\u00e9curis\u00e9 et personnalis\u00e9. Id\u00e9al pour divers terrains, le design blanc et \u00e9l\u00e9gant rehausse votre style \u00e0 chaque aventure. Acc\u00e9dez \u00e0 un confort et \u00e0 des performances sup\u00e9rieurs avec Salomon<\/p>\n<ul>\n<li><strong>Code style:<\/strong> L472988<\/li>\n<li><strong>Couleur:<\/strong> White<\/li>\n<\/ul>\n","protected":false},"excerpt":{"rendered":"<p>Pr\u00e9sentation du Salomon ACS Pro &lsquo;White Comfort&rsquo; L472988, o\u00f9 les performances de pointe rencontrent le confort ultime. Con\u00e7ues pour les amateurs de plein air, ces chaussures avanc\u00e9es sont dot\u00e9es d&rsquo;une tige en mesh r\u00e9sistante et respirante et d&rsquo;une semelle Contagrip\u00ae durable pour une traction in\u00e9gal\u00e9e. Le syst\u00e8me Agile Chassis\u2122 assure la stabilit\u00e9, tandis que la [&hellip;]<\/p>\n","protected":false},"featured_media":799405,"template":"","meta":{"_acf_changed":false},"product_cat":[40884],"product_tag":[10561,10564,10596,10565,40885],"class_list":{"0":"post-799197","1":"product","2":"type-product","3":"status-publish","4":"has-post-thumbnail","6":"product_cat-salomon","7":"product_tag-athleisure-shoes","8":"product_tag-lifestyle-casual-shoes","9":"product_tag-lifestyle-shoes-running-inspired","10":"product_tag-retro-running-shoes","11":"product_tag-salomon","12":"wcpa_has_options","14":"first","15":"instock","16":"shipping-taxable","17":"purchasable","18":"product-type-simple","swatches":"rey-swatches","show_selected":""},"acf":[],"wcpa_form_fields":{"rules":{"pric_overide_base_price":false,"pric_overide_base_price_if_gt_zero":false,"pric_overide_base_price_fully":false,"pric_cal_option_once":false,"pric_use_as_fee":false,"bind_quantity":false,"quantity_bind_formula":false},"fields":[{"type":"color-group","required":true,"elementId":"wcpa-color-group-66866c84d9a20","label":"Taille","inline":true,"priceOptions":"different_for_all","pricingType":"fixed","className":"product-shoes-size","name":"color-group-66866c84d9a31","disp_type":"square","selection_type":"tick-border","disp_size":"50","show_label_inside":true,"adjust_width":true,"cart_display_type":"text","other_text":"Other","cl_rule":"show","cl_val":"EU","col":6,"values":[{"label":"36","value":"EU 36","price":"","pimage":"","pimage_id":"","pthumb":"","color":"","selected":true},{"label":"36.5","value":"EU 36.5","price":"","pimage":"","pimage_id":"","pthumb":"","color":""},{"label":"37.5","value":"EU 37.5","price":"","pimage":"","pimage_id":"","pthumb":"","color":""},{"label":"38","value":"EU 38","price":"","pimage":"","pimage_id":"","pthumb":"","color":""},{"label":"38.5","value":"EU 38.5","price":"","pimage":"","pimage_id":"","pthumb":"","color":""},{"label":"39","value":"EU 39","price":"","pimage":"","pimage_id":"","pthumb":"","color":""},{"label":"40","value":"EU 40","price":"","pimage":"","pimage_id":"","pthumb":"","color":""},{"label":"40.5","value":"EU 40.5","price":"","pimage":"","pimage_id":"","pthumb":"","color":""},{"label":"41","value":"EU 41","price":"","pimage":"","pimage_id":"","pthumb":"","color":""},{"label":"42","value":"EU 42","price":"","pimage":"","pimage_id":"","pthumb":"","color":""},{"label":"42.5","value":"EU 42.5","price":"","pimage":"","pimage_id":"","pthumb":"","color":""},{"label":"43","value":"EU 43","price":"","pimage":"","pimage_id":"","pthumb":"","color":""},{"label":"44","value":"EU 44","price":"","pimage":"","pimage_id":"","pthumb":"","color":""},{"label":"44.5","value":"EU 44.5","price":"","pimage":"","pimage_id":"","pthumb":"","color":""},{"label":"45","value":"EU 45","price":"","pimage":"","pimage_id":"","pthumb":"","color":""},{"label":"45.5","value":"EU 45.5","price":"","pimage":"","pimage_id":"","pthumb":"","color":""},{"label":"46","value":"EU 46","price":"","pimage":"","pimage_id":"","pthumb":"","color":""},{"label":"47","value":"EU 47","price":"","pimage":"","pimage_id":"","pthumb":"","color":""},{"label":"47.5","value":"EU 47.5","price":"","pimage":"","pimage_id":"","pthumb":"","color":""},{"label":"48","value":"EU 48","price":"","pimage":"","pimage_id":"","pthumb":"","color":""}],"relations":[{"operator":false,"rules":[{"operator":false,"rules":{"cl_field":"wcpa-select-1763976798612","cl_relation":"is","cl_val":{"i":"0","value":"EU"}}}]}],"form_id":799609,"form_rules":{"pric_cal_option_once":false,"exclude_from_discount":false,"pric_use_as_fee":false,"fee_label":"Fee","render_after_acb":false,"disp_hide_options_price":false}}]},"_links":{"self":[{"href":"https:\/\/moroen.com\/fr\/wp-json\/wp\/v2\/product\/799197","targetHints":{"allow":["GET"]}}],"collection":[{"href":"https:\/\/moroen.com\/fr\/wp-json\/wp\/v2\/product"}],"about":[{"href":"https:\/\/moroen.com\/fr\/wp-json\/wp\/v2\/types\/product"}],"wp:featuredmedia":[{"embeddable":true,"href":"https:\/\/moroen.com\/fr\/wp-json\/wp\/v2\/media\/799405"}],"wp:attachment":[{"href":"https:\/\/moroen.com\/fr\/wp-json\/wp\/v2\/media?parent=799197"}],"wp:term":[{"taxonomy":"product_cat","embeddable":true,"href":"https:\/\/moroen.com\/fr\/wp-json\/wp\/v2\/product_cat?post=799197"},{"taxonomy":"product_tag","embeddable":true,"href":"https:\/\/moroen.com\/fr\/wp-json\/wp\/v2\/product_tag?post=799197"}],"curies":[{"name":"wp","href":"https:\/\/api.w.org\/{rel}","templated":true}]}}