{"id":799219,"date":"2026-04-19T13:34:07","date_gmt":"2026-04-19T18:34:07","guid":{"rendered":"https:\/\/moroen.com\/fr\/?p=799219"},"modified":"2026-04-19T13:34:07","modified_gmt":"2026-04-19T18:34:07","slug":"salomon-xt-6-bleu-egeen-noisette-l47293100","status":"publish","type":"product","link":"https:\/\/moroen.com\/fr\/produit\/salomon-xt-6-bleu-egeen-noisette-l47293100\/","title":{"rendered":"Salomon XT-6 &lsquo;Bleu \u00c9g\u00e9en Noisette&rsquo; L47293100"},"content":{"rendered":"<p>Pr\u00e9sentation de la Salomon XT-6 &lsquo;Aegean Blue Hazelnut&rsquo; L47293100, la chaussure pionni\u00e8re qui fusionne harmonieusement style et performance. Con\u00e7ues avec un design \u00e9l\u00e9gant et des mat\u00e9riaux haut de gamme, ces chaussures sont con\u00e7ues pour naviguer sur des terrains accident\u00e9s en toute confiance. La tige en mesh respirant assure la ventilation, tandis que la semelle ext\u00e9rieure Contagrip\u00ae assure une adh\u00e9rence sup\u00e9rieure sur toutes les surfaces. \u00c9levez vos aventures avec la Salomon XT-6 \u00ab Aegean Blue Hazelnut \u00bb, la quintessence de l&rsquo;excellence en mati\u00e8re de chaussures de plein air.<\/p>\n<ul>\n<li><strong>Coloris:<\/strong> Aegean Blue\/Tortoise Shell\/Hazelnut<\/li>\n<li><strong>Code style:<\/strong> L47293100<\/li>\n<li><strong>Tige:<\/strong> Synthetic<\/li>\n<li><strong>Semelle interm\u00e9diaire:<\/strong> EnergyCell<\/li>\n<li><strong>Ann\u00e9e de sortie:<\/strong> 2023<\/li>\n<\/ul>\n","protected":false},"excerpt":{"rendered":"<p>Pr\u00e9sentation de la Salomon XT-6 &lsquo;Aegean Blue Hazelnut&rsquo; L47293100, la chaussure pionni\u00e8re qui fusionne harmonieusement style et performance. Con\u00e7ues avec un design \u00e9l\u00e9gant et des mat\u00e9riaux haut de gamme, ces chaussures sont con\u00e7ues pour naviguer sur des terrains accident\u00e9s en toute confiance. La tige en mesh respirant assure la ventilation, tandis que la semelle ext\u00e9rieure [&hellip;]<\/p>\n","protected":false},"featured_media":799564,"template":"","meta":{"_acf_changed":false},"product_cat":[40884],"product_tag":[39203,39057,39096,11647,40885,10868],"class_list":{"0":"post-799219","1":"product","2":"type-product","3":"status-publish","4":"has-post-thumbnail","6":"product_cat-salomon","7":"product_tag-chaussures-de-randonnee","8":"product_tag-chaussures-de-sport-performance","9":"product_tag-idee-cadeau-pour-lui","10":"product_tag-lightweight-hiking-shoes","11":"product_tag-salomon","12":"product_tag-trail-running-shoes","13":"wcpa_has_options","15":"first","16":"instock","17":"shipping-taxable","18":"purchasable","19":"product-type-simple","swatches":"rey-swatches","show_selected":""},"acf":[],"wcpa_form_fields":{"rules":{"pric_overide_base_price":false,"pric_overide_base_price_if_gt_zero":false,"pric_overide_base_price_fully":false,"pric_cal_option_once":false,"pric_use_as_fee":false,"bind_quantity":false,"quantity_bind_formula":false},"fields":[{"type":"color-group","required":true,"elementId":"wcpa-color-group-66866c84d9a20","label":"Taille","inline":true,"priceOptions":"different_for_all","pricingType":"fixed","className":"product-shoes-size","name":"color-group-66866c84d9a31","disp_type":"square","selection_type":"tick-border","disp_size":"50","show_label_inside":true,"adjust_width":true,"cart_display_type":"text","other_text":"Other","cl_rule":"show","cl_val":"EU","col":6,"values":[{"label":"36","value":"EU 36","price":"","pimage":"","pimage_id":"","pthumb":"","color":"","selected":true},{"label":"36.5","value":"EU 36.5","price":"","pimage":"","pimage_id":"","pthumb":"","color":""},{"label":"37.5","value":"EU 37.5","price":"","pimage":"","pimage_id":"","pthumb":"","color":""},{"label":"38","value":"EU 38","price":"","pimage":"","pimage_id":"","pthumb":"","color":""},{"label":"38.5","value":"EU 38.5","price":"","pimage":"","pimage_id":"","pthumb":"","color":""},{"label":"39","value":"EU 39","price":"","pimage":"","pimage_id":"","pthumb":"","color":""},{"label":"40","value":"EU 40","price":"","pimage":"","pimage_id":"","pthumb":"","color":""},{"label":"40.5","value":"EU 40.5","price":"","pimage":"","pimage_id":"","pthumb":"","color":""},{"label":"41","value":"EU 41","price":"","pimage":"","pimage_id":"","pthumb":"","color":""},{"label":"42","value":"EU 42","price":"","pimage":"","pimage_id":"","pthumb":"","color":""},{"label":"42.5","value":"EU 42.5","price":"","pimage":"","pimage_id":"","pthumb":"","color":""},{"label":"43","value":"EU 43","price":"","pimage":"","pimage_id":"","pthumb":"","color":""},{"label":"44","value":"EU 44","price":"","pimage":"","pimage_id":"","pthumb":"","color":""},{"label":"44.5","value":"EU 44.5","price":"","pimage":"","pimage_id":"","pthumb":"","color":""},{"label":"45","value":"EU 45","price":"","pimage":"","pimage_id":"","pthumb":"","color":""},{"label":"45.5","value":"EU 45.5","price":"","pimage":"","pimage_id":"","pthumb":"","color":""},{"label":"46","value":"EU 46","price":"","pimage":"","pimage_id":"","pthumb":"","color":""},{"label":"47","value":"EU 47","price":"","pimage":"","pimage_id":"","pthumb":"","color":""},{"label":"47.5","value":"EU 47.5","price":"","pimage":"","pimage_id":"","pthumb":"","color":""},{"label":"48","value":"EU 48","price":"","pimage":"","pimage_id":"","pthumb":"","color":""}],"relations":[{"operator":false,"rules":[{"operator":false,"rules":{"cl_field":"wcpa-select-1763976798612","cl_relation":"is","cl_val":{"i":"0","value":"EU"}}}]}],"form_id":799609,"form_rules":{"pric_cal_option_once":false,"exclude_from_discount":false,"pric_use_as_fee":false,"fee_label":"Fee","render_after_acb":false,"disp_hide_options_price":false}}]},"_links":{"self":[{"href":"https:\/\/moroen.com\/fr\/wp-json\/wp\/v2\/product\/799219","targetHints":{"allow":["GET"]}}],"collection":[{"href":"https:\/\/moroen.com\/fr\/wp-json\/wp\/v2\/product"}],"about":[{"href":"https:\/\/moroen.com\/fr\/wp-json\/wp\/v2\/types\/product"}],"wp:featuredmedia":[{"embeddable":true,"href":"https:\/\/moroen.com\/fr\/wp-json\/wp\/v2\/media\/799564"}],"wp:attachment":[{"href":"https:\/\/moroen.com\/fr\/wp-json\/wp\/v2\/media?parent=799219"}],"wp:term":[{"taxonomy":"product_cat","embeddable":true,"href":"https:\/\/moroen.com\/fr\/wp-json\/wp\/v2\/product_cat?post=799219"},{"taxonomy":"product_tag","embeddable":true,"href":"https:\/\/moroen.com\/fr\/wp-json\/wp\/v2\/product_tag?post=799219"}],"curies":[{"name":"wp","href":"https:\/\/api.w.org\/{rel}","templated":true}]}}