{"id":290,"date":"2025-05-30T12:34:35","date_gmt":"2025-05-30T12:34:35","guid":{"rendered":"https:\/\/moroen.com\/index.php\/product\/t-shirt-with-print\/"},"modified":"2025-05-30T12:34:35","modified_gmt":"2025-05-30T12:34:35","slug":"t-shirt-with-print","status":"publish","type":"product","link":"https:\/\/moroen.com\/fr_be_\/produit\/t-shirt-with-print\/","title":{"rendered":"T-shirt with print"},"content":{"rendered":"<p>Confectionn\u00e9 avec des mat\u00e9riaux haut de gamme pour un confort et un style durables. Coupe moderne con\u00e7ue pour un usage quotidien. Lavable en machine. Import\u00e9.<\/p>","protected":false},"excerpt":{"rendered":"<p>Proactively communicate corporate process improvements via corporate scenarios. Progressively aggregate proactive data after diverse users. Rapidiously redefine front-end interfaces before go forward process improvements.<\/p>","protected":false},"featured_media":102,"template":"","meta":{"_acf_changed":false},"product_cat":[31,38,44],"product_tag":[],"class_list":{"0":"post-290","1":"product","2":"type-product","3":"status-publish","4":"has-post-thumbnail","6":"product_cat-casual-urban-wear","7":"product_cat-men","8":"product_cat-t-shirts-tops","9":"pa_brand-quisuito","11":"first","12":"instock","13":"shipping-taxable","14":"purchasable","15":"product-type-variable","swatches":"rey-swatches","show_selected":""},"acf":[],"wcpa_form_fields":null,"_links":{"self":[{"href":"https:\/\/moroen.com\/fr_be_\/wp-json\/wp\/v2\/product\/290","targetHints":{"allow":["GET"]}}],"collection":[{"href":"https:\/\/moroen.com\/fr_be_\/wp-json\/wp\/v2\/product"}],"about":[{"href":"https:\/\/moroen.com\/fr_be_\/wp-json\/wp\/v2\/types\/product"}],"wp:featuredmedia":[{"embeddable":true,"href":"https:\/\/moroen.com\/fr_be_\/wp-json\/wp\/v2\/media\/102"}],"wp:attachment":[{"href":"https:\/\/moroen.com\/fr_be_\/wp-json\/wp\/v2\/media?parent=290"}],"wp:term":[{"taxonomy":"product_cat","embeddable":true,"href":"https:\/\/moroen.com\/fr_be_\/wp-json\/wp\/v2\/product_cat?post=290"},{"taxonomy":"product_tag","embeddable":true,"href":"https:\/\/moroen.com\/fr_be_\/wp-json\/wp\/v2\/product_tag?post=290"}],"curies":[{"name":"wp","href":"https:\/\/api.w.org\/{rel}","templated":true}]}}